{"id":200,"date":"2016-03-03T20:16:33","date_gmt":"2016-03-03T23:16:33","guid":{"rendered":"http:\/\/www.movigoo.com\/WP\/?post_type=product&#038;p=200"},"modified":"2026-04-10T11:49:25","modified_gmt":"2026-04-10T15:49:25","slug":"sinurinse-recarga-x50-sachets","status":"publish","type":"product","link":"https:\/\/webstore.neilmed.com\/cl\/producto\/sinurinse-recarga-x50-sachets\/","title":{"rendered":"Sinus Rinse Recarga x50 Sachets"},"content":{"rendered":"","protected":false},"excerpt":{"rendered":"<p>La Recarga viene con 50 sobres premezclados para ser ocupados con kit SinuRinse o cualquier otro dispositivo de irrigaci\u00f3n nasal.<\/p>\n","protected":false},"featured_media":3934,"template":"","meta":{"inline_featured_image":false,"jetpack_post_was_ever_published":false,"jetpack_publicize_message":"","jetpack_publicize_feature_enabled":true,"jetpack_social_post_already_shared":false,"jetpack_social_options":{"image_generator_settings":{"template":"highway","default_image_id":0,"font":"","enabled":false},"version":2}},"product_brand":[],"product_cat":[23],"product_tag":[],"class_list":{"0":"post-200","1":"product","2":"type-product","3":"status-publish","4":"has-post-thumbnail","6":"product_cat-cuidado-nasal","8":"first","9":"instock","10":"featured","11":"shipping-taxable","12":"purchasable","13":"product-type-simple"},"yoast_head":"<!-- This site is optimized with the Yoast SEO plugin v27.4 - https:\/\/yoast.com\/product\/yoast-seo-wordpress\/ -->\n<title>Sinus Rinse Recarga x50 Sachets - NeilMed Chile Web Store<\/title>\n<meta name=\"robots\" content=\"index, follow, max-snippet:-1, max-image-preview:large, max-video-preview:-1\" \/>\n<link rel=\"canonical\" href=\"https:\/\/webstore.neilmed.com\/cl\/producto\/sinurinse-recarga-x50-sachets\/\" \/>\n<meta property=\"og:locale\" content=\"es_ES\" \/>\n<meta property=\"og:type\" content=\"article\" \/>\n<meta property=\"og:title\" content=\"Sinus Rinse Recarga x50 Sachets - NeilMed Chile Web Store\" \/>\n<meta property=\"og:description\" content=\"La Recarga viene con 50 sobres premezclados para ser ocupados con kit SinuRinse o cualquier otro dispositivo de irrigaci\u00f3n nasal.\" \/>\n<meta property=\"og:url\" content=\"https:\/\/webstore.neilmed.com\/cl\/producto\/sinurinse-recarga-x50-sachets\/\" \/>\n<meta property=\"og:site_name\" content=\"NeilMed Chile Web Store\" \/>\n<meta property=\"article:publisher\" content=\"https:\/\/www.facebook.com\/neilmedcr\" \/>\n<meta property=\"article:modified_time\" content=\"2026-04-10T15:49:25+00:00\" \/>\n<meta property=\"og:image\" content=\"https:\/\/webstore.neilmed.com\/cl\/wp-content\/uploads\/2016\/03\/2250-SPC-INT-Rev2-Right.png\" \/>\n\t<meta property=\"og:image:width\" content=\"1000\" \/>\n\t<meta property=\"og:image:height\" content=\"1000\" \/>\n\t<meta property=\"og:image:type\" content=\"image\/png\" \/>\n<meta name=\"twitter:card\" content=\"summary_large_image\" \/>\n<meta name=\"twitter:site\" content=\"@neilmed\" \/>\n<meta name=\"twitter:label1\" content=\"Tiempo estimado de lectura\" \/>\n\t<meta name=\"twitter:data1\" content=\"1 minuto\" \/>\n<script type=\"application\/ld+json\" class=\"yoast-schema-graph\">{\"@context\":\"https:\\\/\\\/schema.org\",\"@graph\":[{\"@type\":\"WebPage\",\"@id\":\"https:\\\/\\\/webstore.neilmed.com\\\/cl\\\/producto\\\/sinurinse-recarga-x50-sachets\\\/\",\"url\":\"https:\\\/\\\/webstore.neilmed.com\\\/cl\\\/producto\\\/sinurinse-recarga-x50-sachets\\\/\",\"name\":\"Sinus Rinse Recarga x50 Sachets - NeilMed Chile Web Store\",\"isPartOf\":{\"@id\":\"https:\\\/\\\/webstore.neilmed.com\\\/cl\\\/#website\"},\"primaryImageOfPage\":{\"@id\":\"https:\\\/\\\/webstore.neilmed.com\\\/cl\\\/producto\\\/sinurinse-recarga-x50-sachets\\\/#primaryimage\"},\"image\":{\"@id\":\"https:\\\/\\\/webstore.neilmed.com\\\/cl\\\/producto\\\/sinurinse-recarga-x50-sachets\\\/#primaryimage\"},\"thumbnailUrl\":\"https:\\\/\\\/webstore.neilmed.com\\\/cl\\\/wp-content\\\/uploads\\\/2016\\\/03\\\/2250-SPC-INT-Rev2-Right.png\",\"datePublished\":\"2016-03-03T23:16:33+00:00\",\"dateModified\":\"2026-04-10T15:49:25+00:00\",\"breadcrumb\":{\"@id\":\"https:\\\/\\\/webstore.neilmed.com\\\/cl\\\/producto\\\/sinurinse-recarga-x50-sachets\\\/#breadcrumb\"},\"inLanguage\":\"es-CL\",\"potentialAction\":[{\"@type\":\"ReadAction\",\"target\":[\"https:\\\/\\\/webstore.neilmed.com\\\/cl\\\/producto\\\/sinurinse-recarga-x50-sachets\\\/\"]}]},{\"@type\":\"ImageObject\",\"inLanguage\":\"es-CL\",\"@id\":\"https:\\\/\\\/webstore.neilmed.com\\\/cl\\\/producto\\\/sinurinse-recarga-x50-sachets\\\/#primaryimage\",\"url\":\"https:\\\/\\\/webstore.neilmed.com\\\/cl\\\/wp-content\\\/uploads\\\/2016\\\/03\\\/2250-SPC-INT-Rev2-Right.png\",\"contentUrl\":\"https:\\\/\\\/webstore.neilmed.com\\\/cl\\\/wp-content\\\/uploads\\\/2016\\\/03\\\/2250-SPC-INT-Rev2-Right.png\",\"width\":1000,\"height\":1000},{\"@type\":\"BreadcrumbList\",\"@id\":\"https:\\\/\\\/webstore.neilmed.com\\\/cl\\\/producto\\\/sinurinse-recarga-x50-sachets\\\/#breadcrumb\",\"itemListElement\":[{\"@type\":\"ListItem\",\"position\":1,\"name\":\"Home\",\"item\":\"https:\\\/\\\/webstore.neilmed.com\\\/cl\\\/\"},{\"@type\":\"ListItem\",\"position\":2,\"name\":\"Productos NeilMed\",\"item\":\"https:\\\/\\\/webstore.neilmed.com\\\/cl\\\/productios-neil\\\/\"},{\"@type\":\"ListItem\",\"position\":3,\"name\":\"Sinus Rinse Recarga x50 Sachets\"}]},{\"@type\":\"WebSite\",\"@id\":\"https:\\\/\\\/webstore.neilmed.com\\\/cl\\\/#website\",\"url\":\"https:\\\/\\\/webstore.neilmed.com\\\/cl\\\/\",\"name\":\"NeilMed Chile Web Store\",\"description\":\"NeilMed Chile\",\"publisher\":{\"@id\":\"https:\\\/\\\/webstore.neilmed.com\\\/cl\\\/#organization\"},\"potentialAction\":[{\"@type\":\"SearchAction\",\"target\":{\"@type\":\"EntryPoint\",\"urlTemplate\":\"https:\\\/\\\/webstore.neilmed.com\\\/cl\\\/?s={search_term_string}\"},\"query-input\":{\"@type\":\"PropertyValueSpecification\",\"valueRequired\":true,\"valueName\":\"search_term_string\"}}],\"inLanguage\":\"es-CL\"},{\"@type\":\"Organization\",\"@id\":\"https:\\\/\\\/webstore.neilmed.com\\\/cl\\\/#organization\",\"name\":\"NeilMed Chile Web Store\",\"url\":\"https:\\\/\\\/webstore.neilmed.com\\\/cl\\\/\",\"logo\":{\"@type\":\"ImageObject\",\"inLanguage\":\"es-CL\",\"@id\":\"https:\\\/\\\/webstore.neilmed.com\\\/cl\\\/#\\\/schema\\\/logo\\\/image\\\/\",\"url\":\"https:\\\/\\\/webstore.neilmed.com\\\/cl\\\/wp-content\\\/uploads\\\/2022\\\/11\\\/neilmed-LG_SR_TM.svg\",\"contentUrl\":\"https:\\\/\\\/webstore.neilmed.com\\\/cl\\\/wp-content\\\/uploads\\\/2022\\\/11\\\/neilmed-LG_SR_TM.svg\",\"width\":263,\"height\":44,\"caption\":\"NeilMed Chile Web Store\"},\"image\":{\"@id\":\"https:\\\/\\\/webstore.neilmed.com\\\/cl\\\/#\\\/schema\\\/logo\\\/image\\\/\"},\"sameAs\":[\"https:\\\/\\\/www.facebook.com\\\/neilmedcr\",\"https:\\\/\\\/x.com\\\/neilmed\",\"https:\\\/\\\/www.instagram.com\\\/neilmedchile\",\"https:\\\/\\\/www.youtube.com\\\/neilmed1\"]}]}<\/script>\n<!-- \/ Yoast SEO plugin. -->","yoast_head_json":{"title":"Sinus Rinse Recarga x50 Sachets - NeilMed Chile Web Store","robots":{"index":"index","follow":"follow","max-snippet":"max-snippet:-1","max-image-preview":"max-image-preview:large","max-video-preview":"max-video-preview:-1"},"canonical":"https:\/\/webstore.neilmed.com\/cl\/producto\/sinurinse-recarga-x50-sachets\/","og_locale":"es_ES","og_type":"article","og_title":"Sinus Rinse Recarga x50 Sachets - NeilMed Chile Web Store","og_description":"La Recarga viene con 50 sobres premezclados para ser ocupados con kit SinuRinse o cualquier otro dispositivo de irrigaci\u00f3n nasal.","og_url":"https:\/\/webstore.neilmed.com\/cl\/producto\/sinurinse-recarga-x50-sachets\/","og_site_name":"NeilMed Chile Web Store","article_publisher":"https:\/\/www.facebook.com\/neilmedcr","article_modified_time":"2026-04-10T15:49:25+00:00","og_image":[{"width":1000,"height":1000,"url":"https:\/\/webstore.neilmed.com\/cl\/wp-content\/uploads\/2016\/03\/2250-SPC-INT-Rev2-Right.png","type":"image\/png"}],"twitter_card":"summary_large_image","twitter_site":"@neilmed","twitter_misc":{"Tiempo estimado de lectura":"1 minuto"},"schema":{"@context":"https:\/\/schema.org","@graph":[{"@type":"WebPage","@id":"https:\/\/webstore.neilmed.com\/cl\/producto\/sinurinse-recarga-x50-sachets\/","url":"https:\/\/webstore.neilmed.com\/cl\/producto\/sinurinse-recarga-x50-sachets\/","name":"Sinus Rinse Recarga x50 Sachets - NeilMed Chile Web Store","isPartOf":{"@id":"https:\/\/webstore.neilmed.com\/cl\/#website"},"primaryImageOfPage":{"@id":"https:\/\/webstore.neilmed.com\/cl\/producto\/sinurinse-recarga-x50-sachets\/#primaryimage"},"image":{"@id":"https:\/\/webstore.neilmed.com\/cl\/producto\/sinurinse-recarga-x50-sachets\/#primaryimage"},"thumbnailUrl":"https:\/\/webstore.neilmed.com\/cl\/wp-content\/uploads\/2016\/03\/2250-SPC-INT-Rev2-Right.png","datePublished":"2016-03-03T23:16:33+00:00","dateModified":"2026-04-10T15:49:25+00:00","breadcrumb":{"@id":"https:\/\/webstore.neilmed.com\/cl\/producto\/sinurinse-recarga-x50-sachets\/#breadcrumb"},"inLanguage":"es-CL","potentialAction":[{"@type":"ReadAction","target":["https:\/\/webstore.neilmed.com\/cl\/producto\/sinurinse-recarga-x50-sachets\/"]}]},{"@type":"ImageObject","inLanguage":"es-CL","@id":"https:\/\/webstore.neilmed.com\/cl\/producto\/sinurinse-recarga-x50-sachets\/#primaryimage","url":"https:\/\/webstore.neilmed.com\/cl\/wp-content\/uploads\/2016\/03\/2250-SPC-INT-Rev2-Right.png","contentUrl":"https:\/\/webstore.neilmed.com\/cl\/wp-content\/uploads\/2016\/03\/2250-SPC-INT-Rev2-Right.png","width":1000,"height":1000},{"@type":"BreadcrumbList","@id":"https:\/\/webstore.neilmed.com\/cl\/producto\/sinurinse-recarga-x50-sachets\/#breadcrumb","itemListElement":[{"@type":"ListItem","position":1,"name":"Home","item":"https:\/\/webstore.neilmed.com\/cl\/"},{"@type":"ListItem","position":2,"name":"Productos NeilMed","item":"https:\/\/webstore.neilmed.com\/cl\/productios-neil\/"},{"@type":"ListItem","position":3,"name":"Sinus Rinse Recarga x50 Sachets"}]},{"@type":"WebSite","@id":"https:\/\/webstore.neilmed.com\/cl\/#website","url":"https:\/\/webstore.neilmed.com\/cl\/","name":"NeilMed Chile Web Store","description":"NeilMed Chile","publisher":{"@id":"https:\/\/webstore.neilmed.com\/cl\/#organization"},"potentialAction":[{"@type":"SearchAction","target":{"@type":"EntryPoint","urlTemplate":"https:\/\/webstore.neilmed.com\/cl\/?s={search_term_string}"},"query-input":{"@type":"PropertyValueSpecification","valueRequired":true,"valueName":"search_term_string"}}],"inLanguage":"es-CL"},{"@type":"Organization","@id":"https:\/\/webstore.neilmed.com\/cl\/#organization","name":"NeilMed Chile Web Store","url":"https:\/\/webstore.neilmed.com\/cl\/","logo":{"@type":"ImageObject","inLanguage":"es-CL","@id":"https:\/\/webstore.neilmed.com\/cl\/#\/schema\/logo\/image\/","url":"https:\/\/webstore.neilmed.com\/cl\/wp-content\/uploads\/2022\/11\/neilmed-LG_SR_TM.svg","contentUrl":"https:\/\/webstore.neilmed.com\/cl\/wp-content\/uploads\/2022\/11\/neilmed-LG_SR_TM.svg","width":263,"height":44,"caption":"NeilMed Chile Web Store"},"image":{"@id":"https:\/\/webstore.neilmed.com\/cl\/#\/schema\/logo\/image\/"},"sameAs":["https:\/\/www.facebook.com\/neilmedcr","https:\/\/x.com\/neilmed","https:\/\/www.instagram.com\/neilmedchile","https:\/\/www.youtube.com\/neilmed1"]}]}},"jetpack_publicize_connections":[],"jetpack_sharing_enabled":true,"jetpack-related-posts":[{"id":3973,"url":"https:\/\/webstore.neilmed.com\/cl\/producto\/sinus-rinse-pediatrico-recarga-x120-sachets\/","url_meta":{"origin":200,"position":0},"title":"Sinus Rinse Pedi\u00e1trico Recarga x120 sachets","author":"Ryan Mazzucchi","date":"Julio 28, 2025","format":false,"excerpt":"La recarga de 120 sobres de pH equilibrado (grado\u202fUSP) permite preparar soluciones salinas isot\u00f3nicas, sin preservantes ni yodo, compatibles con cualquier dispositivo NeilMed o similar.","rel":"","context":"Entrada similar ","block_context":{"text":"Entrada similar ","link":""},"img":{"alt_text":"sinus rinse pediatrico recarga 120 sachets","src":"https:\/\/i0.wp.com\/webstore.neilmed.com\/cl\/wp-content\/uploads\/2025\/07\/Sinus-Rinse-Pediatrico-x120-sachets.webp?resize=350%2C200&ssl=1","width":350,"height":200,"srcset":"https:\/\/i0.wp.com\/webstore.neilmed.com\/cl\/wp-content\/uploads\/2025\/07\/Sinus-Rinse-Pediatrico-x120-sachets.webp?resize=350%2C200&ssl=1 1x, https:\/\/i0.wp.com\/webstore.neilmed.com\/cl\/wp-content\/uploads\/2025\/07\/Sinus-Rinse-Pediatrico-x120-sachets.webp?resize=525%2C300&ssl=1 1.5x, https:\/\/i0.wp.com\/webstore.neilmed.com\/cl\/wp-content\/uploads\/2025\/07\/Sinus-Rinse-Pediatrico-x120-sachets.webp?resize=700%2C400&ssl=1 2x, https:\/\/i0.wp.com\/webstore.neilmed.com\/cl\/wp-content\/uploads\/2025\/07\/Sinus-Rinse-Pediatrico-x120-sachets.webp?resize=1050%2C600&ssl=1 3x"},"classes":[]},{"id":3045,"url":"https:\/\/webstore.neilmed.com\/cl\/producto\/sinus-rinse-xylitol-recarga-x-60-sachets\/","url_meta":{"origin":200,"position":1},"title":"Sinus Rinse Xylitol Recarga x60 sachets","author":"Rodrigo Cano","date":"Abril 24, 2024","format":false,"excerpt":"No burning or stinging. NeilMed Sinus rinse kit with xylitol. All natural antibacterial","rel":"","context":"Entrada similar ","block_context":{"text":"Entrada similar ","link":""},"img":{"alt_text":"","src":"https:\/\/i0.wp.com\/webstore.neilmed.com\/cl\/wp-content\/uploads\/2024\/04\/2260X-ENU-US-Rev3-Right.png?resize=350%2C200&ssl=1","width":350,"height":200,"srcset":"https:\/\/i0.wp.com\/webstore.neilmed.com\/cl\/wp-content\/uploads\/2024\/04\/2260X-ENU-US-Rev3-Right.png?resize=350%2C200&ssl=1 1x, https:\/\/i0.wp.com\/webstore.neilmed.com\/cl\/wp-content\/uploads\/2024\/04\/2260X-ENU-US-Rev3-Right.png?resize=525%2C300&ssl=1 1.5x, https:\/\/i0.wp.com\/webstore.neilmed.com\/cl\/wp-content\/uploads\/2024\/04\/2260X-ENU-US-Rev3-Right.png?resize=700%2C400&ssl=1 2x, https:\/\/i0.wp.com\/webstore.neilmed.com\/cl\/wp-content\/uploads\/2024\/04\/2260X-ENU-US-Rev3-Right.png?resize=1050%2C600&ssl=1 3x, https:\/\/i0.wp.com\/webstore.neilmed.com\/cl\/wp-content\/uploads\/2024\/04\/2260X-ENU-US-Rev3-Right.png?resize=1400%2C800&ssl=1 4x"},"classes":[]},{"id":3846,"url":"https:\/\/webstore.neilmed.com\/cl\/producto\/piercing-aftercare-fine-mist-177-ml\/","url_meta":{"origin":200,"position":2},"title":"Piercing Aftercare Fine Mist 177 ml","author":"Rodrigo Cano","date":"Junio 18, 2025","format":false,"excerpt":"El espray salino en forma de niebla fina NeilMed para el cuidado posterior de la perforaci\u00f3n con una punta de niebla especial es isot\u00f3nico, no contiene medicamentos, no contiene conservantes y no produce ardor ni escozor.","rel":"","context":"Entrada similar ","block_context":{"text":"Entrada similar ","link":""},"img":{"alt_text":"Piercing Aftercare177mL front of can","src":"https:\/\/i0.wp.com\/webstore.neilmed.com\/cl\/wp-content\/uploads\/2025\/06\/177mL-FRONT.jpg?resize=350%2C200&ssl=1","width":350,"height":200,"srcset":"https:\/\/i0.wp.com\/webstore.neilmed.com\/cl\/wp-content\/uploads\/2025\/06\/177mL-FRONT.jpg?resize=350%2C200&ssl=1 1x, https:\/\/i0.wp.com\/webstore.neilmed.com\/cl\/wp-content\/uploads\/2025\/06\/177mL-FRONT.jpg?resize=525%2C300&ssl=1 1.5x, https:\/\/i0.wp.com\/webstore.neilmed.com\/cl\/wp-content\/uploads\/2025\/06\/177mL-FRONT.jpg?resize=700%2C400&ssl=1 2x"},"classes":[]},{"id":3852,"url":"https:\/\/webstore.neilmed.com\/cl\/producto\/piercing-aftercare-fine-mist-75-ml\/","url_meta":{"origin":200,"position":3},"title":"Piercing Aftercare Fine Mist 75 ml","author":"Rodrigo Cano","date":"Junio 18, 2025","format":false,"excerpt":"El espray salino NeilMed para el cuidado posterior de la perforaci\u00f3n, con una fina niebla y una boquilla especial, es isot\u00f3nico, no contiene f\u00e1rmacos ni conservantes y no produce ardor ni escozor. Viene en formato de viaje.","rel":"","context":"Entrada similar ","block_context":{"text":"Entrada similar ","link":""},"img":{"alt_text":"Piercing Aftercare 75mL front of can","src":"https:\/\/i0.wp.com\/webstore.neilmed.com\/cl\/wp-content\/uploads\/2025\/06\/75mL-FRONT.jpg?resize=350%2C200&ssl=1","width":350,"height":200,"srcset":"https:\/\/i0.wp.com\/webstore.neilmed.com\/cl\/wp-content\/uploads\/2025\/06\/75mL-FRONT.jpg?resize=350%2C200&ssl=1 1x, https:\/\/i0.wp.com\/webstore.neilmed.com\/cl\/wp-content\/uploads\/2025\/06\/75mL-FRONT.jpg?resize=525%2C300&ssl=1 1.5x, https:\/\/i0.wp.com\/webstore.neilmed.com\/cl\/wp-content\/uploads\/2025\/06\/75mL-FRONT.jpg?resize=700%2C400&ssl=1 2x"},"classes":[]},{"id":2309,"url":"https:\/\/webstore.neilmed.com\/cl\/producto\/sinus-rinse-kit-with-xylitol\/","url_meta":{"origin":200,"position":4},"title":"Sinus Rinse Kit with Xylitol","author":"NeilMed Chile","date":"Marzo 13, 2023","format":false,"excerpt":"No burning or stinging. NeilMed Sinus rinse kit with xylitol. All natural antibacterial","rel":"","context":"Entrada similar ","block_context":{"text":"Entrada similar ","link":""},"img":{"alt_text":"","src":"https:\/\/i0.wp.com\/webstore.neilmed.com\/cl\/wp-content\/uploads\/2023\/03\/SinusRinse-Kit-Xylitol-MAIN.png?resize=350%2C200&ssl=1","width":350,"height":200,"srcset":"https:\/\/i0.wp.com\/webstore.neilmed.com\/cl\/wp-content\/uploads\/2023\/03\/SinusRinse-Kit-Xylitol-MAIN.png?resize=350%2C200&ssl=1 1x, https:\/\/i0.wp.com\/webstore.neilmed.com\/cl\/wp-content\/uploads\/2023\/03\/SinusRinse-Kit-Xylitol-MAIN.png?resize=525%2C300&ssl=1 1.5x, https:\/\/i0.wp.com\/webstore.neilmed.com\/cl\/wp-content\/uploads\/2023\/03\/SinusRinse-Kit-Xylitol-MAIN.png?resize=700%2C400&ssl=1 2x"},"classes":[]},{"id":197,"url":"https:\/\/webstore.neilmed.com\/cl\/producto\/sinurinse-kit-x60-sachets\/","url_meta":{"origin":200,"position":5},"title":"Sinus Rinse Kit x60 Sachets","author":"Rodrigo Cano","date":"Marzo 3, 2016","format":false,"excerpt":"Kit de higiene e hidrataci\u00f3n diaria para las fosas nasales y senos paranasales en base a una soluci\u00f3n salina con sistema de lavado de gran volumen y baja presi\u00f3n.","rel":"","context":"Entrada similar ","block_context":{"text":"Entrada similar ","link":""},"img":{"alt_text":"","src":"https:\/\/i0.wp.com\/webstore.neilmed.com\/cl\/wp-content\/uploads\/2016\/03\/2101-SPD-INT-Rev2-Main.jpg?resize=350%2C200&ssl=1","width":350,"height":200,"srcset":"https:\/\/i0.wp.com\/webstore.neilmed.com\/cl\/wp-content\/uploads\/2016\/03\/2101-SPD-INT-Rev2-Main.jpg?resize=350%2C200&ssl=1 1x, https:\/\/i0.wp.com\/webstore.neilmed.com\/cl\/wp-content\/uploads\/2016\/03\/2101-SPD-INT-Rev2-Main.jpg?resize=525%2C300&ssl=1 1.5x, https:\/\/i0.wp.com\/webstore.neilmed.com\/cl\/wp-content\/uploads\/2016\/03\/2101-SPD-INT-Rev2-Main.jpg?resize=700%2C400&ssl=1 2x"},"classes":[]}],"_links":{"self":[{"href":"https:\/\/webstore.neilmed.com\/cl\/wp-json\/wp\/v2\/product\/200","targetHints":{"allow":["GET"]}}],"collection":[{"href":"https:\/\/webstore.neilmed.com\/cl\/wp-json\/wp\/v2\/product"}],"about":[{"href":"https:\/\/webstore.neilmed.com\/cl\/wp-json\/wp\/v2\/types\/product"}],"version-history":[{"count":2,"href":"https:\/\/webstore.neilmed.com\/cl\/wp-json\/wp\/v2\/product\/200\/revisions"}],"predecessor-version":[{"id":1903,"href":"https:\/\/webstore.neilmed.com\/cl\/wp-json\/wp\/v2\/product\/200\/revisions\/1903"}],"wp:featuredmedia":[{"embeddable":true,"href":"https:\/\/webstore.neilmed.com\/cl\/wp-json\/wp\/v2\/media\/3934"}],"wp:attachment":[{"href":"https:\/\/webstore.neilmed.com\/cl\/wp-json\/wp\/v2\/media?parent=200"}],"wp:term":[{"taxonomy":"product_brand","embeddable":true,"href":"https:\/\/webstore.neilmed.com\/cl\/wp-json\/wp\/v2\/product_brand?post=200"},{"taxonomy":"product_cat","embeddable":true,"href":"https:\/\/webstore.neilmed.com\/cl\/wp-json\/wp\/v2\/product_cat?post=200"},{"taxonomy":"product_tag","embeddable":true,"href":"https:\/\/webstore.neilmed.com\/cl\/wp-json\/wp\/v2\/product_tag?post=200"}],"curies":[{"name":"wp","href":"https:\/\/api.w.org\/{rel}","templated":true}]}}