{"id":3045,"date":"2024-04-24T13:30:58","date_gmt":"2024-04-24T17:30:58","guid":{"rendered":"https:\/\/webstore.neilmed.com\/cl\/?post_type=product&#038;p=3045"},"modified":"2025-07-28T17:57:01","modified_gmt":"2025-07-28T21:57:01","slug":"sinus-rinse-xylitol-recarga-x-60-sachets","status":"publish","type":"product","link":"https:\/\/webstore.neilmed.com\/cl\/producto\/sinus-rinse-xylitol-recarga-x-60-sachets\/","title":{"rendered":"Sinus Rinse Xylitol Recarga x60 sachets"},"content":{"rendered":"<p>Los beneficios de los lavados nasales con xilitol incluyen:<\/p>\n<p>1. Hidrataci\u00f3n: El xilitol ayuda a retener la humedad en las membranas nasales, lo que puede aliviar la sequedad y la irritaci\u00f3n en la nariz.<\/p>\n<p>2. Reducci\u00f3n de la congesti\u00f3n: El lavado nasal con xilitol puede ayudar a eliminar el exceso de moco y las part\u00edculas irritantes de las v\u00edas respiratorias superiores, lo que puede aliviar la congesti\u00f3n nasal y facilitar la respiraci\u00f3n.<\/p>\n<p>3. Acci\u00f3n antimicrobiana: El xilitol ha demostrado tener ciertas propiedades antimicrobianas, lo que significa que puede ayudar a reducir la proliferaci\u00f3n de bacterias y otros pat\u00f3genos en las fosas nasales.<\/p>\n<p>4. Efecto antiinflamatorio: Al reducir la irritaci\u00f3n y la inflamaci\u00f3n en las v\u00edas respiratorias, el xilitol puede contribuir a una mayor comodidad respiratoria.<\/p>\n<p>Store between 59\u00b0F and 86\u00b0F (15\u00b0C to 30\u00b0C).<\/p>\n","protected":false},"excerpt":{"rendered":"<p>No burning or stinging. NeilMed Sinus rinse kit with xylitol. All natural antibacterial<\/p>\n","protected":false},"featured_media":3046,"template":"","meta":{"inline_featured_image":false,"jetpack_post_was_ever_published":false,"jetpack_publicize_message":"","jetpack_publicize_feature_enabled":true,"jetpack_social_post_already_shared":true,"jetpack_social_options":{"image_generator_settings":{"template":"highway","default_image_id":0,"font":"","enabled":false},"version":2}},"product_brand":[],"product_cat":[23],"product_tag":[55],"class_list":{"0":"post-3045","1":"product","2":"type-product","3":"status-publish","4":"has-post-thumbnail","6":"product_cat-cuidado-nasal","7":"product_tag-cuidado-nasal","9":"first","10":"instock","11":"featured","12":"shipping-taxable","13":"purchasable","14":"product-type-simple"},"yoast_head":"<!-- This site is optimized with the Yoast SEO plugin v27.4 - https:\/\/yoast.com\/product\/yoast-seo-wordpress\/ -->\n<title>Sinus Rinse Xylitol Recarga x60 sachets - NeilMed Chile Web Store<\/title>\n<meta name=\"robots\" content=\"index, follow, max-snippet:-1, max-image-preview:large, max-video-preview:-1\" \/>\n<link rel=\"canonical\" href=\"https:\/\/webstore.neilmed.com\/cl\/producto\/sinus-rinse-xylitol-recarga-x-60-sachets\/\" \/>\n<meta property=\"og:locale\" content=\"es_ES\" \/>\n<meta property=\"og:type\" content=\"article\" \/>\n<meta property=\"og:title\" content=\"Sinus Rinse Xylitol Recarga x60 sachets - NeilMed Chile Web Store\" \/>\n<meta property=\"og:description\" content=\"No burning or stinging. NeilMed Sinus rinse kit with xylitol. All natural antibacterial\" \/>\n<meta property=\"og:url\" content=\"https:\/\/webstore.neilmed.com\/cl\/producto\/sinus-rinse-xylitol-recarga-x-60-sachets\/\" \/>\n<meta property=\"og:site_name\" content=\"NeilMed Chile Web Store\" \/>\n<meta property=\"article:publisher\" content=\"https:\/\/www.facebook.com\/neilmedcr\" \/>\n<meta property=\"article:modified_time\" content=\"2025-07-28T21:57:01+00:00\" \/>\n<meta property=\"og:image\" content=\"https:\/\/webstore.neilmed.com\/cl\/wp-content\/uploads\/2024\/04\/2260X-ENU-US-Rev3-Right.png\" \/>\n\t<meta property=\"og:image:width\" content=\"1500\" \/>\n\t<meta property=\"og:image:height\" content=\"1500\" \/>\n\t<meta property=\"og:image:type\" content=\"image\/png\" \/>\n<meta name=\"twitter:card\" content=\"summary_large_image\" \/>\n<meta name=\"twitter:site\" content=\"@neilmed\" \/>\n<meta name=\"twitter:label1\" content=\"Tiempo estimado de lectura\" \/>\n\t<meta name=\"twitter:data1\" content=\"1 minuto\" \/>\n<script type=\"application\/ld+json\" class=\"yoast-schema-graph\">{\"@context\":\"https:\\\/\\\/schema.org\",\"@graph\":[{\"@type\":\"WebPage\",\"@id\":\"https:\\\/\\\/webstore.neilmed.com\\\/cl\\\/producto\\\/sinus-rinse-xylitol-recarga-x-60-sachets\\\/\",\"url\":\"https:\\\/\\\/webstore.neilmed.com\\\/cl\\\/producto\\\/sinus-rinse-xylitol-recarga-x-60-sachets\\\/\",\"name\":\"Sinus Rinse Xylitol Recarga x60 sachets - NeilMed Chile Web Store\",\"isPartOf\":{\"@id\":\"https:\\\/\\\/webstore.neilmed.com\\\/cl\\\/#website\"},\"primaryImageOfPage\":{\"@id\":\"https:\\\/\\\/webstore.neilmed.com\\\/cl\\\/producto\\\/sinus-rinse-xylitol-recarga-x-60-sachets\\\/#primaryimage\"},\"image\":{\"@id\":\"https:\\\/\\\/webstore.neilmed.com\\\/cl\\\/producto\\\/sinus-rinse-xylitol-recarga-x-60-sachets\\\/#primaryimage\"},\"thumbnailUrl\":\"https:\\\/\\\/webstore.neilmed.com\\\/cl\\\/wp-content\\\/uploads\\\/2024\\\/04\\\/2260X-ENU-US-Rev3-Right.png\",\"datePublished\":\"2024-04-24T17:30:58+00:00\",\"dateModified\":\"2025-07-28T21:57:01+00:00\",\"breadcrumb\":{\"@id\":\"https:\\\/\\\/webstore.neilmed.com\\\/cl\\\/producto\\\/sinus-rinse-xylitol-recarga-x-60-sachets\\\/#breadcrumb\"},\"inLanguage\":\"es-CL\",\"potentialAction\":[{\"@type\":\"ReadAction\",\"target\":[\"https:\\\/\\\/webstore.neilmed.com\\\/cl\\\/producto\\\/sinus-rinse-xylitol-recarga-x-60-sachets\\\/\"]}]},{\"@type\":\"ImageObject\",\"inLanguage\":\"es-CL\",\"@id\":\"https:\\\/\\\/webstore.neilmed.com\\\/cl\\\/producto\\\/sinus-rinse-xylitol-recarga-x-60-sachets\\\/#primaryimage\",\"url\":\"https:\\\/\\\/webstore.neilmed.com\\\/cl\\\/wp-content\\\/uploads\\\/2024\\\/04\\\/2260X-ENU-US-Rev3-Right.png\",\"contentUrl\":\"https:\\\/\\\/webstore.neilmed.com\\\/cl\\\/wp-content\\\/uploads\\\/2024\\\/04\\\/2260X-ENU-US-Rev3-Right.png\",\"width\":1500,\"height\":1500},{\"@type\":\"BreadcrumbList\",\"@id\":\"https:\\\/\\\/webstore.neilmed.com\\\/cl\\\/producto\\\/sinus-rinse-xylitol-recarga-x-60-sachets\\\/#breadcrumb\",\"itemListElement\":[{\"@type\":\"ListItem\",\"position\":1,\"name\":\"Home\",\"item\":\"https:\\\/\\\/webstore.neilmed.com\\\/cl\\\/\"},{\"@type\":\"ListItem\",\"position\":2,\"name\":\"Productos NeilMed\",\"item\":\"https:\\\/\\\/webstore.neilmed.com\\\/cl\\\/productios-neil\\\/\"},{\"@type\":\"ListItem\",\"position\":3,\"name\":\"Sinus Rinse Xylitol Recarga x60 sachets\"}]},{\"@type\":\"WebSite\",\"@id\":\"https:\\\/\\\/webstore.neilmed.com\\\/cl\\\/#website\",\"url\":\"https:\\\/\\\/webstore.neilmed.com\\\/cl\\\/\",\"name\":\"NeilMed Chile Web Store\",\"description\":\"NeilMed Chile\",\"publisher\":{\"@id\":\"https:\\\/\\\/webstore.neilmed.com\\\/cl\\\/#organization\"},\"potentialAction\":[{\"@type\":\"SearchAction\",\"target\":{\"@type\":\"EntryPoint\",\"urlTemplate\":\"https:\\\/\\\/webstore.neilmed.com\\\/cl\\\/?s={search_term_string}\"},\"query-input\":{\"@type\":\"PropertyValueSpecification\",\"valueRequired\":true,\"valueName\":\"search_term_string\"}}],\"inLanguage\":\"es-CL\"},{\"@type\":\"Organization\",\"@id\":\"https:\\\/\\\/webstore.neilmed.com\\\/cl\\\/#organization\",\"name\":\"NeilMed Chile Web Store\",\"url\":\"https:\\\/\\\/webstore.neilmed.com\\\/cl\\\/\",\"logo\":{\"@type\":\"ImageObject\",\"inLanguage\":\"es-CL\",\"@id\":\"https:\\\/\\\/webstore.neilmed.com\\\/cl\\\/#\\\/schema\\\/logo\\\/image\\\/\",\"url\":\"https:\\\/\\\/webstore.neilmed.com\\\/cl\\\/wp-content\\\/uploads\\\/2022\\\/11\\\/neilmed-LG_SR_TM.svg\",\"contentUrl\":\"https:\\\/\\\/webstore.neilmed.com\\\/cl\\\/wp-content\\\/uploads\\\/2022\\\/11\\\/neilmed-LG_SR_TM.svg\",\"width\":263,\"height\":44,\"caption\":\"NeilMed Chile Web Store\"},\"image\":{\"@id\":\"https:\\\/\\\/webstore.neilmed.com\\\/cl\\\/#\\\/schema\\\/logo\\\/image\\\/\"},\"sameAs\":[\"https:\\\/\\\/www.facebook.com\\\/neilmedcr\",\"https:\\\/\\\/x.com\\\/neilmed\",\"https:\\\/\\\/www.instagram.com\\\/neilmedchile\",\"https:\\\/\\\/www.youtube.com\\\/neilmed1\"]}]}<\/script>\n<!-- \/ Yoast SEO plugin. -->","yoast_head_json":{"title":"Sinus Rinse Xylitol Recarga x60 sachets - NeilMed Chile Web Store","robots":{"index":"index","follow":"follow","max-snippet":"max-snippet:-1","max-image-preview":"max-image-preview:large","max-video-preview":"max-video-preview:-1"},"canonical":"https:\/\/webstore.neilmed.com\/cl\/producto\/sinus-rinse-xylitol-recarga-x-60-sachets\/","og_locale":"es_ES","og_type":"article","og_title":"Sinus Rinse Xylitol Recarga x60 sachets - NeilMed Chile Web Store","og_description":"No burning or stinging. NeilMed Sinus rinse kit with xylitol. All natural antibacterial","og_url":"https:\/\/webstore.neilmed.com\/cl\/producto\/sinus-rinse-xylitol-recarga-x-60-sachets\/","og_site_name":"NeilMed Chile Web Store","article_publisher":"https:\/\/www.facebook.com\/neilmedcr","article_modified_time":"2025-07-28T21:57:01+00:00","og_image":[{"width":1500,"height":1500,"url":"https:\/\/webstore.neilmed.com\/cl\/wp-content\/uploads\/2024\/04\/2260X-ENU-US-Rev3-Right.png","type":"image\/png"}],"twitter_card":"summary_large_image","twitter_site":"@neilmed","twitter_misc":{"Tiempo estimado de lectura":"1 minuto"},"schema":{"@context":"https:\/\/schema.org","@graph":[{"@type":"WebPage","@id":"https:\/\/webstore.neilmed.com\/cl\/producto\/sinus-rinse-xylitol-recarga-x-60-sachets\/","url":"https:\/\/webstore.neilmed.com\/cl\/producto\/sinus-rinse-xylitol-recarga-x-60-sachets\/","name":"Sinus Rinse Xylitol Recarga x60 sachets - NeilMed Chile Web Store","isPartOf":{"@id":"https:\/\/webstore.neilmed.com\/cl\/#website"},"primaryImageOfPage":{"@id":"https:\/\/webstore.neilmed.com\/cl\/producto\/sinus-rinse-xylitol-recarga-x-60-sachets\/#primaryimage"},"image":{"@id":"https:\/\/webstore.neilmed.com\/cl\/producto\/sinus-rinse-xylitol-recarga-x-60-sachets\/#primaryimage"},"thumbnailUrl":"https:\/\/webstore.neilmed.com\/cl\/wp-content\/uploads\/2024\/04\/2260X-ENU-US-Rev3-Right.png","datePublished":"2024-04-24T17:30:58+00:00","dateModified":"2025-07-28T21:57:01+00:00","breadcrumb":{"@id":"https:\/\/webstore.neilmed.com\/cl\/producto\/sinus-rinse-xylitol-recarga-x-60-sachets\/#breadcrumb"},"inLanguage":"es-CL","potentialAction":[{"@type":"ReadAction","target":["https:\/\/webstore.neilmed.com\/cl\/producto\/sinus-rinse-xylitol-recarga-x-60-sachets\/"]}]},{"@type":"ImageObject","inLanguage":"es-CL","@id":"https:\/\/webstore.neilmed.com\/cl\/producto\/sinus-rinse-xylitol-recarga-x-60-sachets\/#primaryimage","url":"https:\/\/webstore.neilmed.com\/cl\/wp-content\/uploads\/2024\/04\/2260X-ENU-US-Rev3-Right.png","contentUrl":"https:\/\/webstore.neilmed.com\/cl\/wp-content\/uploads\/2024\/04\/2260X-ENU-US-Rev3-Right.png","width":1500,"height":1500},{"@type":"BreadcrumbList","@id":"https:\/\/webstore.neilmed.com\/cl\/producto\/sinus-rinse-xylitol-recarga-x-60-sachets\/#breadcrumb","itemListElement":[{"@type":"ListItem","position":1,"name":"Home","item":"https:\/\/webstore.neilmed.com\/cl\/"},{"@type":"ListItem","position":2,"name":"Productos NeilMed","item":"https:\/\/webstore.neilmed.com\/cl\/productios-neil\/"},{"@type":"ListItem","position":3,"name":"Sinus Rinse Xylitol Recarga x60 sachets"}]},{"@type":"WebSite","@id":"https:\/\/webstore.neilmed.com\/cl\/#website","url":"https:\/\/webstore.neilmed.com\/cl\/","name":"NeilMed Chile Web Store","description":"NeilMed Chile","publisher":{"@id":"https:\/\/webstore.neilmed.com\/cl\/#organization"},"potentialAction":[{"@type":"SearchAction","target":{"@type":"EntryPoint","urlTemplate":"https:\/\/webstore.neilmed.com\/cl\/?s={search_term_string}"},"query-input":{"@type":"PropertyValueSpecification","valueRequired":true,"valueName":"search_term_string"}}],"inLanguage":"es-CL"},{"@type":"Organization","@id":"https:\/\/webstore.neilmed.com\/cl\/#organization","name":"NeilMed Chile Web Store","url":"https:\/\/webstore.neilmed.com\/cl\/","logo":{"@type":"ImageObject","inLanguage":"es-CL","@id":"https:\/\/webstore.neilmed.com\/cl\/#\/schema\/logo\/image\/","url":"https:\/\/webstore.neilmed.com\/cl\/wp-content\/uploads\/2022\/11\/neilmed-LG_SR_TM.svg","contentUrl":"https:\/\/webstore.neilmed.com\/cl\/wp-content\/uploads\/2022\/11\/neilmed-LG_SR_TM.svg","width":263,"height":44,"caption":"NeilMed Chile Web Store"},"image":{"@id":"https:\/\/webstore.neilmed.com\/cl\/#\/schema\/logo\/image\/"},"sameAs":["https:\/\/www.facebook.com\/neilmedcr","https:\/\/x.com\/neilmed","https:\/\/www.instagram.com\/neilmedchile","https:\/\/www.youtube.com\/neilmed1"]}]}},"jetpack_publicize_connections":[],"jetpack_sharing_enabled":true,"jetpack-related-posts":[{"id":2309,"url":"https:\/\/webstore.neilmed.com\/cl\/producto\/sinus-rinse-kit-with-xylitol\/","url_meta":{"origin":3045,"position":0},"title":"Sinus Rinse Kit with Xylitol","author":"NeilMed Chile","date":"Marzo 13, 2023","format":false,"excerpt":"No burning or stinging. NeilMed Sinus rinse kit with xylitol. All natural antibacterial","rel":"","context":"Entrada similar ","block_context":{"text":"Entrada similar ","link":""},"img":{"alt_text":"","src":"https:\/\/i0.wp.com\/webstore.neilmed.com\/cl\/wp-content\/uploads\/2023\/03\/SinusRinse-Kit-Xylitol-MAIN.png?resize=350%2C200&ssl=1","width":350,"height":200,"srcset":"https:\/\/i0.wp.com\/webstore.neilmed.com\/cl\/wp-content\/uploads\/2023\/03\/SinusRinse-Kit-Xylitol-MAIN.png?resize=350%2C200&ssl=1 1x, https:\/\/i0.wp.com\/webstore.neilmed.com\/cl\/wp-content\/uploads\/2023\/03\/SinusRinse-Kit-Xylitol-MAIN.png?resize=525%2C300&ssl=1 1.5x, https:\/\/i0.wp.com\/webstore.neilmed.com\/cl\/wp-content\/uploads\/2023\/03\/SinusRinse-Kit-Xylitol-MAIN.png?resize=700%2C400&ssl=1 2x"},"classes":[]},{"id":203,"url":"https:\/\/webstore.neilmed.com\/cl\/producto\/nasamist-isotonico-75ml\/","url_meta":{"origin":3045,"position":1},"title":"Nasamist Isot\u00f3nico 75ml","author":"Rodrigo Cano","date":"Marzo 3, 2016","format":false,"excerpt":"Spray nasal de soluci\u00f3n salina que ayuda aliviar las alergias, irritaci\u00f3n nasal, sequedad y la congesti\u00f3n del resfriado com\u00fan o gripe. Hidrata y lubrica los conductos nasales secos para adultos, ni\u00f1os y beb\u00e9s de un a\u00f1o en adelante.","rel":"","context":"Entrada similar ","block_context":{"text":"Entrada similar ","link":""},"img":{"alt_text":"NasaMist Isotonic Product Box","src":"https:\/\/i0.wp.com\/webstore.neilmed.com\/cl\/wp-content\/uploads\/2016\/03\/2701-SPD-INT-Rev1-RIGHT.png?resize=350%2C200&ssl=1","width":350,"height":200,"srcset":"https:\/\/i0.wp.com\/webstore.neilmed.com\/cl\/wp-content\/uploads\/2016\/03\/2701-SPD-INT-Rev1-RIGHT.png?resize=350%2C200&ssl=1 1x, https:\/\/i0.wp.com\/webstore.neilmed.com\/cl\/wp-content\/uploads\/2016\/03\/2701-SPD-INT-Rev1-RIGHT.png?resize=525%2C300&ssl=1 1.5x, https:\/\/i0.wp.com\/webstore.neilmed.com\/cl\/wp-content\/uploads\/2016\/03\/2701-SPD-INT-Rev1-RIGHT.png?resize=700%2C400&ssl=1 2x"},"classes":[]},{"id":195,"url":"https:\/\/webstore.neilmed.com\/cl\/producto\/pediamist-isotonico-75ml\/","url_meta":{"origin":3045,"position":2},"title":"Pediamist Isot\u00f3nico 75ml","author":"Rodrigo Cano","date":"Marzo 3, 2016","format":false,"excerpt":"Spray nasal de soluci\u00f3n salina, especialmente dise\u00f1ado para ni\u00f1os y beb\u00e9s de 1 a\u00f1o en adelante. Ayuda aliviar las alergias, irritaci\u00f3n nasal, sequedad y la congesti\u00f3n del resfriado com\u00fan o gripe. Hidrata y lubrica los conductos nasales secos.","rel":"","context":"Entrada similar ","block_context":{"text":"Entrada similar ","link":""},"img":{"alt_text":"","src":"https:\/\/i0.wp.com\/webstore.neilmed.com\/cl\/wp-content\/uploads\/2016\/03\/2701P-SPD-INT-Rev1-Right-SPA.jpg?resize=350%2C200&ssl=1","width":350,"height":200,"srcset":"https:\/\/i0.wp.com\/webstore.neilmed.com\/cl\/wp-content\/uploads\/2016\/03\/2701P-SPD-INT-Rev1-Right-SPA.jpg?resize=350%2C200&ssl=1 1x, https:\/\/i0.wp.com\/webstore.neilmed.com\/cl\/wp-content\/uploads\/2016\/03\/2701P-SPD-INT-Rev1-Right-SPA.jpg?resize=525%2C300&ssl=1 1.5x, https:\/\/i0.wp.com\/webstore.neilmed.com\/cl\/wp-content\/uploads\/2016\/03\/2701P-SPD-INT-Rev1-Right-SPA.jpg?resize=700%2C400&ssl=1 2x"},"classes":[]},{"id":3973,"url":"https:\/\/webstore.neilmed.com\/cl\/producto\/sinus-rinse-pediatrico-recarga-x120-sachets\/","url_meta":{"origin":3045,"position":3},"title":"Sinus Rinse Pedi\u00e1trico Recarga x120 sachets","author":"Ryan Mazzucchi","date":"Julio 28, 2025","format":false,"excerpt":"La recarga de 120 sobres de pH equilibrado (grado\u202fUSP) permite preparar soluciones salinas isot\u00f3nicas, sin preservantes ni yodo, compatibles con cualquier dispositivo NeilMed o similar.","rel":"","context":"Entrada similar ","block_context":{"text":"Entrada similar ","link":""},"img":{"alt_text":"sinus rinse pediatrico recarga 120 sachets","src":"https:\/\/i0.wp.com\/webstore.neilmed.com\/cl\/wp-content\/uploads\/2025\/07\/Sinus-Rinse-Pediatrico-x120-sachets.webp?resize=350%2C200&ssl=1","width":350,"height":200,"srcset":"https:\/\/i0.wp.com\/webstore.neilmed.com\/cl\/wp-content\/uploads\/2025\/07\/Sinus-Rinse-Pediatrico-x120-sachets.webp?resize=350%2C200&ssl=1 1x, https:\/\/i0.wp.com\/webstore.neilmed.com\/cl\/wp-content\/uploads\/2025\/07\/Sinus-Rinse-Pediatrico-x120-sachets.webp?resize=525%2C300&ssl=1 1.5x, https:\/\/i0.wp.com\/webstore.neilmed.com\/cl\/wp-content\/uploads\/2025\/07\/Sinus-Rinse-Pediatrico-x120-sachets.webp?resize=700%2C400&ssl=1 2x, https:\/\/i0.wp.com\/webstore.neilmed.com\/cl\/wp-content\/uploads\/2025\/07\/Sinus-Rinse-Pediatrico-x120-sachets.webp?resize=1050%2C600&ssl=1 3x"},"classes":[]},{"id":196,"url":"https:\/\/webstore.neilmed.com\/cl\/producto\/neilmed-naspira\/","url_meta":{"origin":3045,"position":4},"title":"NeilMed Naspira","author":"Rodrigo Cano","date":"Marzo 3, 2016","format":false,"excerpt":"Naspira es el aspirador nasal m\u00e1s innovador del mercado para remover las mucosidades de la delicada nariz del beb\u00e9, aliviando de forma eficaz y r\u00e1pida. Su exclusivo dise\u00f1o combina aspectos de seguridad y calidad. Cuenta con un formato 2 en 1, el cual puede ser utilizado como un aspirador o\u2026","rel":"","context":"Entrada similar ","block_context":{"text":"Entrada similar ","link":""},"img":{"alt_text":"","src":"https:\/\/i0.wp.com\/webstore.neilmed.com\/cl\/wp-content\/uploads\/2016\/03\/NOA-0R-48-SPA-INT_Rev6-Front-Panel.png?resize=350%2C200&ssl=1","width":350,"height":200,"srcset":"https:\/\/i0.wp.com\/webstore.neilmed.com\/cl\/wp-content\/uploads\/2016\/03\/NOA-0R-48-SPA-INT_Rev6-Front-Panel.png?resize=350%2C200&ssl=1 1x, https:\/\/i0.wp.com\/webstore.neilmed.com\/cl\/wp-content\/uploads\/2016\/03\/NOA-0R-48-SPA-INT_Rev6-Front-Panel.png?resize=525%2C300&ssl=1 1.5x, https:\/\/i0.wp.com\/webstore.neilmed.com\/cl\/wp-content\/uploads\/2016\/03\/NOA-0R-48-SPA-INT_Rev6-Front-Panel.png?resize=700%2C400&ssl=1 2x, https:\/\/i0.wp.com\/webstore.neilmed.com\/cl\/wp-content\/uploads\/2016\/03\/NOA-0R-48-SPA-INT_Rev6-Front-Panel.png?resize=1050%2C600&ssl=1 3x, https:\/\/i0.wp.com\/webstore.neilmed.com\/cl\/wp-content\/uploads\/2016\/03\/NOA-0R-48-SPA-INT_Rev6-Front-Panel.png?resize=1400%2C800&ssl=1 4x"},"classes":[]},{"id":197,"url":"https:\/\/webstore.neilmed.com\/cl\/producto\/sinurinse-kit-x60-sachets\/","url_meta":{"origin":3045,"position":5},"title":"Sinus Rinse Kit x60 Sachets","author":"Rodrigo Cano","date":"Marzo 3, 2016","format":false,"excerpt":"Kit de higiene e hidrataci\u00f3n diaria para las fosas nasales y senos paranasales en base a una soluci\u00f3n salina con sistema de lavado de gran volumen y baja presi\u00f3n.","rel":"","context":"Entrada similar ","block_context":{"text":"Entrada similar ","link":""},"img":{"alt_text":"","src":"https:\/\/i0.wp.com\/webstore.neilmed.com\/cl\/wp-content\/uploads\/2016\/03\/2101-SPD-INT-Rev2-Main.jpg?resize=350%2C200&ssl=1","width":350,"height":200,"srcset":"https:\/\/i0.wp.com\/webstore.neilmed.com\/cl\/wp-content\/uploads\/2016\/03\/2101-SPD-INT-Rev2-Main.jpg?resize=350%2C200&ssl=1 1x, https:\/\/i0.wp.com\/webstore.neilmed.com\/cl\/wp-content\/uploads\/2016\/03\/2101-SPD-INT-Rev2-Main.jpg?resize=525%2C300&ssl=1 1.5x, https:\/\/i0.wp.com\/webstore.neilmed.com\/cl\/wp-content\/uploads\/2016\/03\/2101-SPD-INT-Rev2-Main.jpg?resize=700%2C400&ssl=1 2x"},"classes":[]}],"_links":{"self":[{"href":"https:\/\/webstore.neilmed.com\/cl\/wp-json\/wp\/v2\/product\/3045","targetHints":{"allow":["GET"]}}],"collection":[{"href":"https:\/\/webstore.neilmed.com\/cl\/wp-json\/wp\/v2\/product"}],"about":[{"href":"https:\/\/webstore.neilmed.com\/cl\/wp-json\/wp\/v2\/types\/product"}],"version-history":[{"count":5,"href":"https:\/\/webstore.neilmed.com\/cl\/wp-json\/wp\/v2\/product\/3045\/revisions"}],"predecessor-version":[{"id":4001,"href":"https:\/\/webstore.neilmed.com\/cl\/wp-json\/wp\/v2\/product\/3045\/revisions\/4001"}],"wp:featuredmedia":[{"embeddable":true,"href":"https:\/\/webstore.neilmed.com\/cl\/wp-json\/wp\/v2\/media\/3046"}],"wp:attachment":[{"href":"https:\/\/webstore.neilmed.com\/cl\/wp-json\/wp\/v2\/media?parent=3045"}],"wp:term":[{"taxonomy":"product_brand","embeddable":true,"href":"https:\/\/webstore.neilmed.com\/cl\/wp-json\/wp\/v2\/product_brand?post=3045"},{"taxonomy":"product_cat","embeddable":true,"href":"https:\/\/webstore.neilmed.com\/cl\/wp-json\/wp\/v2\/product_cat?post=3045"},{"taxonomy":"product_tag","embeddable":true,"href":"https:\/\/webstore.neilmed.com\/cl\/wp-json\/wp\/v2\/product_tag?post=3045"}],"curies":[{"name":"wp","href":"https:\/\/api.w.org\/{rel}","templated":true}]}}