{"id":3973,"date":"2025-07-28T17:00:17","date_gmt":"2025-07-28T21:00:17","guid":{"rendered":"https:\/\/webstore.neilmed.com\/cl\/?post_type=product&#038;p=3973"},"modified":"2026-01-20T15:21:57","modified_gmt":"2026-01-20T18:21:57","slug":"sinus-rinse-pediatrico-recarga-x120-sachets","status":"publish","type":"product","link":"https:\/\/webstore.neilmed.com\/cl\/producto\/sinus-rinse-pediatrico-recarga-x120-sachets\/","title":{"rendered":"Sinus Rinse Pedi\u00e1trico Recarga x120 sachets"},"content":{"rendered":"<p data-start=\"178\" data-end=\"271\"><span class=\"relative -mx-px my-[-0.2rem] rounded px-px py-[0.2rem] transition-colors duration-100 ease-in-out\">SinuRinse\u2122 Pedi\u00e1trico es un sistema de irrigaci\u00f3n nasal confiable y natural dise\u00f1ado para aliviar eficazmente congesti\u00f3n, sequedad y s\u00edntomas nasales en ni\u00f1os a partir de los 2\u202fa\u00f1os. La recarga de 120 sobres de pH equilibrado (grado\u202fUSP) permite preparar soluciones salinas isot\u00f3nicas, sin preservantes ni yodo, compatibles con cualquier dispositivo NeilMed o similar.<\/span><\/p>\n<p data-start=\"273\" data-end=\"296\"><strong data-start=\"273\" data-end=\"294\">Beneficios clave:<\/strong><\/p>\n<ul data-start=\"297\" data-end=\"457\">\n<li data-start=\"297\" data-end=\"338\">\n<p data-start=\"299\" data-end=\"338\"><span class=\"relative -mx-px my-[-0.2rem] rounded px-px py-[0.2rem] transition-colors duration-100 ease-in-out\">Alivia alergias nasales, sinusitis, resfr\u00edo, goteo post-nasal, congesti\u00f3n y presi\u00f3n en los senos<\/span><\/p>\n<\/li>\n<li data-start=\"339\" data-end=\"380\">\n<p data-start=\"341\" data-end=\"380\"><span class=\"relative -mx-px my-[-0.2rem] rounded px-px py-[0.2rem] transition-colors duration-100 ease-in-out\">Elimina al\u00e9rgenos, irritantes, mucosidad, bacterias y virus<\/span><\/p>\n<\/li>\n<li data-start=\"381\" data-end=\"457\">\n<p data-start=\"383\" data-end=\"457\"><span class=\"relative -mx-px my-[-0.2rem] rounded px-px py-[0.2rem] transition-colors duration-100 ease-in-out\">Reduce inflamaci\u00f3n y mejora el flujo de aire nasal<\/span><\/p>\n<\/li>\n<\/ul>\n<p data-start=\"459\" data-end=\"487\"><strong data-start=\"459\" data-end=\"485\">Contenido del paquete:<\/strong><\/p>\n<ul data-start=\"488\" data-end=\"606\">\n<li data-start=\"488\" data-end=\"529\">\n<p data-start=\"490\" data-end=\"529\"><span class=\"relative -mx-px my-[-0.2rem] rounded px-px py-[0.2rem] transition-colors duration-100 ease-in-out\">120 sobres de polvo premezclado con mezcla de cloruro de sodio y bicarbonato de sodio grado USP, pH neutro, ingredientes naturales, isot\u00f3nico, libre de yodo y preservantes<\/span><\/p>\n<\/li>\n<\/ul>\n","protected":false},"excerpt":{"rendered":"<p><span class=\"relative -mx-px my-[-0.2rem] rounded px-px py-[0.2rem] transition-colors duration-100 ease-in-out\">La recarga de 120 sobres de pH equilibrado (grado\u202fUSP) permite preparar soluciones salinas isot\u00f3nicas, sin preservantes ni yodo, compatibles con cualquier dispositivo NeilMed o similar.<\/span><\/p>\n","protected":false},"featured_media":4005,"template":"","meta":{"inline_featured_image":false,"jetpack_post_was_ever_published":false,"jetpack_publicize_message":"","jetpack_publicize_feature_enabled":true,"jetpack_social_post_already_shared":true,"jetpack_social_options":{"image_generator_settings":{"template":"highway","default_image_id":0,"font":"","enabled":false},"version":2}},"product_brand":[],"product_cat":[24],"product_tag":[63,62,60,61],"class_list":{"0":"post-3973","1":"product","2":"type-product","3":"status-publish","4":"has-post-thumbnail","6":"product_cat-bebes-ninos","7":"product_tag-kids","8":"product_tag-pediatrico","9":"product_tag-recarga","10":"product_tag-sinus-rinse","12":"first","13":"instock","14":"shipping-taxable","15":"purchasable","16":"product-type-simple"},"yoast_head":"<!-- This site is optimized with the Yoast SEO plugin v27.4 - https:\/\/yoast.com\/product\/yoast-seo-wordpress\/ -->\n<title>Sinus Rinse Pedi\u00e1trico Recarga x120 sachets - NeilMed Chile Web Store<\/title>\n<meta name=\"description\" content=\"SinuRinse\u2122 Pedi\u00e1trico es un sistema de irrigaci\u00f3n nasal confiable y natural dise\u00f1ado para aliviar eficazmente congesti\u00f3n, sequedad y s\u00edntomas nasales en ni\u00f1os a partir de los 2\u202fa\u00f1os. La recarga de 120 sobres de pH equilibrado (grado\u202fUSP) permite preparar soluciones salinas isot\u00f3nicas, sin preservantes ni yodo, compatibles con cualquier dispositivo NeilMed o similar.\" \/>\n<meta name=\"robots\" content=\"index, follow, max-snippet:-1, max-image-preview:large, max-video-preview:-1\" \/>\n<link rel=\"canonical\" href=\"https:\/\/webstore.neilmed.com\/cl\/producto\/sinus-rinse-pediatrico-recarga-x120-sachets\/\" \/>\n<meta property=\"og:locale\" content=\"es_ES\" \/>\n<meta property=\"og:type\" content=\"article\" \/>\n<meta property=\"og:title\" content=\"Sinus Rinse Pedi\u00e1trico Recarga x120 sachets - NeilMed Chile Web Store\" \/>\n<meta property=\"og:description\" content=\"SinuRinse\u2122 Pedi\u00e1trico es un sistema de irrigaci\u00f3n nasal confiable y natural dise\u00f1ado para aliviar eficazmente congesti\u00f3n, sequedad y s\u00edntomas nasales en ni\u00f1os a partir de los 2\u202fa\u00f1os. La recarga de 120 sobres de pH equilibrado (grado\u202fUSP) permite preparar soluciones salinas isot\u00f3nicas, sin preservantes ni yodo, compatibles con cualquier dispositivo NeilMed o similar.\" \/>\n<meta property=\"og:url\" content=\"https:\/\/webstore.neilmed.com\/cl\/producto\/sinus-rinse-pediatrico-recarga-x120-sachets\/\" \/>\n<meta property=\"og:site_name\" content=\"NeilMed Chile Web Store\" \/>\n<meta property=\"article:publisher\" content=\"https:\/\/www.facebook.com\/neilmedcr\" \/>\n<meta property=\"article:modified_time\" content=\"2026-01-20T18:21:57+00:00\" \/>\n<meta property=\"og:image\" content=\"https:\/\/webstore.neilmed.com\/cl\/wp-content\/uploads\/2025\/07\/Sinus-Rinse-Pediatrico-x120-sachets.webp\" \/>\n\t<meta property=\"og:image:width\" content=\"1250\" \/>\n\t<meta property=\"og:image:height\" content=\"1250\" \/>\n\t<meta property=\"og:image:type\" content=\"image\/webp\" \/>\n<meta name=\"twitter:card\" content=\"summary_large_image\" \/>\n<meta name=\"twitter:site\" content=\"@neilmed\" \/>\n<meta name=\"twitter:label1\" content=\"Tiempo estimado de lectura\" \/>\n\t<meta name=\"twitter:data1\" content=\"1 minuto\" \/>\n<script type=\"application\/ld+json\" class=\"yoast-schema-graph\">{\"@context\":\"https:\\\/\\\/schema.org\",\"@graph\":[{\"@type\":\"WebPage\",\"@id\":\"https:\\\/\\\/webstore.neilmed.com\\\/cl\\\/producto\\\/sinus-rinse-pediatrico-recarga-x120-sachets\\\/\",\"url\":\"https:\\\/\\\/webstore.neilmed.com\\\/cl\\\/producto\\\/sinus-rinse-pediatrico-recarga-x120-sachets\\\/\",\"name\":\"Sinus Rinse Pedi\u00e1trico Recarga x120 sachets - NeilMed Chile Web Store\",\"isPartOf\":{\"@id\":\"https:\\\/\\\/webstore.neilmed.com\\\/cl\\\/#website\"},\"primaryImageOfPage\":{\"@id\":\"https:\\\/\\\/webstore.neilmed.com\\\/cl\\\/producto\\\/sinus-rinse-pediatrico-recarga-x120-sachets\\\/#primaryimage\"},\"image\":{\"@id\":\"https:\\\/\\\/webstore.neilmed.com\\\/cl\\\/producto\\\/sinus-rinse-pediatrico-recarga-x120-sachets\\\/#primaryimage\"},\"thumbnailUrl\":\"https:\\\/\\\/webstore.neilmed.com\\\/cl\\\/wp-content\\\/uploads\\\/2025\\\/07\\\/Sinus-Rinse-Pediatrico-x120-sachets.webp\",\"datePublished\":\"2025-07-28T21:00:17+00:00\",\"dateModified\":\"2026-01-20T18:21:57+00:00\",\"description\":\"SinuRinse\u2122 Pedi\u00e1trico es un sistema de irrigaci\u00f3n nasal confiable y natural dise\u00f1ado para aliviar eficazmente congesti\u00f3n, sequedad y s\u00edntomas nasales en ni\u00f1os a partir de los 2\u202fa\u00f1os. La recarga de 120 sobres de pH equilibrado (grado\u202fUSP) permite preparar soluciones salinas isot\u00f3nicas, sin preservantes ni yodo, compatibles con cualquier dispositivo NeilMed o similar.\",\"breadcrumb\":{\"@id\":\"https:\\\/\\\/webstore.neilmed.com\\\/cl\\\/producto\\\/sinus-rinse-pediatrico-recarga-x120-sachets\\\/#breadcrumb\"},\"inLanguage\":\"es-CL\",\"potentialAction\":[{\"@type\":\"ReadAction\",\"target\":[\"https:\\\/\\\/webstore.neilmed.com\\\/cl\\\/producto\\\/sinus-rinse-pediatrico-recarga-x120-sachets\\\/\"]}]},{\"@type\":\"ImageObject\",\"inLanguage\":\"es-CL\",\"@id\":\"https:\\\/\\\/webstore.neilmed.com\\\/cl\\\/producto\\\/sinus-rinse-pediatrico-recarga-x120-sachets\\\/#primaryimage\",\"url\":\"https:\\\/\\\/webstore.neilmed.com\\\/cl\\\/wp-content\\\/uploads\\\/2025\\\/07\\\/Sinus-Rinse-Pediatrico-x120-sachets.webp\",\"contentUrl\":\"https:\\\/\\\/webstore.neilmed.com\\\/cl\\\/wp-content\\\/uploads\\\/2025\\\/07\\\/Sinus-Rinse-Pediatrico-x120-sachets.webp\",\"width\":1250,\"height\":1250,\"caption\":\"sinus rinse pediatrico recarga 120 sachets\"},{\"@type\":\"BreadcrumbList\",\"@id\":\"https:\\\/\\\/webstore.neilmed.com\\\/cl\\\/producto\\\/sinus-rinse-pediatrico-recarga-x120-sachets\\\/#breadcrumb\",\"itemListElement\":[{\"@type\":\"ListItem\",\"position\":1,\"name\":\"Home\",\"item\":\"https:\\\/\\\/webstore.neilmed.com\\\/cl\\\/\"},{\"@type\":\"ListItem\",\"position\":2,\"name\":\"Productos NeilMed\",\"item\":\"https:\\\/\\\/webstore.neilmed.com\\\/cl\\\/productios-neil\\\/\"},{\"@type\":\"ListItem\",\"position\":3,\"name\":\"Sinus Rinse Pedi\u00e1trico Recarga x120 sachets\"}]},{\"@type\":\"WebSite\",\"@id\":\"https:\\\/\\\/webstore.neilmed.com\\\/cl\\\/#website\",\"url\":\"https:\\\/\\\/webstore.neilmed.com\\\/cl\\\/\",\"name\":\"NeilMed Chile Web Store\",\"description\":\"NeilMed Chile\",\"publisher\":{\"@id\":\"https:\\\/\\\/webstore.neilmed.com\\\/cl\\\/#organization\"},\"potentialAction\":[{\"@type\":\"SearchAction\",\"target\":{\"@type\":\"EntryPoint\",\"urlTemplate\":\"https:\\\/\\\/webstore.neilmed.com\\\/cl\\\/?s={search_term_string}\"},\"query-input\":{\"@type\":\"PropertyValueSpecification\",\"valueRequired\":true,\"valueName\":\"search_term_string\"}}],\"inLanguage\":\"es-CL\"},{\"@type\":\"Organization\",\"@id\":\"https:\\\/\\\/webstore.neilmed.com\\\/cl\\\/#organization\",\"name\":\"NeilMed Chile Web Store\",\"url\":\"https:\\\/\\\/webstore.neilmed.com\\\/cl\\\/\",\"logo\":{\"@type\":\"ImageObject\",\"inLanguage\":\"es-CL\",\"@id\":\"https:\\\/\\\/webstore.neilmed.com\\\/cl\\\/#\\\/schema\\\/logo\\\/image\\\/\",\"url\":\"https:\\\/\\\/webstore.neilmed.com\\\/cl\\\/wp-content\\\/uploads\\\/2022\\\/11\\\/neilmed-LG_SR_TM.svg\",\"contentUrl\":\"https:\\\/\\\/webstore.neilmed.com\\\/cl\\\/wp-content\\\/uploads\\\/2022\\\/11\\\/neilmed-LG_SR_TM.svg\",\"width\":263,\"height\":44,\"caption\":\"NeilMed Chile Web Store\"},\"image\":{\"@id\":\"https:\\\/\\\/webstore.neilmed.com\\\/cl\\\/#\\\/schema\\\/logo\\\/image\\\/\"},\"sameAs\":[\"https:\\\/\\\/www.facebook.com\\\/neilmedcr\",\"https:\\\/\\\/x.com\\\/neilmed\",\"https:\\\/\\\/www.instagram.com\\\/neilmedchile\",\"https:\\\/\\\/www.youtube.com\\\/neilmed1\"]}]}<\/script>\n<!-- \/ Yoast SEO plugin. -->","yoast_head_json":{"title":"Sinus Rinse Pedi\u00e1trico Recarga x120 sachets - NeilMed Chile Web Store","description":"SinuRinse\u2122 Pedi\u00e1trico es un sistema de irrigaci\u00f3n nasal confiable y natural dise\u00f1ado para aliviar eficazmente congesti\u00f3n, sequedad y s\u00edntomas nasales en ni\u00f1os a partir de los 2\u202fa\u00f1os. La recarga de 120 sobres de pH equilibrado (grado\u202fUSP) permite preparar soluciones salinas isot\u00f3nicas, sin preservantes ni yodo, compatibles con cualquier dispositivo NeilMed o similar.","robots":{"index":"index","follow":"follow","max-snippet":"max-snippet:-1","max-image-preview":"max-image-preview:large","max-video-preview":"max-video-preview:-1"},"canonical":"https:\/\/webstore.neilmed.com\/cl\/producto\/sinus-rinse-pediatrico-recarga-x120-sachets\/","og_locale":"es_ES","og_type":"article","og_title":"Sinus Rinse Pedi\u00e1trico Recarga x120 sachets - NeilMed Chile Web Store","og_description":"SinuRinse\u2122 Pedi\u00e1trico es un sistema de irrigaci\u00f3n nasal confiable y natural dise\u00f1ado para aliviar eficazmente congesti\u00f3n, sequedad y s\u00edntomas nasales en ni\u00f1os a partir de los 2\u202fa\u00f1os. La recarga de 120 sobres de pH equilibrado (grado\u202fUSP) permite preparar soluciones salinas isot\u00f3nicas, sin preservantes ni yodo, compatibles con cualquier dispositivo NeilMed o similar.","og_url":"https:\/\/webstore.neilmed.com\/cl\/producto\/sinus-rinse-pediatrico-recarga-x120-sachets\/","og_site_name":"NeilMed Chile Web Store","article_publisher":"https:\/\/www.facebook.com\/neilmedcr","article_modified_time":"2026-01-20T18:21:57+00:00","og_image":[{"width":1250,"height":1250,"url":"https:\/\/webstore.neilmed.com\/cl\/wp-content\/uploads\/2025\/07\/Sinus-Rinse-Pediatrico-x120-sachets.webp","type":"image\/webp"}],"twitter_card":"summary_large_image","twitter_site":"@neilmed","twitter_misc":{"Tiempo estimado de lectura":"1 minuto"},"schema":{"@context":"https:\/\/schema.org","@graph":[{"@type":"WebPage","@id":"https:\/\/webstore.neilmed.com\/cl\/producto\/sinus-rinse-pediatrico-recarga-x120-sachets\/","url":"https:\/\/webstore.neilmed.com\/cl\/producto\/sinus-rinse-pediatrico-recarga-x120-sachets\/","name":"Sinus Rinse Pedi\u00e1trico Recarga x120 sachets - NeilMed Chile Web Store","isPartOf":{"@id":"https:\/\/webstore.neilmed.com\/cl\/#website"},"primaryImageOfPage":{"@id":"https:\/\/webstore.neilmed.com\/cl\/producto\/sinus-rinse-pediatrico-recarga-x120-sachets\/#primaryimage"},"image":{"@id":"https:\/\/webstore.neilmed.com\/cl\/producto\/sinus-rinse-pediatrico-recarga-x120-sachets\/#primaryimage"},"thumbnailUrl":"https:\/\/webstore.neilmed.com\/cl\/wp-content\/uploads\/2025\/07\/Sinus-Rinse-Pediatrico-x120-sachets.webp","datePublished":"2025-07-28T21:00:17+00:00","dateModified":"2026-01-20T18:21:57+00:00","description":"SinuRinse\u2122 Pedi\u00e1trico es un sistema de irrigaci\u00f3n nasal confiable y natural dise\u00f1ado para aliviar eficazmente congesti\u00f3n, sequedad y s\u00edntomas nasales en ni\u00f1os a partir de los 2\u202fa\u00f1os. La recarga de 120 sobres de pH equilibrado (grado\u202fUSP) permite preparar soluciones salinas isot\u00f3nicas, sin preservantes ni yodo, compatibles con cualquier dispositivo NeilMed o similar.","breadcrumb":{"@id":"https:\/\/webstore.neilmed.com\/cl\/producto\/sinus-rinse-pediatrico-recarga-x120-sachets\/#breadcrumb"},"inLanguage":"es-CL","potentialAction":[{"@type":"ReadAction","target":["https:\/\/webstore.neilmed.com\/cl\/producto\/sinus-rinse-pediatrico-recarga-x120-sachets\/"]}]},{"@type":"ImageObject","inLanguage":"es-CL","@id":"https:\/\/webstore.neilmed.com\/cl\/producto\/sinus-rinse-pediatrico-recarga-x120-sachets\/#primaryimage","url":"https:\/\/webstore.neilmed.com\/cl\/wp-content\/uploads\/2025\/07\/Sinus-Rinse-Pediatrico-x120-sachets.webp","contentUrl":"https:\/\/webstore.neilmed.com\/cl\/wp-content\/uploads\/2025\/07\/Sinus-Rinse-Pediatrico-x120-sachets.webp","width":1250,"height":1250,"caption":"sinus rinse pediatrico recarga 120 sachets"},{"@type":"BreadcrumbList","@id":"https:\/\/webstore.neilmed.com\/cl\/producto\/sinus-rinse-pediatrico-recarga-x120-sachets\/#breadcrumb","itemListElement":[{"@type":"ListItem","position":1,"name":"Home","item":"https:\/\/webstore.neilmed.com\/cl\/"},{"@type":"ListItem","position":2,"name":"Productos NeilMed","item":"https:\/\/webstore.neilmed.com\/cl\/productios-neil\/"},{"@type":"ListItem","position":3,"name":"Sinus Rinse Pedi\u00e1trico Recarga x120 sachets"}]},{"@type":"WebSite","@id":"https:\/\/webstore.neilmed.com\/cl\/#website","url":"https:\/\/webstore.neilmed.com\/cl\/","name":"NeilMed Chile Web Store","description":"NeilMed Chile","publisher":{"@id":"https:\/\/webstore.neilmed.com\/cl\/#organization"},"potentialAction":[{"@type":"SearchAction","target":{"@type":"EntryPoint","urlTemplate":"https:\/\/webstore.neilmed.com\/cl\/?s={search_term_string}"},"query-input":{"@type":"PropertyValueSpecification","valueRequired":true,"valueName":"search_term_string"}}],"inLanguage":"es-CL"},{"@type":"Organization","@id":"https:\/\/webstore.neilmed.com\/cl\/#organization","name":"NeilMed Chile Web Store","url":"https:\/\/webstore.neilmed.com\/cl\/","logo":{"@type":"ImageObject","inLanguage":"es-CL","@id":"https:\/\/webstore.neilmed.com\/cl\/#\/schema\/logo\/image\/","url":"https:\/\/webstore.neilmed.com\/cl\/wp-content\/uploads\/2022\/11\/neilmed-LG_SR_TM.svg","contentUrl":"https:\/\/webstore.neilmed.com\/cl\/wp-content\/uploads\/2022\/11\/neilmed-LG_SR_TM.svg","width":263,"height":44,"caption":"NeilMed Chile Web Store"},"image":{"@id":"https:\/\/webstore.neilmed.com\/cl\/#\/schema\/logo\/image\/"},"sameAs":["https:\/\/www.facebook.com\/neilmedcr","https:\/\/x.com\/neilmed","https:\/\/www.instagram.com\/neilmedchile","https:\/\/www.youtube.com\/neilmed1"]}]}},"jetpack_publicize_connections":[],"jetpack_sharing_enabled":true,"jetpack-related-posts":[{"id":200,"url":"https:\/\/webstore.neilmed.com\/cl\/producto\/sinurinse-recarga-x50-sachets\/","url_meta":{"origin":3973,"position":0},"title":"Sinus Rinse Recarga x50 Sachets","author":"Rodrigo Cano","date":"Marzo 3, 2016","format":false,"excerpt":"La Recarga viene con 50 sobres premezclados para ser ocupados con kit SinuRinse o cualquier otro dispositivo de irrigaci\u00f3n nasal.","rel":"","context":"Entrada similar ","block_context":{"text":"Entrada similar ","link":""},"img":{"alt_text":"","src":"https:\/\/i0.wp.com\/webstore.neilmed.com\/cl\/wp-content\/uploads\/2016\/03\/2250-SPC-INT-Rev2-Right.png?resize=350%2C200&ssl=1","width":350,"height":200,"srcset":"https:\/\/i0.wp.com\/webstore.neilmed.com\/cl\/wp-content\/uploads\/2016\/03\/2250-SPC-INT-Rev2-Right.png?resize=350%2C200&ssl=1 1x, https:\/\/i0.wp.com\/webstore.neilmed.com\/cl\/wp-content\/uploads\/2016\/03\/2250-SPC-INT-Rev2-Right.png?resize=525%2C300&ssl=1 1.5x, https:\/\/i0.wp.com\/webstore.neilmed.com\/cl\/wp-content\/uploads\/2016\/03\/2250-SPC-INT-Rev2-Right.png?resize=700%2C400&ssl=1 2x"},"classes":[]},{"id":3045,"url":"https:\/\/webstore.neilmed.com\/cl\/producto\/sinus-rinse-xylitol-recarga-x-60-sachets\/","url_meta":{"origin":3973,"position":1},"title":"Sinus Rinse Xylitol Recarga x60 sachets","author":"Rodrigo Cano","date":"Abril 24, 2024","format":false,"excerpt":"No burning or stinging. NeilMed Sinus rinse kit with xylitol. All natural antibacterial","rel":"","context":"Entrada similar ","block_context":{"text":"Entrada similar ","link":""},"img":{"alt_text":"","src":"https:\/\/i0.wp.com\/webstore.neilmed.com\/cl\/wp-content\/uploads\/2024\/04\/2260X-ENU-US-Rev3-Right.png?resize=350%2C200&ssl=1","width":350,"height":200,"srcset":"https:\/\/i0.wp.com\/webstore.neilmed.com\/cl\/wp-content\/uploads\/2024\/04\/2260X-ENU-US-Rev3-Right.png?resize=350%2C200&ssl=1 1x, https:\/\/i0.wp.com\/webstore.neilmed.com\/cl\/wp-content\/uploads\/2024\/04\/2260X-ENU-US-Rev3-Right.png?resize=525%2C300&ssl=1 1.5x, https:\/\/i0.wp.com\/webstore.neilmed.com\/cl\/wp-content\/uploads\/2024\/04\/2260X-ENU-US-Rev3-Right.png?resize=700%2C400&ssl=1 2x, https:\/\/i0.wp.com\/webstore.neilmed.com\/cl\/wp-content\/uploads\/2024\/04\/2260X-ENU-US-Rev3-Right.png?resize=1050%2C600&ssl=1 3x, https:\/\/i0.wp.com\/webstore.neilmed.com\/cl\/wp-content\/uploads\/2024\/04\/2260X-ENU-US-Rev3-Right.png?resize=1400%2C800&ssl=1 4x"},"classes":[]},{"id":2309,"url":"https:\/\/webstore.neilmed.com\/cl\/producto\/sinus-rinse-kit-with-xylitol\/","url_meta":{"origin":3973,"position":2},"title":"Sinus Rinse Kit with Xylitol","author":"NeilMed Chile","date":"Marzo 13, 2023","format":false,"excerpt":"No burning or stinging. NeilMed Sinus rinse kit with xylitol. All natural antibacterial","rel":"","context":"Entrada similar ","block_context":{"text":"Entrada similar ","link":""},"img":{"alt_text":"","src":"https:\/\/i0.wp.com\/webstore.neilmed.com\/cl\/wp-content\/uploads\/2023\/03\/SinusRinse-Kit-Xylitol-MAIN.png?resize=350%2C200&ssl=1","width":350,"height":200,"srcset":"https:\/\/i0.wp.com\/webstore.neilmed.com\/cl\/wp-content\/uploads\/2023\/03\/SinusRinse-Kit-Xylitol-MAIN.png?resize=350%2C200&ssl=1 1x, https:\/\/i0.wp.com\/webstore.neilmed.com\/cl\/wp-content\/uploads\/2023\/03\/SinusRinse-Kit-Xylitol-MAIN.png?resize=525%2C300&ssl=1 1.5x, https:\/\/i0.wp.com\/webstore.neilmed.com\/cl\/wp-content\/uploads\/2023\/03\/SinusRinse-Kit-Xylitol-MAIN.png?resize=700%2C400&ssl=1 2x"},"classes":[]},{"id":203,"url":"https:\/\/webstore.neilmed.com\/cl\/producto\/nasamist-isotonico-75ml\/","url_meta":{"origin":3973,"position":3},"title":"Nasamist Isot\u00f3nico 75ml","author":"Rodrigo Cano","date":"Marzo 3, 2016","format":false,"excerpt":"Spray nasal de soluci\u00f3n salina que ayuda aliviar las alergias, irritaci\u00f3n nasal, sequedad y la congesti\u00f3n del resfriado com\u00fan o gripe. Hidrata y lubrica los conductos nasales secos para adultos, ni\u00f1os y beb\u00e9s de un a\u00f1o en adelante.","rel":"","context":"Entrada similar ","block_context":{"text":"Entrada similar ","link":""},"img":{"alt_text":"NasaMist Isotonic Product Box","src":"https:\/\/i0.wp.com\/webstore.neilmed.com\/cl\/wp-content\/uploads\/2016\/03\/2701-SPD-INT-Rev1-RIGHT.png?resize=350%2C200&ssl=1","width":350,"height":200,"srcset":"https:\/\/i0.wp.com\/webstore.neilmed.com\/cl\/wp-content\/uploads\/2016\/03\/2701-SPD-INT-Rev1-RIGHT.png?resize=350%2C200&ssl=1 1x, https:\/\/i0.wp.com\/webstore.neilmed.com\/cl\/wp-content\/uploads\/2016\/03\/2701-SPD-INT-Rev1-RIGHT.png?resize=525%2C300&ssl=1 1.5x, https:\/\/i0.wp.com\/webstore.neilmed.com\/cl\/wp-content\/uploads\/2016\/03\/2701-SPD-INT-Rev1-RIGHT.png?resize=700%2C400&ssl=1 2x"},"classes":[]},{"id":195,"url":"https:\/\/webstore.neilmed.com\/cl\/producto\/pediamist-isotonico-75ml\/","url_meta":{"origin":3973,"position":4},"title":"Pediamist Isot\u00f3nico 75ml","author":"Rodrigo Cano","date":"Marzo 3, 2016","format":false,"excerpt":"Spray nasal de soluci\u00f3n salina, especialmente dise\u00f1ado para ni\u00f1os y beb\u00e9s de 1 a\u00f1o en adelante. Ayuda aliviar las alergias, irritaci\u00f3n nasal, sequedad y la congesti\u00f3n del resfriado com\u00fan o gripe. Hidrata y lubrica los conductos nasales secos.","rel":"","context":"Entrada similar ","block_context":{"text":"Entrada similar ","link":""},"img":{"alt_text":"","src":"https:\/\/i0.wp.com\/webstore.neilmed.com\/cl\/wp-content\/uploads\/2016\/03\/2701P-SPD-INT-Rev1-Right-SPA.jpg?resize=350%2C200&ssl=1","width":350,"height":200,"srcset":"https:\/\/i0.wp.com\/webstore.neilmed.com\/cl\/wp-content\/uploads\/2016\/03\/2701P-SPD-INT-Rev1-Right-SPA.jpg?resize=350%2C200&ssl=1 1x, https:\/\/i0.wp.com\/webstore.neilmed.com\/cl\/wp-content\/uploads\/2016\/03\/2701P-SPD-INT-Rev1-Right-SPA.jpg?resize=525%2C300&ssl=1 1.5x, https:\/\/i0.wp.com\/webstore.neilmed.com\/cl\/wp-content\/uploads\/2016\/03\/2701P-SPD-INT-Rev1-Right-SPA.jpg?resize=700%2C400&ssl=1 2x"},"classes":[]},{"id":199,"url":"https:\/\/webstore.neilmed.com\/cl\/producto\/sinurinse-pediatrico-x30-sachets\/","url_meta":{"origin":3973,"position":5},"title":"Sinus Rinse Pedi\u00e1trico x30 Sachets","author":"Rodrigo Cano","date":"Marzo 3, 2016","format":false,"excerpt":"SinuRinse Pedi\u00e1trico es un kit, especialmente dise\u00f1ado para ni\u00f1os, de higiene e hidrataci\u00f3n diaria para las fosas nasales y senos paranasales en base a una soluci\u00f3n salina con sistema de lavado de gran volumen y baja presi\u00f3n.","rel":"","context":"Entrada similar ","block_context":{"text":"Entrada similar ","link":""},"img":{"alt_text":"Sinus Rinse Kids Latin America (30 Sachets) Product Box","src":"https:\/\/i0.wp.com\/webstore.neilmed.com\/cl\/wp-content\/uploads\/2016\/03\/2351-SPD-INT-Rev1-RIGHT.jpg?resize=350%2C200&ssl=1","width":350,"height":200,"srcset":"https:\/\/i0.wp.com\/webstore.neilmed.com\/cl\/wp-content\/uploads\/2016\/03\/2351-SPD-INT-Rev1-RIGHT.jpg?resize=350%2C200&ssl=1 1x, https:\/\/i0.wp.com\/webstore.neilmed.com\/cl\/wp-content\/uploads\/2016\/03\/2351-SPD-INT-Rev1-RIGHT.jpg?resize=525%2C300&ssl=1 1.5x, https:\/\/i0.wp.com\/webstore.neilmed.com\/cl\/wp-content\/uploads\/2016\/03\/2351-SPD-INT-Rev1-RIGHT.jpg?resize=700%2C400&ssl=1 2x"},"classes":[]}],"_links":{"self":[{"href":"https:\/\/webstore.neilmed.com\/cl\/wp-json\/wp\/v2\/product\/3973","targetHints":{"allow":["GET"]}}],"collection":[{"href":"https:\/\/webstore.neilmed.com\/cl\/wp-json\/wp\/v2\/product"}],"about":[{"href":"https:\/\/webstore.neilmed.com\/cl\/wp-json\/wp\/v2\/types\/product"}],"version-history":[{"count":4,"href":"https:\/\/webstore.neilmed.com\/cl\/wp-json\/wp\/v2\/product\/3973\/revisions"}],"predecessor-version":[{"id":4004,"href":"https:\/\/webstore.neilmed.com\/cl\/wp-json\/wp\/v2\/product\/3973\/revisions\/4004"}],"wp:featuredmedia":[{"embeddable":true,"href":"https:\/\/webstore.neilmed.com\/cl\/wp-json\/wp\/v2\/media\/4005"}],"wp:attachment":[{"href":"https:\/\/webstore.neilmed.com\/cl\/wp-json\/wp\/v2\/media?parent=3973"}],"wp:term":[{"taxonomy":"product_brand","embeddable":true,"href":"https:\/\/webstore.neilmed.com\/cl\/wp-json\/wp\/v2\/product_brand?post=3973"},{"taxonomy":"product_cat","embeddable":true,"href":"https:\/\/webstore.neilmed.com\/cl\/wp-json\/wp\/v2\/product_cat?post=3973"},{"taxonomy":"product_tag","embeddable":true,"href":"https:\/\/webstore.neilmed.com\/cl\/wp-json\/wp\/v2\/product_tag?post=3973"}],"curies":[{"name":"wp","href":"https:\/\/api.w.org\/{rel}","templated":true}]}}