{"id":4893,"date":"2026-04-27T19:43:15","date_gmt":"2026-04-27T23:43:15","guid":{"rendered":"https:\/\/webstore.neilmed.com\/cl\/?post_type=product&#038;p=4893"},"modified":"2026-04-27T19:43:48","modified_gmt":"2026-04-27T23:43:48","slug":"eustachi-ejercitador-para-la-trompa-de-eustaquio","status":"publish","type":"product","link":"https:\/\/webstore.neilmed.com\/cl\/producto\/eustachi-ejercitador-para-la-trompa-de-eustaquio\/","title":{"rendered":"Eustachi, Ejercitador para la trompa de Eustaquio"},"content":{"rendered":"","protected":false},"excerpt":{"rendered":"<div class=\"n6owBd awi2gc\" data-sfc-cp=\"\" data-sfc-root=\"c\" data-sfc-cb=\"\" data-hveid=\"CAEQAA\"><span data-subtree=\"aimfl,mfl\">El NeilMed Eustachi es un ejercitador de la trompa de Eustaquio que ayuda a aliviar la presi\u00f3n negativa del o\u00eddo medio, destapando los o\u00eddos de forma segura y natural al tragar, ideal para alergias, resfriados o viajes<\/span>. Es un dispositivo m\u00e9dico no medicamentoso que funciona con pilas.<span class=\"uJ19be notranslate\" data-sfc-root=\"c\" data-wiz-uids=\"nM21we_j,nM21we_k\" data-sfc-cb=\"\"><span class=\"vKEkVd\" data-animation-atomic=\"\" data-wiz-attrbind=\"class=nM21we_i\/TKHnVd\"><span aria-hidden=\"true\">\u00a0<\/span><\/span><\/span><\/div>\n<div data-sfc-cp=\"\" data-sfc-root=\"c\" data-sfc-cb=\"\" data-hveid=\"CAEQAA\"><\/div>\n<ul class=\"KsbFXc U6u95\" data-sfc-root=\"c\" data-sfc-cb=\"\">\n<li class=\"Z1qcYe\" data-sfc-cp=\"\" data-sfc-root=\"c\" data-sfc-cb=\"\" data-hveid=\"CAIQAA\"><span class=\"T286Pc\" data-sfc-cp=\"\" data-sfc-root=\"c\" data-sfc-cb=\"\"><strong class=\"Yjhzub\" data-sfc-root=\"c\" data-sfc-cb=\"\">Uso:<\/strong>\u00a0Colocar en la fosa nasal, encender y tragar. Ayuda a abrir las trompas de Eustaquio de forma natural.<\/span><\/li>\n<li class=\"Z1qcYe\" data-sfc-cp=\"\" data-sfc-root=\"c\" data-sfc-cb=\"\" data-hveid=\"CAIQAw\"><span class=\"T286Pc\" data-sfc-cp=\"\" data-sfc-root=\"c\" data-sfc-cb=\"\"><strong class=\"Yjhzub\" data-sfc-root=\"c\" data-sfc-cb=\"\">Caracter\u00edsticas:<\/strong>\u00a0Incluye funda de transporte y utiliza dos pilas AA.<\/span><span class=\"uJ19be notranslate\" data-sfc-root=\"c\" data-wiz-uids=\"nM21we_10,nM21we_11\" data-sfc-cb=\"\"><span class=\"vKEkVd\" data-animation-atomic=\"\" data-wiz-attrbind=\"class=nM21we_z\/TKHnVd\"><span aria-hidden=\"true\">\u00a0<\/span><\/span><\/span><\/li>\n<\/ul>\n<div class=\"\" data-bfc=\"\" data-ved=\"2ahUKEwjms8CUmo-UAxX_lZUCHbTJE5QQi4wTegQIAxAA\">\n<div class=\"n6owBd awi2gc\" data-sfc-cp=\"\" data-sfc-root=\"c\" data-sfc-cb=\"\" data-hveid=\"CAMQAQ\">Se recomienda consultar a un m\u00e9dico si los s\u00edntomas persisten.<\/div>\n<\/div>\n","protected":false},"featured_media":4896,"template":"","meta":{"inline_featured_image":false,"jetpack_post_was_ever_published":false,"jetpack_publicize_message":"","jetpack_publicize_feature_enabled":true,"jetpack_social_post_already_shared":true,"jetpack_social_options":{"image_generator_settings":{"template":"highway","default_image_id":0,"font":"","enabled":false},"version":2}},"product_brand":[],"product_cat":[25],"product_tag":[],"class_list":{"0":"post-4893","1":"product","2":"type-product","3":"status-publish","4":"has-post-thumbnail","6":"product_cat-cuidado-de-oidos","8":"first","9":"instock","10":"shipping-taxable","11":"purchasable","12":"product-type-simple"},"yoast_head":"<!-- This site is optimized with the Yoast SEO plugin v27.5 - https:\/\/yoast.com\/product\/yoast-seo-wordpress\/ -->\n<title>Eustachi, Ejercitador para la trompa de Eustaquio - NeilMed Chile Web Store<\/title>\n<meta name=\"robots\" content=\"index, follow, max-snippet:-1, max-image-preview:large, max-video-preview:-1\" \/>\n<link rel=\"canonical\" href=\"https:\/\/webstore.neilmed.com\/cl\/producto\/eustachi-ejercitador-para-la-trompa-de-eustaquio\/\" \/>\n<meta property=\"og:locale\" content=\"es_ES\" \/>\n<meta property=\"og:type\" content=\"article\" \/>\n<meta property=\"og:title\" content=\"Eustachi, Ejercitador para la trompa de Eustaquio - NeilMed Chile Web Store\" \/>\n<meta property=\"og:description\" content=\"El NeilMed Eustachi es un ejercitador de la trompa de Eustaquio que ayuda a aliviar la presi\u00f3n negativa del o\u00eddo medio, destapando los o\u00eddos de forma segura y natural al tragar, ideal para alergias, resfriados o viajes. Es un dispositivo m\u00e9dico no medicamentoso que funciona con pilas.\u00a0    Uso:\u00a0Colocar en la fosa nasal, encender y tragar. Ayuda a abrir las trompas de Eustaquio de forma natural.  Caracter\u00edsticas:\u00a0Incluye funda de transporte y utiliza dos pilas AA.\u00a0   Se recomienda consultar a un m\u00e9dico si los s\u00edntomas persisten.\" \/>\n<meta property=\"og:url\" content=\"https:\/\/webstore.neilmed.com\/cl\/producto\/eustachi-ejercitador-para-la-trompa-de-eustaquio\/\" \/>\n<meta property=\"og:site_name\" content=\"NeilMed Chile Web Store\" \/>\n<meta property=\"article:publisher\" content=\"https:\/\/www.facebook.com\/neilmedcr\" \/>\n<meta property=\"article:modified_time\" content=\"2026-04-27T23:43:48+00:00\" \/>\n<meta name=\"twitter:card\" content=\"summary_large_image\" \/>\n<meta name=\"twitter:site\" content=\"@neilmed\" \/>\n<meta name=\"twitter:label1\" content=\"Tiempo estimado de lectura\" \/>\n\t<meta name=\"twitter:data1\" content=\"1 minuto\" \/>\n<script type=\"application\/ld+json\" class=\"yoast-schema-graph\">{\"@context\":\"https:\\\/\\\/schema.org\",\"@graph\":[{\"@type\":\"WebPage\",\"@id\":\"https:\\\/\\\/webstore.neilmed.com\\\/cl\\\/producto\\\/eustachi-ejercitador-para-la-trompa-de-eustaquio\\\/\",\"url\":\"https:\\\/\\\/webstore.neilmed.com\\\/cl\\\/producto\\\/eustachi-ejercitador-para-la-trompa-de-eustaquio\\\/\",\"name\":\"Eustachi, Ejercitador para la trompa de Eustaquio - NeilMed Chile Web Store\",\"isPartOf\":{\"@id\":\"https:\\\/\\\/webstore.neilmed.com\\\/cl\\\/#website\"},\"primaryImageOfPage\":{\"@id\":\"https:\\\/\\\/webstore.neilmed.com\\\/cl\\\/producto\\\/eustachi-ejercitador-para-la-trompa-de-eustaquio\\\/#primaryimage\"},\"image\":{\"@id\":\"https:\\\/\\\/webstore.neilmed.com\\\/cl\\\/producto\\\/eustachi-ejercitador-para-la-trompa-de-eustaquio\\\/#primaryimage\"},\"thumbnailUrl\":\"https:\\\/\\\/webstore.neilmed.com\\\/cl\\\/wp-content\\\/uploads\\\/2026\\\/04\\\/eustaqui-2.avif\",\"datePublished\":\"2026-04-27T23:43:15+00:00\",\"dateModified\":\"2026-04-27T23:43:48+00:00\",\"breadcrumb\":{\"@id\":\"https:\\\/\\\/webstore.neilmed.com\\\/cl\\\/producto\\\/eustachi-ejercitador-para-la-trompa-de-eustaquio\\\/#breadcrumb\"},\"inLanguage\":\"es-CL\",\"potentialAction\":[{\"@type\":\"ReadAction\",\"target\":[\"https:\\\/\\\/webstore.neilmed.com\\\/cl\\\/producto\\\/eustachi-ejercitador-para-la-trompa-de-eustaquio\\\/\"]}]},{\"@type\":\"ImageObject\",\"inLanguage\":\"es-CL\",\"@id\":\"https:\\\/\\\/webstore.neilmed.com\\\/cl\\\/producto\\\/eustachi-ejercitador-para-la-trompa-de-eustaquio\\\/#primaryimage\",\"url\":\"https:\\\/\\\/webstore.neilmed.com\\\/cl\\\/wp-content\\\/uploads\\\/2026\\\/04\\\/eustaqui-2.avif\",\"contentUrl\":\"https:\\\/\\\/webstore.neilmed.com\\\/cl\\\/wp-content\\\/uploads\\\/2026\\\/04\\\/eustaqui-2.avif\",\"width\":612,\"height\":612},{\"@type\":\"BreadcrumbList\",\"@id\":\"https:\\\/\\\/webstore.neilmed.com\\\/cl\\\/producto\\\/eustachi-ejercitador-para-la-trompa-de-eustaquio\\\/#breadcrumb\",\"itemListElement\":[{\"@type\":\"ListItem\",\"position\":1,\"name\":\"Home\",\"item\":\"https:\\\/\\\/webstore.neilmed.com\\\/cl\\\/\"},{\"@type\":\"ListItem\",\"position\":2,\"name\":\"Productos NeilMed\",\"item\":\"https:\\\/\\\/webstore.neilmed.com\\\/cl\\\/productios-neil\\\/\"},{\"@type\":\"ListItem\",\"position\":3,\"name\":\"Eustachi, Ejercitador para la trompa de Eustaquio\"}]},{\"@type\":\"WebSite\",\"@id\":\"https:\\\/\\\/webstore.neilmed.com\\\/cl\\\/#website\",\"url\":\"https:\\\/\\\/webstore.neilmed.com\\\/cl\\\/\",\"name\":\"NeilMed Chile Web Store\",\"description\":\"NeilMed Chile\",\"publisher\":{\"@id\":\"https:\\\/\\\/webstore.neilmed.com\\\/cl\\\/#organization\"},\"potentialAction\":[{\"@type\":\"SearchAction\",\"target\":{\"@type\":\"EntryPoint\",\"urlTemplate\":\"https:\\\/\\\/webstore.neilmed.com\\\/cl\\\/?s={search_term_string}\"},\"query-input\":{\"@type\":\"PropertyValueSpecification\",\"valueRequired\":true,\"valueName\":\"search_term_string\"}}],\"inLanguage\":\"es-CL\"},{\"@type\":\"Organization\",\"@id\":\"https:\\\/\\\/webstore.neilmed.com\\\/cl\\\/#organization\",\"name\":\"NeilMed Chile Web Store\",\"url\":\"https:\\\/\\\/webstore.neilmed.com\\\/cl\\\/\",\"logo\":{\"@type\":\"ImageObject\",\"inLanguage\":\"es-CL\",\"@id\":\"https:\\\/\\\/webstore.neilmed.com\\\/cl\\\/#\\\/schema\\\/logo\\\/image\\\/\",\"url\":\"https:\\\/\\\/webstore.neilmed.com\\\/cl\\\/wp-content\\\/uploads\\\/2022\\\/11\\\/neilmed-LG_SR_TM.svg\",\"contentUrl\":\"https:\\\/\\\/webstore.neilmed.com\\\/cl\\\/wp-content\\\/uploads\\\/2022\\\/11\\\/neilmed-LG_SR_TM.svg\",\"width\":263,\"height\":44,\"caption\":\"NeilMed Chile Web Store\"},\"image\":{\"@id\":\"https:\\\/\\\/webstore.neilmed.com\\\/cl\\\/#\\\/schema\\\/logo\\\/image\\\/\"},\"sameAs\":[\"https:\\\/\\\/www.facebook.com\\\/neilmedcr\",\"https:\\\/\\\/x.com\\\/neilmed\",\"https:\\\/\\\/www.instagram.com\\\/neilmedchile\",\"https:\\\/\\\/www.youtube.com\\\/neilmed1\"]}]}<\/script>\n<!-- \/ Yoast SEO plugin. -->","yoast_head_json":{"title":"Eustachi, Ejercitador para la trompa de Eustaquio - NeilMed Chile Web Store","robots":{"index":"index","follow":"follow","max-snippet":"max-snippet:-1","max-image-preview":"max-image-preview:large","max-video-preview":"max-video-preview:-1"},"canonical":"https:\/\/webstore.neilmed.com\/cl\/producto\/eustachi-ejercitador-para-la-trompa-de-eustaquio\/","og_locale":"es_ES","og_type":"article","og_title":"Eustachi, Ejercitador para la trompa de Eustaquio - NeilMed Chile Web Store","og_description":"El NeilMed Eustachi es un ejercitador de la trompa de Eustaquio que ayuda a aliviar la presi\u00f3n negativa del o\u00eddo medio, destapando los o\u00eddos de forma segura y natural al tragar, ideal para alergias, resfriados o viajes. Es un dispositivo m\u00e9dico no medicamentoso que funciona con pilas.\u00a0    Uso:\u00a0Colocar en la fosa nasal, encender y tragar. Ayuda a abrir las trompas de Eustaquio de forma natural.  Caracter\u00edsticas:\u00a0Incluye funda de transporte y utiliza dos pilas AA.\u00a0   Se recomienda consultar a un m\u00e9dico si los s\u00edntomas persisten.","og_url":"https:\/\/webstore.neilmed.com\/cl\/producto\/eustachi-ejercitador-para-la-trompa-de-eustaquio\/","og_site_name":"NeilMed Chile Web Store","article_publisher":"https:\/\/www.facebook.com\/neilmedcr","article_modified_time":"2026-04-27T23:43:48+00:00","twitter_card":"summary_large_image","twitter_site":"@neilmed","twitter_misc":{"Tiempo estimado de lectura":"1 minuto"},"schema":{"@context":"https:\/\/schema.org","@graph":[{"@type":"WebPage","@id":"https:\/\/webstore.neilmed.com\/cl\/producto\/eustachi-ejercitador-para-la-trompa-de-eustaquio\/","url":"https:\/\/webstore.neilmed.com\/cl\/producto\/eustachi-ejercitador-para-la-trompa-de-eustaquio\/","name":"Eustachi, Ejercitador para la trompa de Eustaquio - NeilMed Chile Web Store","isPartOf":{"@id":"https:\/\/webstore.neilmed.com\/cl\/#website"},"primaryImageOfPage":{"@id":"https:\/\/webstore.neilmed.com\/cl\/producto\/eustachi-ejercitador-para-la-trompa-de-eustaquio\/#primaryimage"},"image":{"@id":"https:\/\/webstore.neilmed.com\/cl\/producto\/eustachi-ejercitador-para-la-trompa-de-eustaquio\/#primaryimage"},"thumbnailUrl":"https:\/\/webstore.neilmed.com\/cl\/wp-content\/uploads\/2026\/04\/eustaqui-2.avif","datePublished":"2026-04-27T23:43:15+00:00","dateModified":"2026-04-27T23:43:48+00:00","breadcrumb":{"@id":"https:\/\/webstore.neilmed.com\/cl\/producto\/eustachi-ejercitador-para-la-trompa-de-eustaquio\/#breadcrumb"},"inLanguage":"es-CL","potentialAction":[{"@type":"ReadAction","target":["https:\/\/webstore.neilmed.com\/cl\/producto\/eustachi-ejercitador-para-la-trompa-de-eustaquio\/"]}]},{"@type":"ImageObject","inLanguage":"es-CL","@id":"https:\/\/webstore.neilmed.com\/cl\/producto\/eustachi-ejercitador-para-la-trompa-de-eustaquio\/#primaryimage","url":"https:\/\/webstore.neilmed.com\/cl\/wp-content\/uploads\/2026\/04\/eustaqui-2.avif","contentUrl":"https:\/\/webstore.neilmed.com\/cl\/wp-content\/uploads\/2026\/04\/eustaqui-2.avif","width":612,"height":612},{"@type":"BreadcrumbList","@id":"https:\/\/webstore.neilmed.com\/cl\/producto\/eustachi-ejercitador-para-la-trompa-de-eustaquio\/#breadcrumb","itemListElement":[{"@type":"ListItem","position":1,"name":"Home","item":"https:\/\/webstore.neilmed.com\/cl\/"},{"@type":"ListItem","position":2,"name":"Productos NeilMed","item":"https:\/\/webstore.neilmed.com\/cl\/productios-neil\/"},{"@type":"ListItem","position":3,"name":"Eustachi, Ejercitador para la trompa de Eustaquio"}]},{"@type":"WebSite","@id":"https:\/\/webstore.neilmed.com\/cl\/#website","url":"https:\/\/webstore.neilmed.com\/cl\/","name":"NeilMed Chile Web Store","description":"NeilMed Chile","publisher":{"@id":"https:\/\/webstore.neilmed.com\/cl\/#organization"},"potentialAction":[{"@type":"SearchAction","target":{"@type":"EntryPoint","urlTemplate":"https:\/\/webstore.neilmed.com\/cl\/?s={search_term_string}"},"query-input":{"@type":"PropertyValueSpecification","valueRequired":true,"valueName":"search_term_string"}}],"inLanguage":"es-CL"},{"@type":"Organization","@id":"https:\/\/webstore.neilmed.com\/cl\/#organization","name":"NeilMed Chile Web Store","url":"https:\/\/webstore.neilmed.com\/cl\/","logo":{"@type":"ImageObject","inLanguage":"es-CL","@id":"https:\/\/webstore.neilmed.com\/cl\/#\/schema\/logo\/image\/","url":"https:\/\/webstore.neilmed.com\/cl\/wp-content\/uploads\/2022\/11\/neilmed-LG_SR_TM.svg","contentUrl":"https:\/\/webstore.neilmed.com\/cl\/wp-content\/uploads\/2022\/11\/neilmed-LG_SR_TM.svg","width":263,"height":44,"caption":"NeilMed Chile Web Store"},"image":{"@id":"https:\/\/webstore.neilmed.com\/cl\/#\/schema\/logo\/image\/"},"sameAs":["https:\/\/www.facebook.com\/neilmedcr","https:\/\/x.com\/neilmed","https:\/\/www.instagram.com\/neilmedchile","https:\/\/www.youtube.com\/neilmed1"]}]}},"jetpack_publicize_connections":[],"jetpack_sharing_enabled":true,"jetpack-related-posts":[{"id":196,"url":"https:\/\/webstore.neilmed.com\/cl\/producto\/neilmed-naspira\/","url_meta":{"origin":4893,"position":0},"title":"NeilMed Naspira","author":"Rodrigo Cano","date":"Marzo 3, 2016","format":false,"excerpt":"Naspira es el aspirador nasal m\u00e1s innovador del mercado para remover las mucosidades de la delicada nariz del beb\u00e9, aliviando de forma eficaz y r\u00e1pida. Su exclusivo dise\u00f1o combina aspectos de seguridad y calidad. Cuenta con un formato 2 en 1, el cual puede ser utilizado como un aspirador o\u2026","rel":"","context":"Entrada similar ","block_context":{"text":"Entrada similar ","link":""},"img":{"alt_text":"","src":"https:\/\/i0.wp.com\/webstore.neilmed.com\/cl\/wp-content\/uploads\/2016\/03\/NOA-0R-48-SPA-INT_Rev6-Front-Panel.png?resize=350%2C200&ssl=1","width":350,"height":200,"srcset":"https:\/\/i0.wp.com\/webstore.neilmed.com\/cl\/wp-content\/uploads\/2016\/03\/NOA-0R-48-SPA-INT_Rev6-Front-Panel.png?resize=350%2C200&ssl=1 1x, https:\/\/i0.wp.com\/webstore.neilmed.com\/cl\/wp-content\/uploads\/2016\/03\/NOA-0R-48-SPA-INT_Rev6-Front-Panel.png?resize=525%2C300&ssl=1 1.5x, https:\/\/i0.wp.com\/webstore.neilmed.com\/cl\/wp-content\/uploads\/2016\/03\/NOA-0R-48-SPA-INT_Rev6-Front-Panel.png?resize=700%2C400&ssl=1 2x, https:\/\/i0.wp.com\/webstore.neilmed.com\/cl\/wp-content\/uploads\/2016\/03\/NOA-0R-48-SPA-INT_Rev6-Front-Panel.png?resize=1050%2C600&ssl=1 3x, https:\/\/i0.wp.com\/webstore.neilmed.com\/cl\/wp-content\/uploads\/2016\/03\/NOA-0R-48-SPA-INT_Rev6-Front-Panel.png?resize=1400%2C800&ssl=1 4x"},"classes":[]},{"id":4898,"url":"https:\/\/webstore.neilmed.com\/cl\/producto\/sinugator\/","url_meta":{"origin":4893,"position":1},"title":"Sinugator","author":"Rodrigo Cano","date":"Abril 27, 2026","format":false,"excerpt":"El\u00a0NeilMed Sinugator\u00a0es un\u00a0irrigador nasal el\u00e9ctrico inal\u00e1mbrico que utiliza pulsaciones suaves para limpiar los senos paranasales y fosas nasales, aliviando alergias, congesti\u00f3n y moco. Ofrece un flujo salino de gran volumen y baja presi\u00f3n para una higiene diaria segura y profunda, siendo eficaz para eliminar irritantes, virus y bacterias.\u00a0 Caracter\u00edsticas y\u2026","rel":"","context":"Entrada similar ","block_context":{"text":"Entrada similar ","link":""},"img":{"alt_text":"","src":"https:\/\/i0.wp.com\/webstore.neilmed.com\/cl\/wp-content\/uploads\/2026\/04\/sinugator.webp?resize=350%2C200&ssl=1","width":350,"height":200,"srcset":"https:\/\/i0.wp.com\/webstore.neilmed.com\/cl\/wp-content\/uploads\/2026\/04\/sinugator.webp?resize=350%2C200&ssl=1 1x, https:\/\/i0.wp.com\/webstore.neilmed.com\/cl\/wp-content\/uploads\/2026\/04\/sinugator.webp?resize=525%2C300&ssl=1 1.5x, https:\/\/i0.wp.com\/webstore.neilmed.com\/cl\/wp-content\/uploads\/2026\/04\/sinugator.webp?resize=700%2C400&ssl=1 2x"},"classes":[]},{"id":3852,"url":"https:\/\/webstore.neilmed.com\/cl\/producto\/piercing-aftercare-fine-mist-75-ml\/","url_meta":{"origin":4893,"position":2},"title":"Piercing Aftercare Fine Mist 75 ml","author":"Rodrigo Cano","date":"Junio 18, 2025","format":false,"excerpt":"El espray salino NeilMed para el cuidado posterior de la perforaci\u00f3n, con una fina niebla y una boquilla especial, es isot\u00f3nico, no contiene f\u00e1rmacos ni conservantes y no produce ardor ni escozor. Viene en formato de viaje.","rel":"","context":"Entrada similar ","block_context":{"text":"Entrada similar ","link":""},"img":{"alt_text":"Piercing Aftercare 75mL front of can","src":"https:\/\/i0.wp.com\/webstore.neilmed.com\/cl\/wp-content\/uploads\/2025\/06\/75mL-FRONT.jpg?resize=350%2C200&ssl=1","width":350,"height":200,"srcset":"https:\/\/i0.wp.com\/webstore.neilmed.com\/cl\/wp-content\/uploads\/2025\/06\/75mL-FRONT.jpg?resize=350%2C200&ssl=1 1x, https:\/\/i0.wp.com\/webstore.neilmed.com\/cl\/wp-content\/uploads\/2025\/06\/75mL-FRONT.jpg?resize=525%2C300&ssl=1 1.5x, https:\/\/i0.wp.com\/webstore.neilmed.com\/cl\/wp-content\/uploads\/2025\/06\/75mL-FRONT.jpg?resize=700%2C400&ssl=1 2x"},"classes":[]},{"id":3846,"url":"https:\/\/webstore.neilmed.com\/cl\/producto\/piercing-aftercare-fine-mist-177-ml\/","url_meta":{"origin":4893,"position":3},"title":"Piercing Aftercare Fine Mist 177 ml","author":"Rodrigo Cano","date":"Junio 18, 2025","format":false,"excerpt":"El espray salino en forma de niebla fina NeilMed para el cuidado posterior de la perforaci\u00f3n con una punta de niebla especial es isot\u00f3nico, no contiene medicamentos, no contiene conservantes y no produce ardor ni escozor.","rel":"","context":"Entrada similar ","block_context":{"text":"Entrada similar ","link":""},"img":{"alt_text":"Piercing Aftercare177mL front of can","src":"https:\/\/i0.wp.com\/webstore.neilmed.com\/cl\/wp-content\/uploads\/2025\/06\/177mL-FRONT.jpg?resize=350%2C200&ssl=1","width":350,"height":200,"srcset":"https:\/\/i0.wp.com\/webstore.neilmed.com\/cl\/wp-content\/uploads\/2025\/06\/177mL-FRONT.jpg?resize=350%2C200&ssl=1 1x, https:\/\/i0.wp.com\/webstore.neilmed.com\/cl\/wp-content\/uploads\/2025\/06\/177mL-FRONT.jpg?resize=525%2C300&ssl=1 1.5x, https:\/\/i0.wp.com\/webstore.neilmed.com\/cl\/wp-content\/uploads\/2025\/06\/177mL-FRONT.jpg?resize=700%2C400&ssl=1 2x"},"classes":[]},{"id":203,"url":"https:\/\/webstore.neilmed.com\/cl\/producto\/nasamist-isotonico-75ml\/","url_meta":{"origin":4893,"position":4},"title":"Nasamist Isot\u00f3nico 75ml","author":"Rodrigo Cano","date":"Marzo 3, 2016","format":false,"excerpt":"Spray nasal de soluci\u00f3n salina que ayuda aliviar las alergias, irritaci\u00f3n nasal, sequedad y la congesti\u00f3n del resfriado com\u00fan o gripe. Hidrata y lubrica los conductos nasales secos para adultos, ni\u00f1os y beb\u00e9s de un a\u00f1o en adelante.","rel":"","context":"Entrada similar ","block_context":{"text":"Entrada similar ","link":""},"img":{"alt_text":"NasaMist Isotonic Product Box","src":"https:\/\/i0.wp.com\/webstore.neilmed.com\/cl\/wp-content\/uploads\/2016\/03\/2701-SPD-INT-Rev1-RIGHT.png?resize=350%2C200&ssl=1","width":350,"height":200,"srcset":"https:\/\/i0.wp.com\/webstore.neilmed.com\/cl\/wp-content\/uploads\/2016\/03\/2701-SPD-INT-Rev1-RIGHT.png?resize=350%2C200&ssl=1 1x, https:\/\/i0.wp.com\/webstore.neilmed.com\/cl\/wp-content\/uploads\/2016\/03\/2701-SPD-INT-Rev1-RIGHT.png?resize=525%2C300&ssl=1 1.5x, https:\/\/i0.wp.com\/webstore.neilmed.com\/cl\/wp-content\/uploads\/2016\/03\/2701-SPD-INT-Rev1-RIGHT.png?resize=700%2C400&ssl=1 2x"},"classes":[]},{"id":3973,"url":"https:\/\/webstore.neilmed.com\/cl\/producto\/sinus-rinse-pediatrico-recarga-x120-sachets\/","url_meta":{"origin":4893,"position":5},"title":"Sinus Rinse Pedi\u00e1trico Recarga x120 sachets","author":"Ryan Mazzucchi","date":"Julio 28, 2025","format":false,"excerpt":"La recarga de 120 sobres de pH equilibrado (grado\u202fUSP) permite preparar soluciones salinas isot\u00f3nicas, sin preservantes ni yodo, compatibles con cualquier dispositivo NeilMed o similar.","rel":"","context":"Entrada similar ","block_context":{"text":"Entrada similar ","link":""},"img":{"alt_text":"sinus rinse pediatrico recarga 120 sachets","src":"https:\/\/i0.wp.com\/webstore.neilmed.com\/cl\/wp-content\/uploads\/2025\/07\/Sinus-Rinse-Pediatrico-x120-sachets.webp?resize=350%2C200&ssl=1","width":350,"height":200,"srcset":"https:\/\/i0.wp.com\/webstore.neilmed.com\/cl\/wp-content\/uploads\/2025\/07\/Sinus-Rinse-Pediatrico-x120-sachets.webp?resize=350%2C200&ssl=1 1x, https:\/\/i0.wp.com\/webstore.neilmed.com\/cl\/wp-content\/uploads\/2025\/07\/Sinus-Rinse-Pediatrico-x120-sachets.webp?resize=525%2C300&ssl=1 1.5x, https:\/\/i0.wp.com\/webstore.neilmed.com\/cl\/wp-content\/uploads\/2025\/07\/Sinus-Rinse-Pediatrico-x120-sachets.webp?resize=700%2C400&ssl=1 2x, https:\/\/i0.wp.com\/webstore.neilmed.com\/cl\/wp-content\/uploads\/2025\/07\/Sinus-Rinse-Pediatrico-x120-sachets.webp?resize=1050%2C600&ssl=1 3x"},"classes":[]}],"_links":{"self":[{"href":"https:\/\/webstore.neilmed.com\/cl\/wp-json\/wp\/v2\/product\/4893","targetHints":{"allow":["GET"]}}],"collection":[{"href":"https:\/\/webstore.neilmed.com\/cl\/wp-json\/wp\/v2\/product"}],"about":[{"href":"https:\/\/webstore.neilmed.com\/cl\/wp-json\/wp\/v2\/types\/product"}],"version-history":[{"count":1,"href":"https:\/\/webstore.neilmed.com\/cl\/wp-json\/wp\/v2\/product\/4893\/revisions"}],"predecessor-version":[{"id":4897,"href":"https:\/\/webstore.neilmed.com\/cl\/wp-json\/wp\/v2\/product\/4893\/revisions\/4897"}],"wp:featuredmedia":[{"embeddable":true,"href":"https:\/\/webstore.neilmed.com\/cl\/wp-json\/wp\/v2\/media\/4896"}],"wp:attachment":[{"href":"https:\/\/webstore.neilmed.com\/cl\/wp-json\/wp\/v2\/media?parent=4893"}],"wp:term":[{"taxonomy":"product_brand","embeddable":true,"href":"https:\/\/webstore.neilmed.com\/cl\/wp-json\/wp\/v2\/product_brand?post=4893"},{"taxonomy":"product_cat","embeddable":true,"href":"https:\/\/webstore.neilmed.com\/cl\/wp-json\/wp\/v2\/product_cat?post=4893"},{"taxonomy":"product_tag","embeddable":true,"href":"https:\/\/webstore.neilmed.com\/cl\/wp-json\/wp\/v2\/product_tag?post=4893"}],"curies":[{"name":"wp","href":"https:\/\/api.w.org\/{rel}","templated":true}]}}