{"id":5695,"date":"2018-05-31T17:10:42","date_gmt":"2018-05-31T22:10:42","guid":{"rendered":"https:\/\/webstore.neilmed.com\/co\/?post_type=product&#038;p=5695"},"modified":"2026-03-23T14:16:17","modified_gmt":"2026-03-23T19:16:17","slug":"nasogel-spray-gel-narices-secas-30-ml","status":"publish","type":"product","link":"https:\/\/webstore.neilmed.com\/co\/product\/nasogel-spray-gel-narices-secas-30-ml\/","title":{"rendered":"NasoGel Spray Gel Narices Secas 30-ml"},"content":{"rendered":"<p>NasoGel\u00ae Spray Gel es un gel nasal en base a una soluci\u00f3n salina libre de f\u00e1rmacos formulado con hialuronato de sodio para proporcionar humedad nasal. NasoGEL\u00ae proporciona la humedad para hidratar y lubricar los conductos nasales secos e irritados causados \u200b\u200bpor el clima seco y calor interior. Ayuda a reducir la sequedad nasal ocasionada durante los viajes a\u00e9reos, el ox\u00edgeno y el uso de CPAP, as\u00ed como los s\u00edntomas de sequedad causada por la rinitis atr\u00f3fica, la radioterapia post operatoria y la cirug\u00eda de los senos sinusales.<\/p>\n<p>NasoGel\u00ae Gel hidratante ayuda a aliviar la resequedad causada por:<br \/>\n\u2022 Aire seco<br \/>\n\u2022 M\u00e1quinas de CPAP<br \/>\n\u2022 Terapia de ox\u00edgeno<br \/>\n\u2022 Sinusitis<br \/>\n\u2022 Alergias<br \/>\n\u2022 Resfr\u00edo com\u00fan<\/p>\n<p><b>Contiene:<\/b><br \/>\nGel de soluci\u00f3n salina isot\u00f3nica soluble en agua con aloe vera y hialuronato de sodio<br \/>\n30 ml<br \/>\nFolleto educacional<\/p>\n<p><b>Instrucciones de Uso y Advertencias<\/b><br \/>\nPor favor lea las Advertencias antes de usar.<br \/>\nUSE SOLO SEG\u00daN LAS INDICACIONES, SI LOS S\u00cdNTOMAS PERSISTEN CONSULTE CON SU M\u00c9DICO. SIEMPRE LEA LA ETIQUETA<\/p>\n<p><b>Indicaciones de uso:<\/b><br \/>\nUtilice 1-2 atomizaciones de NasoGEL\u00ae LIBRE DE GOTEO en cada fosa nasal cada 4 a 6 horas. En caso de sequedad persistente , puede aumentar la frecuencia , despu\u00e9s de consultar a un m\u00e9dico.<\/p>\n<p><b><span style=\"color: #ff0000;\">Advertencia:<\/span> <\/b>Mantener fuera del alcance de los ni\u00f1os . No utilice para la sequedad de la boca. Por favor, no deseche la caja impresa . El producto final dentro del estuche puede no tener todos los datos que se requieren para el uso continuo y debido del producto.<\/p>\n<p>No utilice este producto si usted es al\u00e9rgico a cualquiera de los ingredientes indicados en el envase.<\/p>\n<p>Paso 1 : Retire la tapa de la boquilla<\/p>\n<p>Paso 2 : Retire el cierre de seguridad azul<\/p>\n<p>Paso 3: Para cebar la bomba<\/p>\n<p>( A) Pulse la bomba y mantenerlo en la posici\u00f3n hacia abajo durante 4 segundos seg\u00fan se indica.<\/p>\n<p>( B ) Libere la bomba<\/p>\n<p>( C ) Repetir los pasos a) y b) de 4 a 5 veces o hasta que salga el gel.<\/p>\n<p>NOTA IMPORTANTE : Tiene que pulsar continuamente por 4 segundos para liberar el m\u00e1ximo de potencia de la atomizaci\u00f3n como se muestra en la fig.3.<\/p>\n<p>Paso 4 : Despu\u00e9s de cebar la bomba el gel est\u00e1 listo para dispensar .<\/p>\n<p>Paso 5 : Utilice de 2-4 pulverizaciones de NasoGel en cada fosa nasal cada 4-6 horas . En caso de sequedad persistente, puede aumentar la frecuencia de uso o consultar a su m\u00e9dico.<\/p>\n<p>Paso 6 : Vuelva a colocar el broche de seguridad y la tapa despu\u00e9s de su uso para evitar el secado del producto. La bomba permanecer\u00e1 cebada durante unos d\u00edas. Cebe la bomba, ya que la presi\u00f3n de aire se pierde.<\/p>\n","protected":false},"excerpt":{"rendered":"<p>Spray gel soluble en agua salina con Hialuronato de Sodio y Aloe Vera para hidrataci\u00f3n prolongada de los conductos nasales secos.<\/p>\n","protected":false},"featured_media":7848,"template":"","meta":{"inline_featured_image":false},"product_brand":[],"product_cat":[80],"product_tag":[],"class_list":{"0":"post-5695","1":"product","2":"type-product","3":"status-publish","4":"has-post-thumbnail","6":"product_cat-narices-secas","8":"first","9":"instock","10":"shipping-taxable","11":"purchasable","12":"product-type-simple"},"yoast_head":"<!-- This site is optimized with the Yoast SEO plugin v27.3 - https:\/\/yoast.com\/product\/yoast-seo-wordpress\/ -->\n<title>NasoGel Spray Gel Narices Secas 30-ml - NeilMed Colombia Web Store<\/title>\n<meta name=\"robots\" content=\"index, follow, max-snippet:-1, max-image-preview:large, max-video-preview:-1\" \/>\n<link rel=\"canonical\" href=\"https:\/\/webstore.neilmed.com\/co\/product\/nasogel-spray-gel-narices-secas-30-ml\/\" \/>\n<meta property=\"og:locale\" content=\"es_ES\" \/>\n<meta property=\"og:type\" content=\"article\" \/>\n<meta property=\"og:title\" content=\"NasoGel Spray Gel Narices Secas 30-ml - NeilMed Colombia Web Store\" \/>\n<meta property=\"og:description\" content=\"Spray gel soluble en agua salina con Hialuronato de Sodio y Aloe Vera para hidrataci\u00f3n prolongada de los conductos nasales secos.\" \/>\n<meta property=\"og:url\" content=\"https:\/\/webstore.neilmed.com\/co\/product\/nasogel-spray-gel-narices-secas-30-ml\/\" \/>\n<meta property=\"og:site_name\" content=\"NeilMed Colombia Web Store\" \/>\n<meta property=\"article:publisher\" content=\"https:\/\/www.facebook.com\/neilmedcr\" \/>\n<meta property=\"article:modified_time\" content=\"2026-03-23T19:16:17+00:00\" \/>\n<meta property=\"og:image\" content=\"https:\/\/webstore.neilmed.com\/co\/wp-content\/uploads\/2018\/05\/2803-SPA-INT-Rev18-Main.jpg\" \/>\n\t<meta property=\"og:image:width\" content=\"1000\" \/>\n\t<meta property=\"og:image:height\" content=\"1000\" \/>\n\t<meta property=\"og:image:type\" content=\"image\/jpeg\" \/>\n<meta name=\"twitter:card\" content=\"summary_large_image\" \/>\n<meta name=\"twitter:site\" content=\"@neilmed\" \/>\n<meta name=\"twitter:label1\" content=\"Tiempo de lectura\" \/>\n\t<meta name=\"twitter:data1\" content=\"3 minutos\" \/>\n<script type=\"application\/ld+json\" class=\"yoast-schema-graph\">{\"@context\":\"https:\\\/\\\/schema.org\",\"@graph\":[{\"@type\":\"WebPage\",\"@id\":\"https:\\\/\\\/webstore.neilmed.com\\\/co\\\/product\\\/nasogel-spray-gel-narices-secas-30-ml\\\/\",\"url\":\"https:\\\/\\\/webstore.neilmed.com\\\/co\\\/product\\\/nasogel-spray-gel-narices-secas-30-ml\\\/\",\"name\":\"NasoGel Spray Gel Narices Secas 30-ml - NeilMed Colombia Web Store\",\"isPartOf\":{\"@id\":\"https:\\\/\\\/webstore.neilmed.com\\\/co\\\/#website\"},\"primaryImageOfPage\":{\"@id\":\"https:\\\/\\\/webstore.neilmed.com\\\/co\\\/product\\\/nasogel-spray-gel-narices-secas-30-ml\\\/#primaryimage\"},\"image\":{\"@id\":\"https:\\\/\\\/webstore.neilmed.com\\\/co\\\/product\\\/nasogel-spray-gel-narices-secas-30-ml\\\/#primaryimage\"},\"thumbnailUrl\":\"https:\\\/\\\/i0.wp.com\\\/webstore.neilmed.com\\\/co\\\/wp-content\\\/uploads\\\/2018\\\/05\\\/2803-SPA-INT-Rev18-Main.jpg?fit=1000%2C1000&ssl=1\",\"datePublished\":\"2018-05-31T22:10:42+00:00\",\"dateModified\":\"2026-03-23T19:16:17+00:00\",\"breadcrumb\":{\"@id\":\"https:\\\/\\\/webstore.neilmed.com\\\/co\\\/product\\\/nasogel-spray-gel-narices-secas-30-ml\\\/#breadcrumb\"},\"inLanguage\":\"es-CO\",\"potentialAction\":[{\"@type\":\"ReadAction\",\"target\":[\"https:\\\/\\\/webstore.neilmed.com\\\/co\\\/product\\\/nasogel-spray-gel-narices-secas-30-ml\\\/\"]}]},{\"@type\":\"ImageObject\",\"inLanguage\":\"es-CO\",\"@id\":\"https:\\\/\\\/webstore.neilmed.com\\\/co\\\/product\\\/nasogel-spray-gel-narices-secas-30-ml\\\/#primaryimage\",\"url\":\"https:\\\/\\\/i0.wp.com\\\/webstore.neilmed.com\\\/co\\\/wp-content\\\/uploads\\\/2018\\\/05\\\/2803-SPA-INT-Rev18-Main.jpg?fit=1000%2C1000&ssl=1\",\"contentUrl\":\"https:\\\/\\\/i0.wp.com\\\/webstore.neilmed.com\\\/co\\\/wp-content\\\/uploads\\\/2018\\\/05\\\/2803-SPA-INT-Rev18-Main.jpg?fit=1000%2C1000&ssl=1\",\"width\":1000,\"height\":1000,\"caption\":\"NasoGel Spray Product Box\"},{\"@type\":\"BreadcrumbList\",\"@id\":\"https:\\\/\\\/webstore.neilmed.com\\\/co\\\/product\\\/nasogel-spray-gel-narices-secas-30-ml\\\/#breadcrumb\",\"itemListElement\":[{\"@type\":\"ListItem\",\"position\":1,\"name\":\"Home\",\"item\":\"https:\\\/\\\/webstore.neilmed.com\\\/co\\\/\"},{\"@type\":\"ListItem\",\"position\":2,\"name\":\"Productos\",\"item\":\"https:\\\/\\\/webstore.neilmed.com\\\/co\\\/shop\\\/\"},{\"@type\":\"ListItem\",\"position\":3,\"name\":\"NasoGel Spray Gel Narices Secas 30-ml\"}]},{\"@type\":\"WebSite\",\"@id\":\"https:\\\/\\\/webstore.neilmed.com\\\/co\\\/#website\",\"url\":\"https:\\\/\\\/webstore.neilmed.com\\\/co\\\/\",\"name\":\"NeilMed Colombia Web Store\",\"description\":\"\",\"publisher\":{\"@id\":\"https:\\\/\\\/webstore.neilmed.com\\\/co\\\/#organization\"},\"potentialAction\":[{\"@type\":\"SearchAction\",\"target\":{\"@type\":\"EntryPoint\",\"urlTemplate\":\"https:\\\/\\\/webstore.neilmed.com\\\/co\\\/?s={search_term_string}\"},\"query-input\":{\"@type\":\"PropertyValueSpecification\",\"valueRequired\":true,\"valueName\":\"search_term_string\"}}],\"inLanguage\":\"es-CO\"},{\"@type\":\"Organization\",\"@id\":\"https:\\\/\\\/webstore.neilmed.com\\\/co\\\/#organization\",\"name\":\"NeilMed Colombia Web Store\",\"url\":\"https:\\\/\\\/webstore.neilmed.com\\\/co\\\/\",\"logo\":{\"@type\":\"ImageObject\",\"inLanguage\":\"es-CO\",\"@id\":\"https:\\\/\\\/webstore.neilmed.com\\\/co\\\/#\\\/schema\\\/logo\\\/image\\\/\",\"url\":\"https:\\\/\\\/webstore.neilmed.com\\\/co\\\/wp-content\\\/uploads\\\/2022\\\/05\\\/neilmed-LG_SR_TM.svg\",\"contentUrl\":\"https:\\\/\\\/webstore.neilmed.com\\\/co\\\/wp-content\\\/uploads\\\/2022\\\/05\\\/neilmed-LG_SR_TM.svg\",\"width\":\"1024\",\"height\":\"1024\",\"caption\":\"NeilMed Colombia Web Store\"},\"image\":{\"@id\":\"https:\\\/\\\/webstore.neilmed.com\\\/co\\\/#\\\/schema\\\/logo\\\/image\\\/\"},\"sameAs\":[\"https:\\\/\\\/www.facebook.com\\\/neilmedcr\",\"https:\\\/\\\/x.com\\\/neilmed\",\"https:\\\/\\\/www.instagram.com\\\/neilmed\",\"https:\\\/\\\/www.youtube.com\\\/neilmed1\"]}]}<\/script>\n<!-- \/ Yoast SEO plugin. -->","yoast_head_json":{"title":"NasoGel Spray Gel Narices Secas 30-ml - NeilMed Colombia Web Store","robots":{"index":"index","follow":"follow","max-snippet":"max-snippet:-1","max-image-preview":"max-image-preview:large","max-video-preview":"max-video-preview:-1"},"canonical":"https:\/\/webstore.neilmed.com\/co\/product\/nasogel-spray-gel-narices-secas-30-ml\/","og_locale":"es_ES","og_type":"article","og_title":"NasoGel Spray Gel Narices Secas 30-ml - NeilMed Colombia Web Store","og_description":"Spray gel soluble en agua salina con Hialuronato de Sodio y Aloe Vera para hidrataci\u00f3n prolongada de los conductos nasales secos.","og_url":"https:\/\/webstore.neilmed.com\/co\/product\/nasogel-spray-gel-narices-secas-30-ml\/","og_site_name":"NeilMed Colombia Web Store","article_publisher":"https:\/\/www.facebook.com\/neilmedcr","article_modified_time":"2026-03-23T19:16:17+00:00","og_image":[{"width":1000,"height":1000,"url":"https:\/\/webstore.neilmed.com\/co\/wp-content\/uploads\/2018\/05\/2803-SPA-INT-Rev18-Main.jpg","type":"image\/jpeg"}],"twitter_card":"summary_large_image","twitter_site":"@neilmed","twitter_misc":{"Tiempo de lectura":"3 minutos"},"schema":{"@context":"https:\/\/schema.org","@graph":[{"@type":"WebPage","@id":"https:\/\/webstore.neilmed.com\/co\/product\/nasogel-spray-gel-narices-secas-30-ml\/","url":"https:\/\/webstore.neilmed.com\/co\/product\/nasogel-spray-gel-narices-secas-30-ml\/","name":"NasoGel Spray Gel Narices Secas 30-ml - NeilMed Colombia Web Store","isPartOf":{"@id":"https:\/\/webstore.neilmed.com\/co\/#website"},"primaryImageOfPage":{"@id":"https:\/\/webstore.neilmed.com\/co\/product\/nasogel-spray-gel-narices-secas-30-ml\/#primaryimage"},"image":{"@id":"https:\/\/webstore.neilmed.com\/co\/product\/nasogel-spray-gel-narices-secas-30-ml\/#primaryimage"},"thumbnailUrl":"https:\/\/i0.wp.com\/webstore.neilmed.com\/co\/wp-content\/uploads\/2018\/05\/2803-SPA-INT-Rev18-Main.jpg?fit=1000%2C1000&ssl=1","datePublished":"2018-05-31T22:10:42+00:00","dateModified":"2026-03-23T19:16:17+00:00","breadcrumb":{"@id":"https:\/\/webstore.neilmed.com\/co\/product\/nasogel-spray-gel-narices-secas-30-ml\/#breadcrumb"},"inLanguage":"es-CO","potentialAction":[{"@type":"ReadAction","target":["https:\/\/webstore.neilmed.com\/co\/product\/nasogel-spray-gel-narices-secas-30-ml\/"]}]},{"@type":"ImageObject","inLanguage":"es-CO","@id":"https:\/\/webstore.neilmed.com\/co\/product\/nasogel-spray-gel-narices-secas-30-ml\/#primaryimage","url":"https:\/\/i0.wp.com\/webstore.neilmed.com\/co\/wp-content\/uploads\/2018\/05\/2803-SPA-INT-Rev18-Main.jpg?fit=1000%2C1000&ssl=1","contentUrl":"https:\/\/i0.wp.com\/webstore.neilmed.com\/co\/wp-content\/uploads\/2018\/05\/2803-SPA-INT-Rev18-Main.jpg?fit=1000%2C1000&ssl=1","width":1000,"height":1000,"caption":"NasoGel Spray Product Box"},{"@type":"BreadcrumbList","@id":"https:\/\/webstore.neilmed.com\/co\/product\/nasogel-spray-gel-narices-secas-30-ml\/#breadcrumb","itemListElement":[{"@type":"ListItem","position":1,"name":"Home","item":"https:\/\/webstore.neilmed.com\/co\/"},{"@type":"ListItem","position":2,"name":"Productos","item":"https:\/\/webstore.neilmed.com\/co\/shop\/"},{"@type":"ListItem","position":3,"name":"NasoGel Spray Gel Narices Secas 30-ml"}]},{"@type":"WebSite","@id":"https:\/\/webstore.neilmed.com\/co\/#website","url":"https:\/\/webstore.neilmed.com\/co\/","name":"NeilMed Colombia Web Store","description":"","publisher":{"@id":"https:\/\/webstore.neilmed.com\/co\/#organization"},"potentialAction":[{"@type":"SearchAction","target":{"@type":"EntryPoint","urlTemplate":"https:\/\/webstore.neilmed.com\/co\/?s={search_term_string}"},"query-input":{"@type":"PropertyValueSpecification","valueRequired":true,"valueName":"search_term_string"}}],"inLanguage":"es-CO"},{"@type":"Organization","@id":"https:\/\/webstore.neilmed.com\/co\/#organization","name":"NeilMed Colombia Web Store","url":"https:\/\/webstore.neilmed.com\/co\/","logo":{"@type":"ImageObject","inLanguage":"es-CO","@id":"https:\/\/webstore.neilmed.com\/co\/#\/schema\/logo\/image\/","url":"https:\/\/webstore.neilmed.com\/co\/wp-content\/uploads\/2022\/05\/neilmed-LG_SR_TM.svg","contentUrl":"https:\/\/webstore.neilmed.com\/co\/wp-content\/uploads\/2022\/05\/neilmed-LG_SR_TM.svg","width":"1024","height":"1024","caption":"NeilMed Colombia Web Store"},"image":{"@id":"https:\/\/webstore.neilmed.com\/co\/#\/schema\/logo\/image\/"},"sameAs":["https:\/\/www.facebook.com\/neilmedcr","https:\/\/x.com\/neilmed","https:\/\/www.instagram.com\/neilmed","https:\/\/www.youtube.com\/neilmed1"]}]}},"jetpack_sharing_enabled":true,"_links":{"self":[{"href":"https:\/\/webstore.neilmed.com\/co\/wp-json\/wp\/v2\/product\/5695","targetHints":{"allow":["GET"]}}],"collection":[{"href":"https:\/\/webstore.neilmed.com\/co\/wp-json\/wp\/v2\/product"}],"about":[{"href":"https:\/\/webstore.neilmed.com\/co\/wp-json\/wp\/v2\/types\/product"}],"wp:featuredmedia":[{"embeddable":true,"href":"https:\/\/webstore.neilmed.com\/co\/wp-json\/wp\/v2\/media\/7848"}],"wp:attachment":[{"href":"https:\/\/webstore.neilmed.com\/co\/wp-json\/wp\/v2\/media?parent=5695"}],"wp:term":[{"taxonomy":"product_brand","embeddable":true,"href":"https:\/\/webstore.neilmed.com\/co\/wp-json\/wp\/v2\/product_brand?post=5695"},{"taxonomy":"product_cat","embeddable":true,"href":"https:\/\/webstore.neilmed.com\/co\/wp-json\/wp\/v2\/product_cat?post=5695"},{"taxonomy":"product_tag","embeddable":true,"href":"https:\/\/webstore.neilmed.com\/co\/wp-json\/wp\/v2\/product_tag?post=5695"}],"curies":[{"name":"wp","href":"https:\/\/api.w.org\/{rel}","templated":true}]}}