{"id":7597,"date":"2025-10-17T16:36:16","date_gmt":"2025-10-17T21:36:16","guid":{"rendered":"https:\/\/webstore.neilmed.com\/co\/?post_type=product&#038;p=7597"},"modified":"2026-03-09T12:29:11","modified_gmt":"2026-03-09T17:29:11","slug":"sinuinhaler-x6","status":"publish","type":"product","link":"https:\/\/webstore.neilmed.com\/co\/product\/sinuinhaler-x6\/","title":{"rendered":"SinuInhaler x6"},"content":{"rendered":"<p>SinuInhaler, inhalador de aromaterapia natural sin medicamentos.<br \/>\nSinuInhaler esta dise\u00f1ado para despejar y abrir temporalmente la nariz congestionada con una sensaci\u00f3n vigorizante<\/p>\n<p><strong>Ingredientes:<\/strong><\/p>\n<p>Aceites esenciales de Menta, Eucalipto, Mentol y Lavanda.<\/p>\n<p><strong>Instrucciones de uso:<\/strong><\/p>\n<p>Retirar la tapa, introducir la punta en la fosa nasal e inhalar suavemente.<\/p>\n<p>Repetir en el lado opuesto. Utilizar seg\u00fan necesidad, interrumpir si se produce irritaci\u00f3n.<\/p>\n<p><strong>Precauci\u00f3n:<\/strong><\/p>\n<p>Utilizar s\u00f3lo seg\u00fan indicaciones. No est\u00e1 destinado al consumo interno. Mantener fuera del alcance de los ni\u00f1os. No crea h\u00e1bito. Estas afirmaciones no han sido evaluadas por la FDA de los Estados Unidos. Este producto no est\u00e1 destinado a diagnosticar, tratar, curar o prevenir ninguna enfermedad.<\/p>\n","protected":false},"excerpt":{"rendered":"<p>SinuInhaler, inhalador de aromaterapia natural sin medicamentos. SinuInhaler esta dise\u00f1ado para despejar y abrir temporalmente la nariz congestionada con una sensaci\u00f3n vigorizante Ingredientes: Aceites esenciales de Menta, Eucalipto, Mentol y Lavanda. Instrucciones de uso: Retirar la tapa, introducir la punta en la fosa nasal e inhalar suavemente. Repetir en el lado opuesto. Utilizar seg\u00fan necesidad,&hellip;<\/p>\n","protected":false},"featured_media":7598,"template":"","meta":{"inline_featured_image":false},"product_brand":[],"product_cat":[71],"product_tag":[],"class_list":{"0":"post-7597","1":"product","2":"type-product","3":"status-publish","4":"has-post-thumbnail","6":"product_cat-cuidado-nasal","8":"first","9":"instock","10":"shipping-taxable","11":"purchasable","12":"product-type-simple"},"yoast_head":"<!-- This site is optimized with the Yoast SEO plugin v27.4 - https:\/\/yoast.com\/product\/yoast-seo-wordpress\/ -->\n<title>SinuInhaler x6 - NeilMed Colombia Web Store<\/title>\n<meta name=\"robots\" content=\"index, follow, max-snippet:-1, max-image-preview:large, max-video-preview:-1\" \/>\n<link rel=\"canonical\" href=\"https:\/\/webstore.neilmed.com\/co\/product\/sinuinhaler-x6\/\" \/>\n<meta property=\"og:locale\" content=\"es_ES\" \/>\n<meta property=\"og:type\" content=\"article\" \/>\n<meta property=\"og:title\" content=\"SinuInhaler x6 - NeilMed Colombia Web Store\" \/>\n<meta property=\"og:description\" content=\"SinuInhaler, inhalador de aromaterapia natural sin medicamentos. SinuInhaler esta dise\u00f1ado para despejar y abrir temporalmente la nariz congestionada con una sensaci\u00f3n vigorizante Ingredientes: Aceites esenciales de Menta, Eucalipto, Mentol y Lavanda. Instrucciones de uso: Retirar la tapa, introducir la punta en la fosa nasal e inhalar suavemente. Repetir en el lado opuesto. Utilizar seg\u00fan necesidad,&hellip;\" \/>\n<meta property=\"og:url\" content=\"https:\/\/webstore.neilmed.com\/co\/product\/sinuinhaler-x6\/\" \/>\n<meta property=\"og:site_name\" content=\"NeilMed Colombia Web Store\" \/>\n<meta property=\"article:publisher\" content=\"https:\/\/www.facebook.com\/neilmedcr\" \/>\n<meta property=\"article:modified_time\" content=\"2026-03-09T17:29:11+00:00\" \/>\n<meta property=\"og:image\" content=\"https:\/\/webstore.neilmed.com\/co\/wp-content\/uploads\/2025\/10\/Sinuinhaler-x-6.jpeg\" \/>\n\t<meta property=\"og:image:width\" content=\"650\" \/>\n\t<meta property=\"og:image:height\" content=\"555\" \/>\n\t<meta property=\"og:image:type\" content=\"image\/jpeg\" \/>\n<meta name=\"twitter:card\" content=\"summary_large_image\" \/>\n<meta name=\"twitter:site\" content=\"@neilmed\" \/>\n<meta name=\"twitter:label1\" content=\"Tiempo de lectura\" \/>\n\t<meta name=\"twitter:data1\" content=\"1 minuto\" \/>\n<script type=\"application\/ld+json\" class=\"yoast-schema-graph\">{\"@context\":\"https:\\\/\\\/schema.org\",\"@graph\":[{\"@type\":\"WebPage\",\"@id\":\"https:\\\/\\\/webstore.neilmed.com\\\/co\\\/product\\\/sinuinhaler-x6\\\/\",\"url\":\"https:\\\/\\\/webstore.neilmed.com\\\/co\\\/product\\\/sinuinhaler-x6\\\/\",\"name\":\"SinuInhaler x6 - NeilMed Colombia Web Store\",\"isPartOf\":{\"@id\":\"https:\\\/\\\/webstore.neilmed.com\\\/co\\\/#website\"},\"primaryImageOfPage\":{\"@id\":\"https:\\\/\\\/webstore.neilmed.com\\\/co\\\/product\\\/sinuinhaler-x6\\\/#primaryimage\"},\"image\":{\"@id\":\"https:\\\/\\\/webstore.neilmed.com\\\/co\\\/product\\\/sinuinhaler-x6\\\/#primaryimage\"},\"thumbnailUrl\":\"https:\\\/\\\/i0.wp.com\\\/webstore.neilmed.com\\\/co\\\/wp-content\\\/uploads\\\/2025\\\/10\\\/Sinuinhaler-x-6.jpeg?fit=650%2C555&ssl=1\",\"datePublished\":\"2025-10-17T21:36:16+00:00\",\"dateModified\":\"2026-03-09T17:29:11+00:00\",\"breadcrumb\":{\"@id\":\"https:\\\/\\\/webstore.neilmed.com\\\/co\\\/product\\\/sinuinhaler-x6\\\/#breadcrumb\"},\"inLanguage\":\"es-CO\",\"potentialAction\":[{\"@type\":\"ReadAction\",\"target\":[\"https:\\\/\\\/webstore.neilmed.com\\\/co\\\/product\\\/sinuinhaler-x6\\\/\"]}]},{\"@type\":\"ImageObject\",\"inLanguage\":\"es-CO\",\"@id\":\"https:\\\/\\\/webstore.neilmed.com\\\/co\\\/product\\\/sinuinhaler-x6\\\/#primaryimage\",\"url\":\"https:\\\/\\\/i0.wp.com\\\/webstore.neilmed.com\\\/co\\\/wp-content\\\/uploads\\\/2025\\\/10\\\/Sinuinhaler-x-6.jpeg?fit=650%2C555&ssl=1\",\"contentUrl\":\"https:\\\/\\\/i0.wp.com\\\/webstore.neilmed.com\\\/co\\\/wp-content\\\/uploads\\\/2025\\\/10\\\/Sinuinhaler-x-6.jpeg?fit=650%2C555&ssl=1\",\"width\":650,\"height\":555,\"caption\":\"SinuInhaler x6\"},{\"@type\":\"BreadcrumbList\",\"@id\":\"https:\\\/\\\/webstore.neilmed.com\\\/co\\\/product\\\/sinuinhaler-x6\\\/#breadcrumb\",\"itemListElement\":[{\"@type\":\"ListItem\",\"position\":1,\"name\":\"Home\",\"item\":\"https:\\\/\\\/webstore.neilmed.com\\\/co\\\/\"},{\"@type\":\"ListItem\",\"position\":2,\"name\":\"Productos\",\"item\":\"https:\\\/\\\/webstore.neilmed.com\\\/co\\\/shop\\\/\"},{\"@type\":\"ListItem\",\"position\":3,\"name\":\"SinuInhaler x6\"}]},{\"@type\":\"WebSite\",\"@id\":\"https:\\\/\\\/webstore.neilmed.com\\\/co\\\/#website\",\"url\":\"https:\\\/\\\/webstore.neilmed.com\\\/co\\\/\",\"name\":\"NeilMed Colombia Web Store\",\"description\":\"\",\"publisher\":{\"@id\":\"https:\\\/\\\/webstore.neilmed.com\\\/co\\\/#organization\"},\"potentialAction\":[{\"@type\":\"SearchAction\",\"target\":{\"@type\":\"EntryPoint\",\"urlTemplate\":\"https:\\\/\\\/webstore.neilmed.com\\\/co\\\/?s={search_term_string}\"},\"query-input\":{\"@type\":\"PropertyValueSpecification\",\"valueRequired\":true,\"valueName\":\"search_term_string\"}}],\"inLanguage\":\"es-CO\"},{\"@type\":\"Organization\",\"@id\":\"https:\\\/\\\/webstore.neilmed.com\\\/co\\\/#organization\",\"name\":\"NeilMed Colombia Web Store\",\"url\":\"https:\\\/\\\/webstore.neilmed.com\\\/co\\\/\",\"logo\":{\"@type\":\"ImageObject\",\"inLanguage\":\"es-CO\",\"@id\":\"https:\\\/\\\/webstore.neilmed.com\\\/co\\\/#\\\/schema\\\/logo\\\/image\\\/\",\"url\":\"https:\\\/\\\/webstore.neilmed.com\\\/co\\\/wp-content\\\/uploads\\\/2022\\\/05\\\/neilmed-LG_SR_TM.svg\",\"contentUrl\":\"https:\\\/\\\/webstore.neilmed.com\\\/co\\\/wp-content\\\/uploads\\\/2022\\\/05\\\/neilmed-LG_SR_TM.svg\",\"width\":\"1024\",\"height\":\"1024\",\"caption\":\"NeilMed Colombia Web Store\"},\"image\":{\"@id\":\"https:\\\/\\\/webstore.neilmed.com\\\/co\\\/#\\\/schema\\\/logo\\\/image\\\/\"},\"sameAs\":[\"https:\\\/\\\/www.facebook.com\\\/neilmedcr\",\"https:\\\/\\\/x.com\\\/neilmed\",\"https:\\\/\\\/www.instagram.com\\\/neilmed\",\"https:\\\/\\\/www.youtube.com\\\/neilmed1\"]}]}<\/script>\n<!-- \/ Yoast SEO plugin. -->","yoast_head_json":{"title":"SinuInhaler x6 - NeilMed Colombia Web Store","robots":{"index":"index","follow":"follow","max-snippet":"max-snippet:-1","max-image-preview":"max-image-preview:large","max-video-preview":"max-video-preview:-1"},"canonical":"https:\/\/webstore.neilmed.com\/co\/product\/sinuinhaler-x6\/","og_locale":"es_ES","og_type":"article","og_title":"SinuInhaler x6 - NeilMed Colombia Web Store","og_description":"SinuInhaler, inhalador de aromaterapia natural sin medicamentos. SinuInhaler esta dise\u00f1ado para despejar y abrir temporalmente la nariz congestionada con una sensaci\u00f3n vigorizante Ingredientes: Aceites esenciales de Menta, Eucalipto, Mentol y Lavanda. Instrucciones de uso: Retirar la tapa, introducir la punta en la fosa nasal e inhalar suavemente. Repetir en el lado opuesto. Utilizar seg\u00fan necesidad,&hellip;","og_url":"https:\/\/webstore.neilmed.com\/co\/product\/sinuinhaler-x6\/","og_site_name":"NeilMed Colombia Web Store","article_publisher":"https:\/\/www.facebook.com\/neilmedcr","article_modified_time":"2026-03-09T17:29:11+00:00","og_image":[{"width":650,"height":555,"url":"https:\/\/webstore.neilmed.com\/co\/wp-content\/uploads\/2025\/10\/Sinuinhaler-x-6.jpeg","type":"image\/jpeg"}],"twitter_card":"summary_large_image","twitter_site":"@neilmed","twitter_misc":{"Tiempo de lectura":"1 minuto"},"schema":{"@context":"https:\/\/schema.org","@graph":[{"@type":"WebPage","@id":"https:\/\/webstore.neilmed.com\/co\/product\/sinuinhaler-x6\/","url":"https:\/\/webstore.neilmed.com\/co\/product\/sinuinhaler-x6\/","name":"SinuInhaler x6 - NeilMed Colombia Web Store","isPartOf":{"@id":"https:\/\/webstore.neilmed.com\/co\/#website"},"primaryImageOfPage":{"@id":"https:\/\/webstore.neilmed.com\/co\/product\/sinuinhaler-x6\/#primaryimage"},"image":{"@id":"https:\/\/webstore.neilmed.com\/co\/product\/sinuinhaler-x6\/#primaryimage"},"thumbnailUrl":"https:\/\/i0.wp.com\/webstore.neilmed.com\/co\/wp-content\/uploads\/2025\/10\/Sinuinhaler-x-6.jpeg?fit=650%2C555&ssl=1","datePublished":"2025-10-17T21:36:16+00:00","dateModified":"2026-03-09T17:29:11+00:00","breadcrumb":{"@id":"https:\/\/webstore.neilmed.com\/co\/product\/sinuinhaler-x6\/#breadcrumb"},"inLanguage":"es-CO","potentialAction":[{"@type":"ReadAction","target":["https:\/\/webstore.neilmed.com\/co\/product\/sinuinhaler-x6\/"]}]},{"@type":"ImageObject","inLanguage":"es-CO","@id":"https:\/\/webstore.neilmed.com\/co\/product\/sinuinhaler-x6\/#primaryimage","url":"https:\/\/i0.wp.com\/webstore.neilmed.com\/co\/wp-content\/uploads\/2025\/10\/Sinuinhaler-x-6.jpeg?fit=650%2C555&ssl=1","contentUrl":"https:\/\/i0.wp.com\/webstore.neilmed.com\/co\/wp-content\/uploads\/2025\/10\/Sinuinhaler-x-6.jpeg?fit=650%2C555&ssl=1","width":650,"height":555,"caption":"SinuInhaler x6"},{"@type":"BreadcrumbList","@id":"https:\/\/webstore.neilmed.com\/co\/product\/sinuinhaler-x6\/#breadcrumb","itemListElement":[{"@type":"ListItem","position":1,"name":"Home","item":"https:\/\/webstore.neilmed.com\/co\/"},{"@type":"ListItem","position":2,"name":"Productos","item":"https:\/\/webstore.neilmed.com\/co\/shop\/"},{"@type":"ListItem","position":3,"name":"SinuInhaler x6"}]},{"@type":"WebSite","@id":"https:\/\/webstore.neilmed.com\/co\/#website","url":"https:\/\/webstore.neilmed.com\/co\/","name":"NeilMed Colombia Web Store","description":"","publisher":{"@id":"https:\/\/webstore.neilmed.com\/co\/#organization"},"potentialAction":[{"@type":"SearchAction","target":{"@type":"EntryPoint","urlTemplate":"https:\/\/webstore.neilmed.com\/co\/?s={search_term_string}"},"query-input":{"@type":"PropertyValueSpecification","valueRequired":true,"valueName":"search_term_string"}}],"inLanguage":"es-CO"},{"@type":"Organization","@id":"https:\/\/webstore.neilmed.com\/co\/#organization","name":"NeilMed Colombia Web Store","url":"https:\/\/webstore.neilmed.com\/co\/","logo":{"@type":"ImageObject","inLanguage":"es-CO","@id":"https:\/\/webstore.neilmed.com\/co\/#\/schema\/logo\/image\/","url":"https:\/\/webstore.neilmed.com\/co\/wp-content\/uploads\/2022\/05\/neilmed-LG_SR_TM.svg","contentUrl":"https:\/\/webstore.neilmed.com\/co\/wp-content\/uploads\/2022\/05\/neilmed-LG_SR_TM.svg","width":"1024","height":"1024","caption":"NeilMed Colombia Web Store"},"image":{"@id":"https:\/\/webstore.neilmed.com\/co\/#\/schema\/logo\/image\/"},"sameAs":["https:\/\/www.facebook.com\/neilmedcr","https:\/\/x.com\/neilmed","https:\/\/www.instagram.com\/neilmed","https:\/\/www.youtube.com\/neilmed1"]}]}},"jetpack_sharing_enabled":true,"_links":{"self":[{"href":"https:\/\/webstore.neilmed.com\/co\/wp-json\/wp\/v2\/product\/7597","targetHints":{"allow":["GET"]}}],"collection":[{"href":"https:\/\/webstore.neilmed.com\/co\/wp-json\/wp\/v2\/product"}],"about":[{"href":"https:\/\/webstore.neilmed.com\/co\/wp-json\/wp\/v2\/types\/product"}],"wp:featuredmedia":[{"embeddable":true,"href":"https:\/\/webstore.neilmed.com\/co\/wp-json\/wp\/v2\/media\/7598"}],"wp:attachment":[{"href":"https:\/\/webstore.neilmed.com\/co\/wp-json\/wp\/v2\/media?parent=7597"}],"wp:term":[{"taxonomy":"product_brand","embeddable":true,"href":"https:\/\/webstore.neilmed.com\/co\/wp-json\/wp\/v2\/product_brand?post=7597"},{"taxonomy":"product_cat","embeddable":true,"href":"https:\/\/webstore.neilmed.com\/co\/wp-json\/wp\/v2\/product_cat?post=7597"},{"taxonomy":"product_tag","embeddable":true,"href":"https:\/\/webstore.neilmed.com\/co\/wp-json\/wp\/v2\/product_tag?post=7597"}],"curies":[{"name":"wp","href":"https:\/\/api.w.org\/{rel}","templated":true}]}}