{"id":3787,"date":"2017-01-15T17:36:48","date_gmt":"2017-01-15T17:36:48","guid":{"rendered":"http:\/\/themepiko.com\/demo\/stock\/default\/?page_id=3787"},"modified":"2024-12-20T12:42:02","modified_gmt":"2024-12-20T18:42:02","slug":"contact-us","status":"publish","type":"page","link":"https:\/\/webstore.neilmed.com\/cr\/contact-us\/","title":{"rendered":"Cont\u00e1ctenos"},"content":{"rendered":"\n\n\t<iframe src=\"https:\/\/www.google.com\/maps\/embed\/v1\/place?q=Costa+Rica+SRL+Office+%23401%2C4th+Floor+Torres+Paseo+Col%C3%B3n+San+Jos%C3%A9%2C+Paseo+Col%C3%B3n&#038;key=AIzaSyD09zQ9PNDNNy9TadMuzRV_UsPUoWKntt8\" aria-hidden=\"true\"><\/iframe>\n\tNeilMed Latam Costa Rica SRL<br \/>\nOffice #401,4th Floor Torres Paseo Col\u00f3n<br \/>\nSan Jos\u00e9, Paseo Col\u00f3n<br \/>\nPhone: +50641063445<br \/>\nEmail: <a href=\"mailto:infocostarica@neilmed.com\">infocostarica@neilmed.com<\/a>\n\t\t<h3>Free shipping<\/h3><p>Free shipping on all orders over $30<\/p>\n\t\t<h3>24X7 Support<\/h3><p>Our support team is available 24X7 to answer all your queries and concerns.<\/p>\n\t\t<h3>Return Policy<\/h3><p>Not happy with the purchase. Return within 90 days.<\/p>\n\t\t<h3>Secured Payment<\/h3><p>We ensure 100% secure payment through 128 bit SSL layer<\/p>\n<h2>\n\t\tCont\u00e1ctenos\n\t<\/h2>\n\t\n<div class=\"wpcf7 no-js\" id=\"wpcf7-f3789-o1\" lang=\"en-US\" dir=\"ltr\" data-wpcf7-id=\"3789\">\n<div class=\"screen-reader-response\"><p role=\"status\" aria-live=\"polite\" aria-atomic=\"true\"><\/p> <ul><\/ul><\/div>\n<form action=\"\/cr\/wp-json\/wp\/v2\/pages\/3787#wpcf7-f3789-o1\" method=\"post\" class=\"wpcf7-form init\" aria-label=\"Contact form\" novalidate=\"novalidate\" data-status=\"init\">\n<fieldset class=\"hidden-fields-container\"><input type=\"hidden\" name=\"_wpcf7\" value=\"3789\" \/><input type=\"hidden\" name=\"_wpcf7_version\" value=\"6.1.5\" \/><input type=\"hidden\" name=\"_wpcf7_locale\" value=\"en_US\" \/><input type=\"hidden\" name=\"_wpcf7_unit_tag\" value=\"wpcf7-f3789-o1\" \/><input type=\"hidden\" name=\"_wpcf7_container_post\" value=\"0\" \/><input type=\"hidden\" name=\"_wpcf7_posted_data_hash\" value=\"\" \/><input type=\"hidden\" name=\"_wpcf7_recaptcha_response\" value=\"\" \/>\n<\/fieldset>\n<div class=\"form-group label-overlay\">\n\t<p><span class=\"wpcf7-form-control-wrap\" data-name=\"your-name\"><input size=\"40\" maxlength=\"400\" class=\"wpcf7-form-control wpcf7-text wpcf7-validates-as-required form-control\" aria-required=\"true\" aria-invalid=\"false\" placeholder=\"Enter your name\" value=\"\" type=\"text\" name=\"your-name\" \/><\/span>\n\t<\/p>\n<\/div>\n<div class=\"form-group label-overlay\">\n\t<p><span class=\"wpcf7-form-control-wrap\" data-name=\"your-phone\"><input size=\"40\" maxlength=\"400\" class=\"wpcf7-form-control wpcf7-text wpcf7-validates-as-required form-control\" aria-required=\"true\" aria-invalid=\"false\" placeholder=\"Enter your phone number\" value=\"\" type=\"text\" name=\"your-phone\" \/><\/span>\n\t<\/p>\n<\/div>\n<div class=\"form-group label-overlay\">\n\t<p><span class=\"wpcf7-form-control-wrap\" data-name=\"your-email\"><input size=\"40\" maxlength=\"400\" class=\"wpcf7-form-control wpcf7-email wpcf7-validates-as-required wpcf7-text wpcf7-validates-as-email form-control\" aria-required=\"true\" aria-invalid=\"false\" placeholder=\"Enter your email\" value=\"\" type=\"email\" name=\"your-email\" \/><\/span>\n\t<\/p>\n<\/div>\n<div class=\"form-group label-overlay\">\n\t<p><span class=\"wpcf7-form-control-wrap\" data-name=\"your-subject\"><input size=\"40\" maxlength=\"400\" class=\"wpcf7-form-control wpcf7-text form-control\" aria-invalid=\"false\" placeholder=\"Enter your Subject\" value=\"\" type=\"text\" name=\"your-subject\" \/><\/span>\n\t<\/p>\n<\/div>\n<div class=\"form-group textarea-group mb30 label-overlay\">\n\t<p><span class=\"wpcf7-form-control-wrap\" data-name=\"your-message\"><textarea cols=\"40\" rows=\"7\" maxlength=\"2000\" class=\"wpcf7-form-control wpcf7-textarea wpcf7-validates-as-required form-control\" aria-required=\"true\" aria-invalid=\"false\" placeholder=\"Write your message\" name=\"your-message\"><\/textarea><\/span>\n\t<\/p>\n<\/div>\n<div class=\"space15\">\n<\/div>\n<p>\n\n<\/p>\n<p><input class=\"wpcf7-form-control wpcf7-submit has-spinner btn btn-custom\" id=\"form-submit\" type=\"submit\" value=\"Send Message\" \/>\n<\/p><p style=\"display: none !important;\" class=\"akismet-fields-container\" data-prefix=\"_wpcf7_ak_\"><label>&#916;<textarea name=\"_wpcf7_ak_hp_textarea\" cols=\"45\" rows=\"8\" maxlength=\"100\"><\/textarea><\/label><input type=\"hidden\" id=\"ak_js_1\" name=\"_wpcf7_ak_js\" value=\"25\"\/><script>document.getElementById( \"ak_js_1\" ).setAttribute( \"value\", ( new Date() ).getTime() );<\/script><\/p><div class=\"wpcf7-response-output\" aria-hidden=\"true\"><\/div>\n<\/form>\n<\/div>\n\n\n","protected":false},"excerpt":{"rendered":"<p>NeilMed Latam Costa Rica SRL Office #401,4th Floor Torres Paseo Col\u00f3n San Jos\u00e9, Paseo Col\u00f3n Phone: +50641063445 Email: infocostarica@neilmed.com Free shipping Free shipping on all orders over $30 24X7 Support Our support team is available 24X7 to answer all your queries and concerns. Return Policy Not happy with the purchase. Return within 90 days. Secured&hellip;<\/p>\n","protected":false},"author":1,"featured_media":0,"parent":0,"menu_order":0,"comment_status":"closed","ping_status":"closed","template":"","meta":{"inline_featured_image":false,"jetpack_post_was_ever_published":false,"footnotes":""},"class_list":["post-3787","page","type-page","status-publish","hentry"],"yoast_head":"<!-- This site is optimized with the Yoast SEO plugin v27.4 - https:\/\/yoast.com\/product\/yoast-seo-wordpress\/ -->\n<title>Cont\u00e1ctenos - NeilMed Web Store - Costa Rica<\/title>\n<meta name=\"robots\" content=\"index, follow, max-snippet:-1, max-image-preview:large, max-video-preview:-1\" \/>\n<link rel=\"canonical\" href=\"https:\/\/webstore.neilmed.com\/cr\/contact-us\/\" \/>\n<meta property=\"og:locale\" content=\"es_ES\" \/>\n<meta property=\"og:type\" content=\"article\" \/>\n<meta property=\"og:title\" content=\"Cont\u00e1ctenos - NeilMed Web Store - Costa Rica\" \/>\n<meta property=\"og:description\" content=\"NeilMed Latam Costa Rica SRL Office #401,4th Floor Torres Paseo Col\u00f3n San Jos\u00e9, Paseo Col\u00f3n Phone: +50641063445 Email: infocostarica@neilmed.com Free shipping Free shipping on all orders over $30 24X7 Support Our support team is available 24X7 to answer all your queries and concerns. Return Policy Not happy with the purchase. Return within 90 days. Secured&hellip;\" \/>\n<meta property=\"og:url\" content=\"https:\/\/webstore.neilmed.com\/cr\/contact-us\/\" \/>\n<meta property=\"og:site_name\" content=\"NeilMed Web Store - Costa Rica\" \/>\n<meta property=\"article:publisher\" content=\"https:\/\/www.facebook.com\/neilmedcr\" \/>\n<meta property=\"article:modified_time\" content=\"2024-12-20T18:42:02+00:00\" \/>\n<meta name=\"twitter:card\" content=\"summary_large_image\" \/>\n<meta name=\"twitter:site\" content=\"@neilmed\" \/>\n<script type=\"application\/ld+json\" class=\"yoast-schema-graph\">{\"@context\":\"https:\\\/\\\/schema.org\",\"@graph\":[{\"@type\":\"WebPage\",\"@id\":\"https:\\\/\\\/webstore.neilmed.com\\\/cr\\\/contact-us\\\/\",\"url\":\"https:\\\/\\\/webstore.neilmed.com\\\/cr\\\/contact-us\\\/\",\"name\":\"Cont\u00e1ctenos - NeilMed Web Store - Costa Rica\",\"isPartOf\":{\"@id\":\"https:\\\/\\\/webstore.neilmed.com\\\/cr\\\/#website\"},\"datePublished\":\"2017-01-15T17:36:48+00:00\",\"dateModified\":\"2024-12-20T18:42:02+00:00\",\"breadcrumb\":{\"@id\":\"https:\\\/\\\/webstore.neilmed.com\\\/cr\\\/contact-us\\\/#breadcrumb\"},\"inLanguage\":\"es-CR\",\"potentialAction\":[{\"@type\":\"ReadAction\",\"target\":[\"https:\\\/\\\/webstore.neilmed.com\\\/cr\\\/contact-us\\\/\"]}]},{\"@type\":\"BreadcrumbList\",\"@id\":\"https:\\\/\\\/webstore.neilmed.com\\\/cr\\\/contact-us\\\/#breadcrumb\",\"itemListElement\":[{\"@type\":\"ListItem\",\"position\":1,\"name\":\"Home\",\"item\":\"https:\\\/\\\/webstore.neilmed.com\\\/cr\\\/\"},{\"@type\":\"ListItem\",\"position\":2,\"name\":\"Cont\u00e1ctenos\"}]},{\"@type\":\"WebSite\",\"@id\":\"https:\\\/\\\/webstore.neilmed.com\\\/cr\\\/#website\",\"url\":\"https:\\\/\\\/webstore.neilmed.com\\\/cr\\\/\",\"name\":\"NeilMed Web Store - Costa Rica\",\"description\":\"\",\"publisher\":{\"@id\":\"https:\\\/\\\/webstore.neilmed.com\\\/cr\\\/#organization\"},\"potentialAction\":[{\"@type\":\"SearchAction\",\"target\":{\"@type\":\"EntryPoint\",\"urlTemplate\":\"https:\\\/\\\/webstore.neilmed.com\\\/cr\\\/?s={search_term_string}\"},\"query-input\":{\"@type\":\"PropertyValueSpecification\",\"valueRequired\":true,\"valueName\":\"search_term_string\"}}],\"inLanguage\":\"es-CR\"},{\"@type\":\"Organization\",\"@id\":\"https:\\\/\\\/webstore.neilmed.com\\\/cr\\\/#organization\",\"name\":\"NeilMed Web Store - Costa Rica\",\"url\":\"https:\\\/\\\/webstore.neilmed.com\\\/cr\\\/\",\"logo\":{\"@type\":\"ImageObject\",\"inLanguage\":\"es-CR\",\"@id\":\"https:\\\/\\\/webstore.neilmed.com\\\/cr\\\/#\\\/schema\\\/logo\\\/image\\\/\",\"url\":\"https:\\\/\\\/webstore.neilmed.com\\\/cr\\\/wp-content\\\/uploads\\\/2022\\\/05\\\/neilmed-LG_SR_TM.svg\",\"contentUrl\":\"https:\\\/\\\/webstore.neilmed.com\\\/cr\\\/wp-content\\\/uploads\\\/2022\\\/05\\\/neilmed-LG_SR_TM.svg\",\"width\":\"1024\",\"height\":\"1024\",\"caption\":\"NeilMed Web Store - Costa Rica\"},\"image\":{\"@id\":\"https:\\\/\\\/webstore.neilmed.com\\\/cr\\\/#\\\/schema\\\/logo\\\/image\\\/\"},\"sameAs\":[\"https:\\\/\\\/www.facebook.com\\\/neilmedcr\",\"https:\\\/\\\/x.com\\\/neilmed\",\"https:\\\/\\\/www.instagram.com\\\/neilmed\",\"https:\\\/\\\/www.youtube.com\\\/neilmed1\"]}]}<\/script>\n<!-- \/ Yoast SEO plugin. -->","yoast_head_json":{"title":"Cont\u00e1ctenos - NeilMed Web Store - Costa Rica","robots":{"index":"index","follow":"follow","max-snippet":"max-snippet:-1","max-image-preview":"max-image-preview:large","max-video-preview":"max-video-preview:-1"},"canonical":"https:\/\/webstore.neilmed.com\/cr\/contact-us\/","og_locale":"es_ES","og_type":"article","og_title":"Cont\u00e1ctenos - NeilMed Web Store - Costa Rica","og_description":"NeilMed Latam Costa Rica SRL Office #401,4th Floor Torres Paseo Col\u00f3n San Jos\u00e9, Paseo Col\u00f3n Phone: +50641063445 Email: infocostarica@neilmed.com Free shipping Free shipping on all orders over $30 24X7 Support Our support team is available 24X7 to answer all your queries and concerns. Return Policy Not happy with the purchase. Return within 90 days. Secured&hellip;","og_url":"https:\/\/webstore.neilmed.com\/cr\/contact-us\/","og_site_name":"NeilMed Web Store - Costa Rica","article_publisher":"https:\/\/www.facebook.com\/neilmedcr","article_modified_time":"2024-12-20T18:42:02+00:00","twitter_card":"summary_large_image","twitter_site":"@neilmed","schema":{"@context":"https:\/\/schema.org","@graph":[{"@type":"WebPage","@id":"https:\/\/webstore.neilmed.com\/cr\/contact-us\/","url":"https:\/\/webstore.neilmed.com\/cr\/contact-us\/","name":"Cont\u00e1ctenos - NeilMed Web Store - Costa Rica","isPartOf":{"@id":"https:\/\/webstore.neilmed.com\/cr\/#website"},"datePublished":"2017-01-15T17:36:48+00:00","dateModified":"2024-12-20T18:42:02+00:00","breadcrumb":{"@id":"https:\/\/webstore.neilmed.com\/cr\/contact-us\/#breadcrumb"},"inLanguage":"es-CR","potentialAction":[{"@type":"ReadAction","target":["https:\/\/webstore.neilmed.com\/cr\/contact-us\/"]}]},{"@type":"BreadcrumbList","@id":"https:\/\/webstore.neilmed.com\/cr\/contact-us\/#breadcrumb","itemListElement":[{"@type":"ListItem","position":1,"name":"Home","item":"https:\/\/webstore.neilmed.com\/cr\/"},{"@type":"ListItem","position":2,"name":"Cont\u00e1ctenos"}]},{"@type":"WebSite","@id":"https:\/\/webstore.neilmed.com\/cr\/#website","url":"https:\/\/webstore.neilmed.com\/cr\/","name":"NeilMed Web Store - Costa Rica","description":"","publisher":{"@id":"https:\/\/webstore.neilmed.com\/cr\/#organization"},"potentialAction":[{"@type":"SearchAction","target":{"@type":"EntryPoint","urlTemplate":"https:\/\/webstore.neilmed.com\/cr\/?s={search_term_string}"},"query-input":{"@type":"PropertyValueSpecification","valueRequired":true,"valueName":"search_term_string"}}],"inLanguage":"es-CR"},{"@type":"Organization","@id":"https:\/\/webstore.neilmed.com\/cr\/#organization","name":"NeilMed Web Store - Costa Rica","url":"https:\/\/webstore.neilmed.com\/cr\/","logo":{"@type":"ImageObject","inLanguage":"es-CR","@id":"https:\/\/webstore.neilmed.com\/cr\/#\/schema\/logo\/image\/","url":"https:\/\/webstore.neilmed.com\/cr\/wp-content\/uploads\/2022\/05\/neilmed-LG_SR_TM.svg","contentUrl":"https:\/\/webstore.neilmed.com\/cr\/wp-content\/uploads\/2022\/05\/neilmed-LG_SR_TM.svg","width":"1024","height":"1024","caption":"NeilMed Web Store - Costa Rica"},"image":{"@id":"https:\/\/webstore.neilmed.com\/cr\/#\/schema\/logo\/image\/"},"sameAs":["https:\/\/www.facebook.com\/neilmedcr","https:\/\/x.com\/neilmed","https:\/\/www.instagram.com\/neilmed","https:\/\/www.youtube.com\/neilmed1"]}]}},"jetpack_sharing_enabled":true,"jetpack_shortlink":"https:\/\/wp.me\/Pa4coZ-Z5","_links":{"self":[{"href":"https:\/\/webstore.neilmed.com\/cr\/wp-json\/wp\/v2\/pages\/3787","targetHints":{"allow":["GET"]}}],"collection":[{"href":"https:\/\/webstore.neilmed.com\/cr\/wp-json\/wp\/v2\/pages"}],"about":[{"href":"https:\/\/webstore.neilmed.com\/cr\/wp-json\/wp\/v2\/types\/page"}],"author":[{"embeddable":true,"href":"https:\/\/webstore.neilmed.com\/cr\/wp-json\/wp\/v2\/users\/1"}],"replies":[{"embeddable":true,"href":"https:\/\/webstore.neilmed.com\/cr\/wp-json\/wp\/v2\/comments?post=3787"}],"version-history":[{"count":20,"href":"https:\/\/webstore.neilmed.com\/cr\/wp-json\/wp\/v2\/pages\/3787\/revisions"}],"predecessor-version":[{"id":6150,"href":"https:\/\/webstore.neilmed.com\/cr\/wp-json\/wp\/v2\/pages\/3787\/revisions\/6150"}],"wp:attachment":[{"href":"https:\/\/webstore.neilmed.com\/cr\/wp-json\/wp\/v2\/media?parent=3787"}],"curies":[{"name":"wp","href":"https:\/\/api.w.org\/{rel}","templated":true}]}}