{"id":5595,"date":"2018-05-23T17:43:59","date_gmt":"2018-05-24T00:43:59","guid":{"rendered":"https:\/\/webstore.neilmed.com\/cr\/?page_id=5595"},"modified":"2018-07-16T12:02:37","modified_gmt":"2018-07-16T18:02:37","slug":"return-policy","status":"publish","type":"page","link":"https:\/\/webstore.neilmed.com\/cr\/return-policy\/","title":{"rendered":"Pol\u00edtica de Devoluciones"},"content":{"rendered":"<p>[vc_row][vc_column][vc_column_text]<\/p>\n<div class=\"dnd_column_dd_span12 \">\n<p><span class=\"style16\">TGracias por comprar SINU RINSE<sup>\u2122<\/sup>.<br \/>\n<\/span><br \/>\nSi alguno de los componentes del kit no se encuentra o est\u00e1 da\u00f1ado, por favor no realizar la devoluci\u00f3n. Enviar un correo electr\u00f3nico a questions@neilmed.com o llame a nuestro servicio del cliente al +56 2 26624858. Le enviaremos los reemplazos GRATIS si realiza la llamada dentro de los 10 d\u00edas despu\u00e9s de la compra o recibo.<\/p>\n<p>Si necesita un reembolso , por favor env\u00edenos el producto y su recibo original dentro de los 90 d\u00edas de la compra . Le devolveremos la cantidad original de facturaci\u00f3n ( menos gastos de env\u00edo y manipulaci\u00f3n costo).<\/p>\n<\/div>\n<p>[\/vc_column_text][\/vc_column][\/vc_row][vc_row][vc_column][vc_empty_space height=&#8221;100px&#8221;][\/vc_column][\/vc_row]<\/p>\n","protected":false},"excerpt":{"rendered":"<p>[vc_row][vc_column][vc_column_text] TGracias por comprar SINU RINSE\u2122. Si alguno de los componentes del kit no se encuentra o est\u00e1 da\u00f1ado, por favor no realizar la devoluci\u00f3n. Enviar un correo electr\u00f3nico a questions@neilmed.com o llame a nuestro servicio del cliente al +56 2 26624858. Le enviaremos los reemplazos GRATIS si realiza la llamada dentro de los 10&hellip;<\/p>\n","protected":false},"author":1,"featured_media":0,"parent":0,"menu_order":0,"comment_status":"closed","ping_status":"closed","template":"","meta":{"inline_featured_image":false,"jetpack_post_was_ever_published":false,"footnotes":""},"class_list":["post-5595","page","type-page","status-publish","hentry"],"yoast_head":"<!-- This site is optimized with the Yoast SEO plugin v27.3 - https:\/\/yoast.com\/product\/yoast-seo-wordpress\/ -->\n<title>Pol\u00edtica de Devoluciones - NeilMed Web Store - Costa Rica<\/title>\n<meta name=\"robots\" content=\"index, follow, max-snippet:-1, max-image-preview:large, max-video-preview:-1\" \/>\n<link rel=\"canonical\" href=\"https:\/\/webstore.neilmed.com\/cr\/return-policy\/\" \/>\n<meta property=\"og:locale\" content=\"es_ES\" \/>\n<meta property=\"og:type\" content=\"article\" \/>\n<meta property=\"og:title\" content=\"Pol\u00edtica de Devoluciones - NeilMed Web Store - Costa Rica\" \/>\n<meta property=\"og:description\" content=\"[vc_row][vc_column][vc_column_text] TGracias por comprar SINU RINSE\u2122. Si alguno de los componentes del kit no se encuentra o est\u00e1 da\u00f1ado, por favor no realizar la devoluci\u00f3n. Enviar un correo electr\u00f3nico a questions@neilmed.com o llame a nuestro servicio del cliente al +56 2 26624858. Le enviaremos los reemplazos GRATIS si realiza la llamada dentro de los 10&hellip;\" \/>\n<meta property=\"og:url\" content=\"https:\/\/webstore.neilmed.com\/cr\/return-policy\/\" \/>\n<meta property=\"og:site_name\" content=\"NeilMed Web Store - Costa Rica\" \/>\n<meta property=\"article:publisher\" content=\"https:\/\/www.facebook.com\/neilmedcr\" \/>\n<meta property=\"article:modified_time\" content=\"2018-07-16T18:02:37+00:00\" \/>\n<meta name=\"twitter:card\" content=\"summary_large_image\" \/>\n<meta name=\"twitter:site\" content=\"@neilmed\" \/>\n<meta name=\"twitter:label1\" content=\"Est. reading time\" \/>\n\t<meta name=\"twitter:data1\" content=\"1 minuto\" \/>\n<script type=\"application\/ld+json\" class=\"yoast-schema-graph\">{\"@context\":\"https:\\\/\\\/schema.org\",\"@graph\":[{\"@type\":\"WebPage\",\"@id\":\"https:\\\/\\\/webstore.neilmed.com\\\/cr\\\/return-policy\\\/\",\"url\":\"https:\\\/\\\/webstore.neilmed.com\\\/cr\\\/return-policy\\\/\",\"name\":\"Pol\u00edtica de Devoluciones - NeilMed Web Store - Costa Rica\",\"isPartOf\":{\"@id\":\"https:\\\/\\\/webstore.neilmed.com\\\/cr\\\/#website\"},\"datePublished\":\"2018-05-24T00:43:59+00:00\",\"dateModified\":\"2018-07-16T18:02:37+00:00\",\"breadcrumb\":{\"@id\":\"https:\\\/\\\/webstore.neilmed.com\\\/cr\\\/return-policy\\\/#breadcrumb\"},\"inLanguage\":\"es-CR\",\"potentialAction\":[{\"@type\":\"ReadAction\",\"target\":[\"https:\\\/\\\/webstore.neilmed.com\\\/cr\\\/return-policy\\\/\"]}]},{\"@type\":\"BreadcrumbList\",\"@id\":\"https:\\\/\\\/webstore.neilmed.com\\\/cr\\\/return-policy\\\/#breadcrumb\",\"itemListElement\":[{\"@type\":\"ListItem\",\"position\":1,\"name\":\"Home\",\"item\":\"https:\\\/\\\/webstore.neilmed.com\\\/cr\\\/\"},{\"@type\":\"ListItem\",\"position\":2,\"name\":\"Pol\u00edtica de Devoluciones\"}]},{\"@type\":\"WebSite\",\"@id\":\"https:\\\/\\\/webstore.neilmed.com\\\/cr\\\/#website\",\"url\":\"https:\\\/\\\/webstore.neilmed.com\\\/cr\\\/\",\"name\":\"NeilMed Web Store - Costa Rica\",\"description\":\"\",\"publisher\":{\"@id\":\"https:\\\/\\\/webstore.neilmed.com\\\/cr\\\/#organization\"},\"potentialAction\":[{\"@type\":\"SearchAction\",\"target\":{\"@type\":\"EntryPoint\",\"urlTemplate\":\"https:\\\/\\\/webstore.neilmed.com\\\/cr\\\/?s={search_term_string}\"},\"query-input\":{\"@type\":\"PropertyValueSpecification\",\"valueRequired\":true,\"valueName\":\"search_term_string\"}}],\"inLanguage\":\"es-CR\"},{\"@type\":\"Organization\",\"@id\":\"https:\\\/\\\/webstore.neilmed.com\\\/cr\\\/#organization\",\"name\":\"NeilMed Web Store - Costa Rica\",\"url\":\"https:\\\/\\\/webstore.neilmed.com\\\/cr\\\/\",\"logo\":{\"@type\":\"ImageObject\",\"inLanguage\":\"es-CR\",\"@id\":\"https:\\\/\\\/webstore.neilmed.com\\\/cr\\\/#\\\/schema\\\/logo\\\/image\\\/\",\"url\":\"https:\\\/\\\/webstore.neilmed.com\\\/cr\\\/wp-content\\\/uploads\\\/2022\\\/05\\\/neilmed-LG_SR_TM.svg\",\"contentUrl\":\"https:\\\/\\\/webstore.neilmed.com\\\/cr\\\/wp-content\\\/uploads\\\/2022\\\/05\\\/neilmed-LG_SR_TM.svg\",\"width\":\"1024\",\"height\":\"1024\",\"caption\":\"NeilMed Web Store - Costa Rica\"},\"image\":{\"@id\":\"https:\\\/\\\/webstore.neilmed.com\\\/cr\\\/#\\\/schema\\\/logo\\\/image\\\/\"},\"sameAs\":[\"https:\\\/\\\/www.facebook.com\\\/neilmedcr\",\"https:\\\/\\\/x.com\\\/neilmed\",\"https:\\\/\\\/www.instagram.com\\\/neilmed\",\"https:\\\/\\\/www.youtube.com\\\/neilmed1\"]}]}<\/script>\n<!-- \/ Yoast SEO plugin. -->","yoast_head_json":{"title":"Pol\u00edtica de Devoluciones - NeilMed Web Store - Costa Rica","robots":{"index":"index","follow":"follow","max-snippet":"max-snippet:-1","max-image-preview":"max-image-preview:large","max-video-preview":"max-video-preview:-1"},"canonical":"https:\/\/webstore.neilmed.com\/cr\/return-policy\/","og_locale":"es_ES","og_type":"article","og_title":"Pol\u00edtica de Devoluciones - NeilMed Web Store - Costa Rica","og_description":"[vc_row][vc_column][vc_column_text] TGracias por comprar SINU RINSE\u2122. Si alguno de los componentes del kit no se encuentra o est\u00e1 da\u00f1ado, por favor no realizar la devoluci\u00f3n. Enviar un correo electr\u00f3nico a questions@neilmed.com o llame a nuestro servicio del cliente al +56 2 26624858. Le enviaremos los reemplazos GRATIS si realiza la llamada dentro de los 10&hellip;","og_url":"https:\/\/webstore.neilmed.com\/cr\/return-policy\/","og_site_name":"NeilMed Web Store - Costa Rica","article_publisher":"https:\/\/www.facebook.com\/neilmedcr","article_modified_time":"2018-07-16T18:02:37+00:00","twitter_card":"summary_large_image","twitter_site":"@neilmed","twitter_misc":{"Est. reading time":"1 minuto"},"schema":{"@context":"https:\/\/schema.org","@graph":[{"@type":"WebPage","@id":"https:\/\/webstore.neilmed.com\/cr\/return-policy\/","url":"https:\/\/webstore.neilmed.com\/cr\/return-policy\/","name":"Pol\u00edtica de Devoluciones - NeilMed Web Store - Costa Rica","isPartOf":{"@id":"https:\/\/webstore.neilmed.com\/cr\/#website"},"datePublished":"2018-05-24T00:43:59+00:00","dateModified":"2018-07-16T18:02:37+00:00","breadcrumb":{"@id":"https:\/\/webstore.neilmed.com\/cr\/return-policy\/#breadcrumb"},"inLanguage":"es-CR","potentialAction":[{"@type":"ReadAction","target":["https:\/\/webstore.neilmed.com\/cr\/return-policy\/"]}]},{"@type":"BreadcrumbList","@id":"https:\/\/webstore.neilmed.com\/cr\/return-policy\/#breadcrumb","itemListElement":[{"@type":"ListItem","position":1,"name":"Home","item":"https:\/\/webstore.neilmed.com\/cr\/"},{"@type":"ListItem","position":2,"name":"Pol\u00edtica de Devoluciones"}]},{"@type":"WebSite","@id":"https:\/\/webstore.neilmed.com\/cr\/#website","url":"https:\/\/webstore.neilmed.com\/cr\/","name":"NeilMed Web Store - Costa Rica","description":"","publisher":{"@id":"https:\/\/webstore.neilmed.com\/cr\/#organization"},"potentialAction":[{"@type":"SearchAction","target":{"@type":"EntryPoint","urlTemplate":"https:\/\/webstore.neilmed.com\/cr\/?s={search_term_string}"},"query-input":{"@type":"PropertyValueSpecification","valueRequired":true,"valueName":"search_term_string"}}],"inLanguage":"es-CR"},{"@type":"Organization","@id":"https:\/\/webstore.neilmed.com\/cr\/#organization","name":"NeilMed Web Store - Costa Rica","url":"https:\/\/webstore.neilmed.com\/cr\/","logo":{"@type":"ImageObject","inLanguage":"es-CR","@id":"https:\/\/webstore.neilmed.com\/cr\/#\/schema\/logo\/image\/","url":"https:\/\/webstore.neilmed.com\/cr\/wp-content\/uploads\/2022\/05\/neilmed-LG_SR_TM.svg","contentUrl":"https:\/\/webstore.neilmed.com\/cr\/wp-content\/uploads\/2022\/05\/neilmed-LG_SR_TM.svg","width":"1024","height":"1024","caption":"NeilMed Web Store - Costa Rica"},"image":{"@id":"https:\/\/webstore.neilmed.com\/cr\/#\/schema\/logo\/image\/"},"sameAs":["https:\/\/www.facebook.com\/neilmedcr","https:\/\/x.com\/neilmed","https:\/\/www.instagram.com\/neilmed","https:\/\/www.youtube.com\/neilmed1"]}]}},"jetpack_sharing_enabled":true,"jetpack_shortlink":"https:\/\/wp.me\/Pa4coZ-1sf","_links":{"self":[{"href":"https:\/\/webstore.neilmed.com\/cr\/wp-json\/wp\/v2\/pages\/5595","targetHints":{"allow":["GET"]}}],"collection":[{"href":"https:\/\/webstore.neilmed.com\/cr\/wp-json\/wp\/v2\/pages"}],"about":[{"href":"https:\/\/webstore.neilmed.com\/cr\/wp-json\/wp\/v2\/types\/page"}],"author":[{"embeddable":true,"href":"https:\/\/webstore.neilmed.com\/cr\/wp-json\/wp\/v2\/users\/1"}],"replies":[{"embeddable":true,"href":"https:\/\/webstore.neilmed.com\/cr\/wp-json\/wp\/v2\/comments?post=5595"}],"version-history":[{"count":4,"href":"https:\/\/webstore.neilmed.com\/cr\/wp-json\/wp\/v2\/pages\/5595\/revisions"}],"predecessor-version":[{"id":5806,"href":"https:\/\/webstore.neilmed.com\/cr\/wp-json\/wp\/v2\/pages\/5595\/revisions\/5806"}],"wp:attachment":[{"href":"https:\/\/webstore.neilmed.com\/cr\/wp-json\/wp\/v2\/media?parent=5595"}],"curies":[{"name":"wp","href":"https:\/\/api.w.org\/{rel}","templated":true}]}}