{"id":5597,"date":"2018-05-23T17:45:13","date_gmt":"2018-05-24T00:45:13","guid":{"rendered":"https:\/\/webstore.neilmed.com\/cr\/?page_id=5597"},"modified":"2018-07-16T12:00:58","modified_gmt":"2018-07-16T18:00:58","slug":"disclaimer","status":"publish","type":"page","link":"https:\/\/webstore.neilmed.com\/cr\/disclaimer\/","title":{"rendered":"Aviso legal"},"content":{"rendered":"<p>[vc_row][vc_column][vc_column_text]<\/p>\n<div class=\"dnd_column_dd_span12 \">\n<p>Los contenidos del sitio web de NeilMed\u00ae, tales como texto, gr\u00e1ficos, im\u00e1genes e informaci\u00f3n obtenida de licenciantes NeilMed\u00ae, y otros materiales contenidos en el sitio NeilMed\u00ae (&#8220;Contenido&#8221;) son s\u00f3lo para fines informativos. El contenido no pretende ser un sustituto del consejo m\u00e9dico, diagn\u00f3stico o tratamiento. Siempre busque el consejo de su m\u00e9dico u otro proveedor de salud calificado con cualquier pregunta que usted pueda tener sobre una condici\u00f3n m\u00e9dica. Nunca ignore los consejos de un m\u00e9dico profesional o el retraso en la b\u00fasqueda debido a algo que haya le\u00eddo en el sitio NeilMed\u00ae.<\/p>\n<p>Si usted cree que tiene una emergencia m\u00e9dica, llame a su m\u00e9dico o acuda a Urgencia M\u00e9dica inmediatamente. Puede tambi\u00e9n llamar a un n\u00famero de tel\u00e9fono de emergencia provisto por su compa\u00f1\u00eda telef\u00f3nica local o agencias gubernamentales. NeilMed\u00ae no recomienda ni aprueba ninguna prueba espec\u00edfica, los m\u00e9dicos, productos, procedimientos, opiniones u otra informaci\u00f3n que pueda ser mencionada en el sitio. Confiar en cualquier informaci\u00f3n proporcionada por NeilMed\u00ae, empleados NeilMed\u00ae, u otros empleados que aparecen en el sitio por invitaci\u00f3n de NeilMed\u00ae o otros visitantes del sitio es solamente a su propio riesgo.<\/p>\n<\/div>\n<p>[\/vc_column_text][\/vc_column][\/vc_row][vc_row][vc_column][vc_empty_space height=&#8221;100px&#8221;][\/vc_column][\/vc_row]<\/p>\n","protected":false},"excerpt":{"rendered":"<p>[vc_row][vc_column][vc_column_text] Los contenidos del sitio web de NeilMed\u00ae, tales como texto, gr\u00e1ficos, im\u00e1genes e informaci\u00f3n obtenida de licenciantes NeilMed\u00ae, y otros materiales contenidos en el sitio NeilMed\u00ae (&#8220;Contenido&#8221;) son s\u00f3lo para fines informativos. El contenido no pretende ser un sustituto del consejo m\u00e9dico, diagn\u00f3stico o tratamiento. Siempre busque el consejo de su m\u00e9dico u otro&hellip;<\/p>\n","protected":false},"author":1,"featured_media":0,"parent":0,"menu_order":0,"comment_status":"closed","ping_status":"closed","template":"","meta":{"inline_featured_image":false,"jetpack_post_was_ever_published":false,"footnotes":""},"class_list":["post-5597","page","type-page","status-publish","hentry"],"yoast_head":"<!-- This site is optimized with the Yoast SEO plugin v27.3 - https:\/\/yoast.com\/product\/yoast-seo-wordpress\/ -->\n<title>Aviso legal - NeilMed Web Store - Costa Rica<\/title>\n<meta name=\"robots\" content=\"index, follow, max-snippet:-1, max-image-preview:large, max-video-preview:-1\" \/>\n<link rel=\"canonical\" href=\"https:\/\/webstore.neilmed.com\/cr\/disclaimer\/\" \/>\n<meta property=\"og:locale\" content=\"es_ES\" \/>\n<meta property=\"og:type\" content=\"article\" \/>\n<meta property=\"og:title\" content=\"Aviso legal - NeilMed Web Store - Costa Rica\" \/>\n<meta property=\"og:description\" content=\"[vc_row][vc_column][vc_column_text] Los contenidos del sitio web de NeilMed\u00ae, tales como texto, gr\u00e1ficos, im\u00e1genes e informaci\u00f3n obtenida de licenciantes NeilMed\u00ae, y otros materiales contenidos en el sitio NeilMed\u00ae (&#8220;Contenido&#8221;) son s\u00f3lo para fines informativos. El contenido no pretende ser un sustituto del consejo m\u00e9dico, diagn\u00f3stico o tratamiento. Siempre busque el consejo de su m\u00e9dico u otro&hellip;\" \/>\n<meta property=\"og:url\" content=\"https:\/\/webstore.neilmed.com\/cr\/disclaimer\/\" \/>\n<meta property=\"og:site_name\" content=\"NeilMed Web Store - Costa Rica\" \/>\n<meta property=\"article:publisher\" content=\"https:\/\/www.facebook.com\/neilmedcr\" \/>\n<meta property=\"article:modified_time\" content=\"2018-07-16T18:00:58+00:00\" \/>\n<meta name=\"twitter:card\" content=\"summary_large_image\" \/>\n<meta name=\"twitter:site\" content=\"@neilmed\" \/>\n<meta name=\"twitter:label1\" content=\"Est. reading time\" \/>\n\t<meta name=\"twitter:data1\" content=\"1 minuto\" \/>\n<script type=\"application\/ld+json\" class=\"yoast-schema-graph\">{\"@context\":\"https:\\\/\\\/schema.org\",\"@graph\":[{\"@type\":\"WebPage\",\"@id\":\"https:\\\/\\\/webstore.neilmed.com\\\/cr\\\/disclaimer\\\/\",\"url\":\"https:\\\/\\\/webstore.neilmed.com\\\/cr\\\/disclaimer\\\/\",\"name\":\"Aviso legal - NeilMed Web Store - Costa Rica\",\"isPartOf\":{\"@id\":\"https:\\\/\\\/webstore.neilmed.com\\\/cr\\\/#website\"},\"datePublished\":\"2018-05-24T00:45:13+00:00\",\"dateModified\":\"2018-07-16T18:00:58+00:00\",\"breadcrumb\":{\"@id\":\"https:\\\/\\\/webstore.neilmed.com\\\/cr\\\/disclaimer\\\/#breadcrumb\"},\"inLanguage\":\"es-CR\",\"potentialAction\":[{\"@type\":\"ReadAction\",\"target\":[\"https:\\\/\\\/webstore.neilmed.com\\\/cr\\\/disclaimer\\\/\"]}]},{\"@type\":\"BreadcrumbList\",\"@id\":\"https:\\\/\\\/webstore.neilmed.com\\\/cr\\\/disclaimer\\\/#breadcrumb\",\"itemListElement\":[{\"@type\":\"ListItem\",\"position\":1,\"name\":\"Home\",\"item\":\"https:\\\/\\\/webstore.neilmed.com\\\/cr\\\/\"},{\"@type\":\"ListItem\",\"position\":2,\"name\":\"Aviso legal\"}]},{\"@type\":\"WebSite\",\"@id\":\"https:\\\/\\\/webstore.neilmed.com\\\/cr\\\/#website\",\"url\":\"https:\\\/\\\/webstore.neilmed.com\\\/cr\\\/\",\"name\":\"NeilMed Web Store - Costa Rica\",\"description\":\"\",\"publisher\":{\"@id\":\"https:\\\/\\\/webstore.neilmed.com\\\/cr\\\/#organization\"},\"potentialAction\":[{\"@type\":\"SearchAction\",\"target\":{\"@type\":\"EntryPoint\",\"urlTemplate\":\"https:\\\/\\\/webstore.neilmed.com\\\/cr\\\/?s={search_term_string}\"},\"query-input\":{\"@type\":\"PropertyValueSpecification\",\"valueRequired\":true,\"valueName\":\"search_term_string\"}}],\"inLanguage\":\"es-CR\"},{\"@type\":\"Organization\",\"@id\":\"https:\\\/\\\/webstore.neilmed.com\\\/cr\\\/#organization\",\"name\":\"NeilMed Web Store - Costa Rica\",\"url\":\"https:\\\/\\\/webstore.neilmed.com\\\/cr\\\/\",\"logo\":{\"@type\":\"ImageObject\",\"inLanguage\":\"es-CR\",\"@id\":\"https:\\\/\\\/webstore.neilmed.com\\\/cr\\\/#\\\/schema\\\/logo\\\/image\\\/\",\"url\":\"https:\\\/\\\/webstore.neilmed.com\\\/cr\\\/wp-content\\\/uploads\\\/2022\\\/05\\\/neilmed-LG_SR_TM.svg\",\"contentUrl\":\"https:\\\/\\\/webstore.neilmed.com\\\/cr\\\/wp-content\\\/uploads\\\/2022\\\/05\\\/neilmed-LG_SR_TM.svg\",\"width\":\"1024\",\"height\":\"1024\",\"caption\":\"NeilMed Web Store - Costa Rica\"},\"image\":{\"@id\":\"https:\\\/\\\/webstore.neilmed.com\\\/cr\\\/#\\\/schema\\\/logo\\\/image\\\/\"},\"sameAs\":[\"https:\\\/\\\/www.facebook.com\\\/neilmedcr\",\"https:\\\/\\\/x.com\\\/neilmed\",\"https:\\\/\\\/www.instagram.com\\\/neilmed\",\"https:\\\/\\\/www.youtube.com\\\/neilmed1\"]}]}<\/script>\n<!-- \/ Yoast SEO plugin. -->","yoast_head_json":{"title":"Aviso legal - NeilMed Web Store - Costa Rica","robots":{"index":"index","follow":"follow","max-snippet":"max-snippet:-1","max-image-preview":"max-image-preview:large","max-video-preview":"max-video-preview:-1"},"canonical":"https:\/\/webstore.neilmed.com\/cr\/disclaimer\/","og_locale":"es_ES","og_type":"article","og_title":"Aviso legal - NeilMed Web Store - Costa Rica","og_description":"[vc_row][vc_column][vc_column_text] Los contenidos del sitio web de NeilMed\u00ae, tales como texto, gr\u00e1ficos, im\u00e1genes e informaci\u00f3n obtenida de licenciantes NeilMed\u00ae, y otros materiales contenidos en el sitio NeilMed\u00ae (&#8220;Contenido&#8221;) son s\u00f3lo para fines informativos. El contenido no pretende ser un sustituto del consejo m\u00e9dico, diagn\u00f3stico o tratamiento. Siempre busque el consejo de su m\u00e9dico u otro&hellip;","og_url":"https:\/\/webstore.neilmed.com\/cr\/disclaimer\/","og_site_name":"NeilMed Web Store - Costa Rica","article_publisher":"https:\/\/www.facebook.com\/neilmedcr","article_modified_time":"2018-07-16T18:00:58+00:00","twitter_card":"summary_large_image","twitter_site":"@neilmed","twitter_misc":{"Est. reading time":"1 minuto"},"schema":{"@context":"https:\/\/schema.org","@graph":[{"@type":"WebPage","@id":"https:\/\/webstore.neilmed.com\/cr\/disclaimer\/","url":"https:\/\/webstore.neilmed.com\/cr\/disclaimer\/","name":"Aviso legal - NeilMed Web Store - Costa Rica","isPartOf":{"@id":"https:\/\/webstore.neilmed.com\/cr\/#website"},"datePublished":"2018-05-24T00:45:13+00:00","dateModified":"2018-07-16T18:00:58+00:00","breadcrumb":{"@id":"https:\/\/webstore.neilmed.com\/cr\/disclaimer\/#breadcrumb"},"inLanguage":"es-CR","potentialAction":[{"@type":"ReadAction","target":["https:\/\/webstore.neilmed.com\/cr\/disclaimer\/"]}]},{"@type":"BreadcrumbList","@id":"https:\/\/webstore.neilmed.com\/cr\/disclaimer\/#breadcrumb","itemListElement":[{"@type":"ListItem","position":1,"name":"Home","item":"https:\/\/webstore.neilmed.com\/cr\/"},{"@type":"ListItem","position":2,"name":"Aviso legal"}]},{"@type":"WebSite","@id":"https:\/\/webstore.neilmed.com\/cr\/#website","url":"https:\/\/webstore.neilmed.com\/cr\/","name":"NeilMed Web Store - Costa Rica","description":"","publisher":{"@id":"https:\/\/webstore.neilmed.com\/cr\/#organization"},"potentialAction":[{"@type":"SearchAction","target":{"@type":"EntryPoint","urlTemplate":"https:\/\/webstore.neilmed.com\/cr\/?s={search_term_string}"},"query-input":{"@type":"PropertyValueSpecification","valueRequired":true,"valueName":"search_term_string"}}],"inLanguage":"es-CR"},{"@type":"Organization","@id":"https:\/\/webstore.neilmed.com\/cr\/#organization","name":"NeilMed Web Store - Costa Rica","url":"https:\/\/webstore.neilmed.com\/cr\/","logo":{"@type":"ImageObject","inLanguage":"es-CR","@id":"https:\/\/webstore.neilmed.com\/cr\/#\/schema\/logo\/image\/","url":"https:\/\/webstore.neilmed.com\/cr\/wp-content\/uploads\/2022\/05\/neilmed-LG_SR_TM.svg","contentUrl":"https:\/\/webstore.neilmed.com\/cr\/wp-content\/uploads\/2022\/05\/neilmed-LG_SR_TM.svg","width":"1024","height":"1024","caption":"NeilMed Web Store - Costa Rica"},"image":{"@id":"https:\/\/webstore.neilmed.com\/cr\/#\/schema\/logo\/image\/"},"sameAs":["https:\/\/www.facebook.com\/neilmedcr","https:\/\/x.com\/neilmed","https:\/\/www.instagram.com\/neilmed","https:\/\/www.youtube.com\/neilmed1"]}]}},"jetpack_sharing_enabled":true,"jetpack_shortlink":"https:\/\/wp.me\/Pa4coZ-1sh","_links":{"self":[{"href":"https:\/\/webstore.neilmed.com\/cr\/wp-json\/wp\/v2\/pages\/5597","targetHints":{"allow":["GET"]}}],"collection":[{"href":"https:\/\/webstore.neilmed.com\/cr\/wp-json\/wp\/v2\/pages"}],"about":[{"href":"https:\/\/webstore.neilmed.com\/cr\/wp-json\/wp\/v2\/types\/page"}],"author":[{"embeddable":true,"href":"https:\/\/webstore.neilmed.com\/cr\/wp-json\/wp\/v2\/users\/1"}],"replies":[{"embeddable":true,"href":"https:\/\/webstore.neilmed.com\/cr\/wp-json\/wp\/v2\/comments?post=5597"}],"version-history":[{"count":4,"href":"https:\/\/webstore.neilmed.com\/cr\/wp-json\/wp\/v2\/pages\/5597\/revisions"}],"predecessor-version":[{"id":5803,"href":"https:\/\/webstore.neilmed.com\/cr\/wp-json\/wp\/v2\/pages\/5597\/revisions\/5803"}],"wp:attachment":[{"href":"https:\/\/webstore.neilmed.com\/cr\/wp-json\/wp\/v2\/media?parent=5597"}],"curies":[{"name":"wp","href":"https:\/\/api.w.org\/{rel}","templated":true}]}}