{"id":5697,"date":"2018-05-31T17:13:34","date_gmt":"2018-06-01T00:13:34","guid":{"rendered":"https:\/\/webstore.neilmed.com\/cr\/?post_type=product&#038;p=5697"},"modified":"2022-08-25T17:45:25","modified_gmt":"2022-08-25T23:45:25","slug":"nasamist-todo-en-uno-177-ml","status":"publish","type":"product","link":"https:\/\/webstore.neilmed.com\/cr\/product\/nasamist-todo-en-uno-177-ml\/","title":{"rendered":"NasaMist Todo en Uno 177-ml"},"content":{"rendered":"<p>NasaMist\u00ae All-In-One es un hidratante y enjuague nasal salino Todo-en-uno. Calma, hidrata y limpia haciendo uso de tres boquillas especialmente dise\u00f1adas.<\/p>\n<p><b>Boquilla de niebla nasal ultra suave para hidratar:<\/b> Puede ser usada a partir desde 1 a\u00f1o de edad para hidratar y calmar las fosas nasales secas. Inserte la boquilla de niebla nasal ultra suave a las fosas, y presione hasta alcanzar un adecuado spray salino<br \/>\n<b>Boquilla Mediana:<\/b> Esta boquilla puede ser usada a partir desde los 5 a\u00f1os de edad. Descargar\u00e1 un volumen mediano que puede llegar a m\u00e1s profundidad en las fosas nasales.<br \/>\n<b>Boquilla para lavado nasal de alto volumen:<\/b> Puede ser usada a partir de los 5 a\u00f1os de edad.<\/p>\n<p>NasaMist\u00ae Spray salino ayuda a aliviar&#8230;<br \/>\n* Alergias nasales y sequedad<br \/>\n* Sinusitis rinitis<br \/>\n* Asma al\u00e9rgica<br \/>\n* Post goteo nasal<br \/>\n* Presi\u00f3n sinusal y Congesti\u00f3n nasal<br \/>\n* S\u00edntomas del resfr\u00edo y gripe<br \/>\n* Irritaci\u00f3n nasal ocupacional y polvo de la casa, humo, caspa de los animales, c\u00e9sped, polen, contaminantes ambientales y smog<\/p>\n<p><b>Contiene:<br \/>\n<\/b>* 1 frasco 177-mL (6 fl oz) y 3 boquillas especialmente dise\u00f1adas<br \/>\n* Boquilla de niebla nasal ultra suave; Boquilla mediana; Boquilla para lavado nasal de alto volumen<br \/>\n* Folleto educativo e instrucciones de uso<b><\/b><\/p>\n<p>Instrucciones de Uso &amp; Advertencia<br \/>\nPor favor lea las Advertencias antes de usar. <b><br \/>\n<\/b>USAR S\u00d3LO COMO SE INDICA, SI LOS S\u00cdNTOMAS PERSISTEN VISITE UN M\u00c9DICO O PROFESIONAL DE LA SALUD SIEMPRE LEA LA ETIQUETA<b><\/b><\/p>\n<p>Boquillas dise\u00f1adas especialmente para ofrecer el mejor y m\u00e1s suave spray de hidrataci\u00f3n nasal; un adaptador especial para un lavado nasal de gran volumen; y una mediana para un lavado de mayor flujo. Para ni\u00f1os a partir de 1 a\u00f1o haciendo uso de la boquilla adecuada.<b><\/b><\/p>\n<p>Boquilla de niebla nasal ultra suave: Esta boquilla puede ser usada a partir de 1 a\u00f1o de edad para humectar y suavizar las fosas nasales secos. Inserte la boquilla de niebla nasal ultra suave en las fosas nasales y presione hasta lograr un spray de soluci\u00f3n adecuada<b>.<\/b><\/p>\n<p>Boquilla Mediana: Esta boquilla puede ser utilizada a partir de los 5 a\u00f1os de edad. Esta boquilla descarga un volumen mediano, el cual puede alcanzar mayor profundidad en las fosas nasales.<\/p>\n<p>Boquilla para lavado nasal de alto volumen: Se sugiere usar esta boquilla a partir de los 5 a\u00f1os de edad. Sit\u00fae la boquilla c\u00f3nica para lavado especial, y siga las instrucciones en el siguiente p\u00e1rrafo.<\/p>\n<p>Instrucciones especiales para lavado nasal de gran volumen: P\u00e1rese frente al lavamanos, e incline la cabeza hacia adelante a un nivel que le acomode. Mantenga la boca abierta y sin aguantar la respiraci\u00f3n, sit\u00fae la boquilla del dispositivo contra su pasaje nasal, y apriete la botella hasta que la soluci\u00f3n comience a escurrir a trav\u00e9s de la fosa nasal opuesta o la boca. Permitir que el flujo contin\u00fae durante 2 a 3 segundos. No ingiera la soluci\u00f3n. Suene la nariz suavemente, sin aplastarla completamente, para evitar ejercer presi\u00f3n sobre sus t\u00edmpanos. Si es tolerable, sorber cualquier resto de soluci\u00f3n residual del pasaje nasal una o dos veces antes de sonarse. Esto puede limpiar el \u00e1rea posterior de la nasofaringe, la cual es el \u00e1rea en la parte posterior de su pasaje nasal. A veces, alguna soluci\u00f3n puede alcanzar la parte de atr\u00e1s de su garganta. Si es el caso escupa. Para ayudar a mejorar el drenaje de cualquier soluci\u00f3n residual, suene suavemente la nariz mientras inclina la cabeza hacia un lado. Ahora repita estos pasos para el otro pasaje nasal.<\/p>\n<p><span style=\"color: #ff0000;\"><b>ADVERTENCIAS<\/b><\/span><\/p>\n<p>\u2022 El sistema est\u00e1 dise\u00f1ado para un solo usuario para reducir el riesgo de contaminaci\u00f3n<br \/>\n\u2022 No bloquear completamente u ocluir pasaje nasal durante su uso para evitar cualquier presi\u00f3n en la nariz y los o\u00eddos<br \/>\n\u2022 Mantener fuera del alcance de los ni\u00f1os<br \/>\n\u2022 Contenido bajo presi\u00f3n; por favor no perfore ni incinere<br \/>\n\u2022 Almacenar entre 41\u00b0F (5\u00b0C) y 131\u00b0F (55\u00b0C), fuera de la luz solar, y lejos de fuentes de calor. Evitar la congelaci\u00f3n<br \/>\n\u2022 Consulte a un m\u00e9dico antes de su uso en beb\u00e9s y ni\u00f1os peque\u00f1os<\/p>\n","protected":false},"excerpt":{"rendered":"<p>Nasamist todo en uno es un humectante y enjuague nasal salino Todo-en-uno. Calma, hidrata y limpia haciendo uso de tres boquillas dise\u00f1adas especialmente.<\/p>\n","protected":false},"featured_media":5936,"comment_status":"open","ping_status":"closed","template":"","meta":{"inline_featured_image":false,"jetpack_post_was_ever_published":false,"jetpack_publicize_message":"","jetpack_publicize_feature_enabled":true,"jetpack_social_post_already_shared":true,"jetpack_social_options":{"image_generator_settings":{"template":"highway","default_image_id":0,"font":"","enabled":false},"version":2}},"product_brand":[],"product_cat":[79],"product_tag":[],"class_list":{"0":"post-5697","1":"product","2":"type-product","3":"status-publish","4":"has-post-thumbnail","6":"product_cat-spray-solucion-salina-esteril","8":"first","9":"instock","10":"featured","11":"shipping-taxable","12":"purchasable","13":"product-type-simple"},"yoast_head":"<!-- This site is optimized with the Yoast SEO plugin v27.4 - https:\/\/yoast.com\/product\/yoast-seo-wordpress\/ -->\n<title>NasaMist Todo en Uno 177-ml - NeilMed Web Store - Costa Rica<\/title>\n<meta name=\"robots\" content=\"index, follow, max-snippet:-1, max-image-preview:large, max-video-preview:-1\" \/>\n<link rel=\"canonical\" href=\"https:\/\/webstore.neilmed.com\/cr\/product\/nasamist-todo-en-uno-177-ml\/\" \/>\n<meta property=\"og:locale\" content=\"es_ES\" \/>\n<meta property=\"og:type\" content=\"article\" \/>\n<meta property=\"og:title\" content=\"NasaMist Todo en Uno 177-ml - NeilMed Web Store - Costa Rica\" \/>\n<meta property=\"og:description\" content=\"Nasamist todo en uno es un humectante y enjuague nasal salino Todo-en-uno. Calma, hidrata y limpia haciendo uso de tres boquillas dise\u00f1adas especialmente.\" \/>\n<meta property=\"og:url\" content=\"https:\/\/webstore.neilmed.com\/cr\/product\/nasamist-todo-en-uno-177-ml\/\" \/>\n<meta property=\"og:site_name\" content=\"NeilMed Web Store - Costa Rica\" \/>\n<meta property=\"article:publisher\" content=\"https:\/\/www.facebook.com\/neilmedcr\" \/>\n<meta property=\"article:modified_time\" content=\"2022-08-25T23:45:25+00:00\" \/>\n<meta property=\"og:image\" content=\"https:\/\/webstore.neilmed.com\/cr\/wp-content\/uploads\/2018\/05\/2706-SPA-INT-Rev4-R.jpg\" \/>\n\t<meta property=\"og:image:width\" content=\"1000\" \/>\n\t<meta property=\"og:image:height\" content=\"1000\" \/>\n\t<meta property=\"og:image:type\" content=\"image\/jpeg\" \/>\n<meta name=\"twitter:card\" content=\"summary_large_image\" \/>\n<meta name=\"twitter:site\" content=\"@neilmed\" \/>\n<meta name=\"twitter:label1\" content=\"Est. reading time\" \/>\n\t<meta name=\"twitter:data1\" content=\"3 minutos\" \/>\n<script type=\"application\/ld+json\" class=\"yoast-schema-graph\">{\"@context\":\"https:\\\/\\\/schema.org\",\"@graph\":[{\"@type\":\"WebPage\",\"@id\":\"https:\\\/\\\/webstore.neilmed.com\\\/cr\\\/product\\\/nasamist-todo-en-uno-177-ml\\\/\",\"url\":\"https:\\\/\\\/webstore.neilmed.com\\\/cr\\\/product\\\/nasamist-todo-en-uno-177-ml\\\/\",\"name\":\"NasaMist Todo en Uno 177-ml - NeilMed Web Store - Costa Rica\",\"isPartOf\":{\"@id\":\"https:\\\/\\\/webstore.neilmed.com\\\/cr\\\/#website\"},\"primaryImageOfPage\":{\"@id\":\"https:\\\/\\\/webstore.neilmed.com\\\/cr\\\/product\\\/nasamist-todo-en-uno-177-ml\\\/#primaryimage\"},\"image\":{\"@id\":\"https:\\\/\\\/webstore.neilmed.com\\\/cr\\\/product\\\/nasamist-todo-en-uno-177-ml\\\/#primaryimage\"},\"thumbnailUrl\":\"https:\\\/\\\/i0.wp.com\\\/webstore.neilmed.com\\\/cr\\\/wp-content\\\/uploads\\\/2018\\\/05\\\/2706-SPA-INT-Rev4-R.jpg?fit=1000%2C1000&ssl=1\",\"datePublished\":\"2018-06-01T00:13:34+00:00\",\"dateModified\":\"2022-08-25T23:45:25+00:00\",\"breadcrumb\":{\"@id\":\"https:\\\/\\\/webstore.neilmed.com\\\/cr\\\/product\\\/nasamist-todo-en-uno-177-ml\\\/#breadcrumb\"},\"inLanguage\":\"es-CR\",\"potentialAction\":[{\"@type\":\"ReadAction\",\"target\":[\"https:\\\/\\\/webstore.neilmed.com\\\/cr\\\/product\\\/nasamist-todo-en-uno-177-ml\\\/\"]}]},{\"@type\":\"ImageObject\",\"inLanguage\":\"es-CR\",\"@id\":\"https:\\\/\\\/webstore.neilmed.com\\\/cr\\\/product\\\/nasamist-todo-en-uno-177-ml\\\/#primaryimage\",\"url\":\"https:\\\/\\\/i0.wp.com\\\/webstore.neilmed.com\\\/cr\\\/wp-content\\\/uploads\\\/2018\\\/05\\\/2706-SPA-INT-Rev4-R.jpg?fit=1000%2C1000&ssl=1\",\"contentUrl\":\"https:\\\/\\\/i0.wp.com\\\/webstore.neilmed.com\\\/cr\\\/wp-content\\\/uploads\\\/2018\\\/05\\\/2706-SPA-INT-Rev4-R.jpg?fit=1000%2C1000&ssl=1\",\"width\":1000,\"height\":1000},{\"@type\":\"BreadcrumbList\",\"@id\":\"https:\\\/\\\/webstore.neilmed.com\\\/cr\\\/product\\\/nasamist-todo-en-uno-177-ml\\\/#breadcrumb\",\"itemListElement\":[{\"@type\":\"ListItem\",\"position\":1,\"name\":\"Home\",\"item\":\"https:\\\/\\\/webstore.neilmed.com\\\/cr\\\/\"},{\"@type\":\"ListItem\",\"position\":2,\"name\":\"Productos\",\"item\":\"https:\\\/\\\/webstore.neilmed.com\\\/cr\\\/shop\\\/\"},{\"@type\":\"ListItem\",\"position\":3,\"name\":\"NasaMist Todo en Uno 177-ml\"}]},{\"@type\":\"WebSite\",\"@id\":\"https:\\\/\\\/webstore.neilmed.com\\\/cr\\\/#website\",\"url\":\"https:\\\/\\\/webstore.neilmed.com\\\/cr\\\/\",\"name\":\"NeilMed Web Store - Costa Rica\",\"description\":\"\",\"publisher\":{\"@id\":\"https:\\\/\\\/webstore.neilmed.com\\\/cr\\\/#organization\"},\"potentialAction\":[{\"@type\":\"SearchAction\",\"target\":{\"@type\":\"EntryPoint\",\"urlTemplate\":\"https:\\\/\\\/webstore.neilmed.com\\\/cr\\\/?s={search_term_string}\"},\"query-input\":{\"@type\":\"PropertyValueSpecification\",\"valueRequired\":true,\"valueName\":\"search_term_string\"}}],\"inLanguage\":\"es-CR\"},{\"@type\":\"Organization\",\"@id\":\"https:\\\/\\\/webstore.neilmed.com\\\/cr\\\/#organization\",\"name\":\"NeilMed Web Store - Costa Rica\",\"url\":\"https:\\\/\\\/webstore.neilmed.com\\\/cr\\\/\",\"logo\":{\"@type\":\"ImageObject\",\"inLanguage\":\"es-CR\",\"@id\":\"https:\\\/\\\/webstore.neilmed.com\\\/cr\\\/#\\\/schema\\\/logo\\\/image\\\/\",\"url\":\"https:\\\/\\\/webstore.neilmed.com\\\/cr\\\/wp-content\\\/uploads\\\/2022\\\/05\\\/neilmed-LG_SR_TM.svg\",\"contentUrl\":\"https:\\\/\\\/webstore.neilmed.com\\\/cr\\\/wp-content\\\/uploads\\\/2022\\\/05\\\/neilmed-LG_SR_TM.svg\",\"width\":\"1024\",\"height\":\"1024\",\"caption\":\"NeilMed Web Store - Costa Rica\"},\"image\":{\"@id\":\"https:\\\/\\\/webstore.neilmed.com\\\/cr\\\/#\\\/schema\\\/logo\\\/image\\\/\"},\"sameAs\":[\"https:\\\/\\\/www.facebook.com\\\/neilmedcr\",\"https:\\\/\\\/x.com\\\/neilmed\",\"https:\\\/\\\/www.instagram.com\\\/neilmed\",\"https:\\\/\\\/www.youtube.com\\\/neilmed1\"]}]}<\/script>\n<!-- \/ Yoast SEO plugin. -->","yoast_head_json":{"title":"NasaMist Todo en Uno 177-ml - NeilMed Web Store - Costa Rica","robots":{"index":"index","follow":"follow","max-snippet":"max-snippet:-1","max-image-preview":"max-image-preview:large","max-video-preview":"max-video-preview:-1"},"canonical":"https:\/\/webstore.neilmed.com\/cr\/product\/nasamist-todo-en-uno-177-ml\/","og_locale":"es_ES","og_type":"article","og_title":"NasaMist Todo en Uno 177-ml - NeilMed Web Store - Costa Rica","og_description":"Nasamist todo en uno es un humectante y enjuague nasal salino Todo-en-uno. Calma, hidrata y limpia haciendo uso de tres boquillas dise\u00f1adas especialmente.","og_url":"https:\/\/webstore.neilmed.com\/cr\/product\/nasamist-todo-en-uno-177-ml\/","og_site_name":"NeilMed Web Store - Costa Rica","article_publisher":"https:\/\/www.facebook.com\/neilmedcr","article_modified_time":"2022-08-25T23:45:25+00:00","og_image":[{"width":1000,"height":1000,"url":"https:\/\/webstore.neilmed.com\/cr\/wp-content\/uploads\/2018\/05\/2706-SPA-INT-Rev4-R.jpg","type":"image\/jpeg"}],"twitter_card":"summary_large_image","twitter_site":"@neilmed","twitter_misc":{"Est. reading time":"3 minutos"},"schema":{"@context":"https:\/\/schema.org","@graph":[{"@type":"WebPage","@id":"https:\/\/webstore.neilmed.com\/cr\/product\/nasamist-todo-en-uno-177-ml\/","url":"https:\/\/webstore.neilmed.com\/cr\/product\/nasamist-todo-en-uno-177-ml\/","name":"NasaMist Todo en Uno 177-ml - NeilMed Web Store - Costa Rica","isPartOf":{"@id":"https:\/\/webstore.neilmed.com\/cr\/#website"},"primaryImageOfPage":{"@id":"https:\/\/webstore.neilmed.com\/cr\/product\/nasamist-todo-en-uno-177-ml\/#primaryimage"},"image":{"@id":"https:\/\/webstore.neilmed.com\/cr\/product\/nasamist-todo-en-uno-177-ml\/#primaryimage"},"thumbnailUrl":"https:\/\/i0.wp.com\/webstore.neilmed.com\/cr\/wp-content\/uploads\/2018\/05\/2706-SPA-INT-Rev4-R.jpg?fit=1000%2C1000&ssl=1","datePublished":"2018-06-01T00:13:34+00:00","dateModified":"2022-08-25T23:45:25+00:00","breadcrumb":{"@id":"https:\/\/webstore.neilmed.com\/cr\/product\/nasamist-todo-en-uno-177-ml\/#breadcrumb"},"inLanguage":"es-CR","potentialAction":[{"@type":"ReadAction","target":["https:\/\/webstore.neilmed.com\/cr\/product\/nasamist-todo-en-uno-177-ml\/"]}]},{"@type":"ImageObject","inLanguage":"es-CR","@id":"https:\/\/webstore.neilmed.com\/cr\/product\/nasamist-todo-en-uno-177-ml\/#primaryimage","url":"https:\/\/i0.wp.com\/webstore.neilmed.com\/cr\/wp-content\/uploads\/2018\/05\/2706-SPA-INT-Rev4-R.jpg?fit=1000%2C1000&ssl=1","contentUrl":"https:\/\/i0.wp.com\/webstore.neilmed.com\/cr\/wp-content\/uploads\/2018\/05\/2706-SPA-INT-Rev4-R.jpg?fit=1000%2C1000&ssl=1","width":1000,"height":1000},{"@type":"BreadcrumbList","@id":"https:\/\/webstore.neilmed.com\/cr\/product\/nasamist-todo-en-uno-177-ml\/#breadcrumb","itemListElement":[{"@type":"ListItem","position":1,"name":"Home","item":"https:\/\/webstore.neilmed.com\/cr\/"},{"@type":"ListItem","position":2,"name":"Productos","item":"https:\/\/webstore.neilmed.com\/cr\/shop\/"},{"@type":"ListItem","position":3,"name":"NasaMist Todo en Uno 177-ml"}]},{"@type":"WebSite","@id":"https:\/\/webstore.neilmed.com\/cr\/#website","url":"https:\/\/webstore.neilmed.com\/cr\/","name":"NeilMed Web Store - Costa Rica","description":"","publisher":{"@id":"https:\/\/webstore.neilmed.com\/cr\/#organization"},"potentialAction":[{"@type":"SearchAction","target":{"@type":"EntryPoint","urlTemplate":"https:\/\/webstore.neilmed.com\/cr\/?s={search_term_string}"},"query-input":{"@type":"PropertyValueSpecification","valueRequired":true,"valueName":"search_term_string"}}],"inLanguage":"es-CR"},{"@type":"Organization","@id":"https:\/\/webstore.neilmed.com\/cr\/#organization","name":"NeilMed Web Store - Costa Rica","url":"https:\/\/webstore.neilmed.com\/cr\/","logo":{"@type":"ImageObject","inLanguage":"es-CR","@id":"https:\/\/webstore.neilmed.com\/cr\/#\/schema\/logo\/image\/","url":"https:\/\/webstore.neilmed.com\/cr\/wp-content\/uploads\/2022\/05\/neilmed-LG_SR_TM.svg","contentUrl":"https:\/\/webstore.neilmed.com\/cr\/wp-content\/uploads\/2022\/05\/neilmed-LG_SR_TM.svg","width":"1024","height":"1024","caption":"NeilMed Web Store - Costa Rica"},"image":{"@id":"https:\/\/webstore.neilmed.com\/cr\/#\/schema\/logo\/image\/"},"sameAs":["https:\/\/www.facebook.com\/neilmedcr","https:\/\/x.com\/neilmed","https:\/\/www.instagram.com\/neilmed","https:\/\/www.youtube.com\/neilmed1"]}]}},"jetpack_publicize_connections":[],"jetpack_sharing_enabled":true,"_links":{"self":[{"href":"https:\/\/webstore.neilmed.com\/cr\/wp-json\/wp\/v2\/product\/5697","targetHints":{"allow":["GET"]}}],"collection":[{"href":"https:\/\/webstore.neilmed.com\/cr\/wp-json\/wp\/v2\/product"}],"about":[{"href":"https:\/\/webstore.neilmed.com\/cr\/wp-json\/wp\/v2\/types\/product"}],"replies":[{"embeddable":true,"href":"https:\/\/webstore.neilmed.com\/cr\/wp-json\/wp\/v2\/comments?post=5697"}],"wp:featuredmedia":[{"embeddable":true,"href":"https:\/\/webstore.neilmed.com\/cr\/wp-json\/wp\/v2\/media\/5936"}],"wp:attachment":[{"href":"https:\/\/webstore.neilmed.com\/cr\/wp-json\/wp\/v2\/media?parent=5697"}],"wp:term":[{"taxonomy":"product_brand","embeddable":true,"href":"https:\/\/webstore.neilmed.com\/cr\/wp-json\/wp\/v2\/product_brand?post=5697"},{"taxonomy":"product_cat","embeddable":true,"href":"https:\/\/webstore.neilmed.com\/cr\/wp-json\/wp\/v2\/product_cat?post=5697"},{"taxonomy":"product_tag","embeddable":true,"href":"https:\/\/webstore.neilmed.com\/cr\/wp-json\/wp\/v2\/product_tag?post=5697"}],"curies":[{"name":"wp","href":"https:\/\/api.w.org\/{rel}","templated":true}]}}