{"id":5700,"date":"2018-05-31T17:19:47","date_gmt":"2018-06-01T00:19:47","guid":{"rendered":"https:\/\/webstore.neilmed.com\/cr\/?post_type=product&#038;p=5700"},"modified":"2022-08-25T17:44:23","modified_gmt":"2022-08-25T23:44:23","slug":"neilmed-naspira-aspirador-naso-oral","status":"publish","type":"product","link":"https:\/\/webstore.neilmed.com\/cr\/product\/neilmed-naspira-aspirador-naso-oral\/","title":{"rendered":"NeilMed Naspira &#8211; Aspirador Naso-Oral"},"content":{"rendered":"<p>NeilMed\u00ae Naspira\u00ae es nuestro innovador y altamente eficaz sistema de aspiraci\u00f3n naso-oral de dise\u00f1o exclusivo que puede ser, adem\u00e1s utilizado como una pera tradicional. Como aspirador, Naspira\u00ae permite\u00a0 efectuar succiones orales eficientes y\u00a0 continuas para remover efectivamente el moco de la nariz peque\u00f1a. Su exclusivo dise\u00f1o contiene un filtro en l\u00ednea para protegerlo del contacto con la mucosidad, y los g\u00e9rmenes del beb\u00e9, y una v\u00e1lvula unidireccional que evita la entrada de aire en la nariz de \u00e9ste. Tambi\u00e9n se puede separar la pera de la manguera y utilizar \u00e9sta manualmente para una suave succi\u00f3n nasal. Como todos los productos NeilMed\u00ae, NeilMed\u00ae Naspira\u00ae es seguro, de alta calidad y efectivo.<\/p>\n<p>Caracter\u00edsticas principales:<\/p>\n<p>* Dise\u00f1o transparente<br \/>\n* Apto para esterilizar<br \/>\n* Seguro para beb\u00e9s beb\u00e9s y ni\u00f1os peque\u00f1os<br \/>\n* Contiene filtros desechables en l\u00ednea para reducir los riesgos de contaminaci\u00f3n<br \/>\n* Todas las partes desmontables para una f\u00e1cil limpieza<br \/>\n* El dise\u00f1o 2-en-1 permite utilizarlo tanto como aspirador y pera<br \/>\n* Garant\u00eda de por vida<br \/>\n* Fabricado con silicona de alta calidad<br \/>\n* Lavable (excluyendo los filtros desechables)<\/p>\n<p>Caracter\u00edsticas de Seguridad:<\/p>\n<p>* Boquilla fabricada en silicona, suave al tacto<br \/>\n* V\u00e1lvula unidireccional impide cualquier aire desde la boca del usuario en la nariz del beb\u00e9<br \/>\n* Filtro desechable evita que cualquier l\u00edquido o moco ingrese en la boca del usuario<br \/>\n* Todo el material transparente permite una f\u00e1cil inspecci\u00f3n de las piezas<br \/>\n* El material transparente disminuye el crecimiento de hongos que normalmente brota en las peras y jeringas opacas<br \/>\n* La punta de la pera, el acoplador de pl\u00e1stico transparente, la pera, y la manguera como la boquilla pueden esterilizarse, primero por la limpieza con agua y jab\u00f3n detergente de lavavajillas, seguido de un hervor durante 5 minutos, o utilizando un protocolo de desinfecci\u00f3n por microondas<br \/>\n* El tama\u00f1o de la punta de la pera evita el riesgo de entrar en la cavidad nasal causando lesiones<\/p>\n<p><b>Nota:<\/b> El filtro es desechable y no puede re-utilizarse una vez contaminado despu\u00e9s del uso. Esto lo hace que sea seguro para todos, y por favor no intente esterilizarlo o lavarlo.<br \/>\n<b>Por favor lea la advertencia antes de usar.<\/b> Si usted lo est\u00e1 usando por primera vez, por favor, aseg\u00farese de armarlo correctamente, como se muestra en el diagrama, y todas las piezas est\u00e9n intactas y limpias.<\/p>\n<p><span style=\"color: #ff0000;\"><b>Instrucciones de Uso y Advertencias<br \/>\n<\/b><span style=\"color: #000000;\">Por favor lea las Advertencias antes de usar. Nuestra recomendaci\u00f3n es reemplazar la botella cada tres meses.<br \/>\nUSAR S\u00d3LO COMO SE INDICA, SI LOS S\u00cdNTOMAS PERSISTEN VISITE UN M\u00c9DICO O PROFESIONAL DE LA SALUD SIEMPRE LEA LA ETIQUETA<\/span><\/span><\/p>\n<p><b>Instrucciones de uso<br \/>\n<\/b>1. Mantenga el beb\u00e9 en posici\u00f3n vertical a semi-vertical, con los brazos bien firmes, y aseg\u00farese de que el beb\u00e9 est\u00e9 c\u00f3modo.<br \/>\n2. Sit\u00fae la punta de la pera en el las fosas nasales del beb\u00e9, y succione muy suavemente a trav\u00e9s de la boquilla, como si estuviese bebiendo un l\u00edquido, a trav\u00e9s de una bombilla. Si es necesario, aplique mayor fuerza de aspiraci\u00f3n. La boquilla es una v\u00e1lvula unidireccional y no le permitir\u00e1 soplar en direcci\u00f3n de la nariz del beb\u00e9.<br \/>\n3. Un pre-tratamiento con algunas gotas de soluci\u00f3n salina o spray salino en cada una de las fosas nasales puede ayudar a aflojar el moco espeso antes de usar NeilMed\u00ae Naspira\u00ae Aspirador Naso-Oral. El moco saldr\u00e1 muy f\u00e1cilmente desde las fosas nasales del beb\u00e9, llegando principalmente a la punta, y si es excesiva, permanecer\u00e1 en la zona de la pera mientras se succiona.<br \/>\n4. Repita los pasos anteriores en la misma fosa nasal, o la otra seg\u00fan necesidad.<br \/>\n5. Por favor, siga el protocolo de limpieza y desinfecci\u00f3n para su seguridad y la de su beb\u00e9<br \/>\n6. Cambie el filtro si se ensucia con secreciones, o despu\u00e9s de una infecci\u00f3n aguda, o cada semana durante el uso.<\/p>\n<p>Instrucciones de Limpieza y Esterilizaci\u00f3n. Desmontaje de todas las piezas.<br \/>\n1. Punzar la apertura de la punta con el pulgar y el dedo \u00edndice.<br \/>\n2. Apriete la pera con el pulgar y el dedo \u00edndice de la otra mano para que el r\u00e1pido aumento en la presi\u00f3n de aire separe las piezas.<br \/>\n3. Desmontar las piezas restantes separando los extremos. Quite el filtro y ap\u00e1rtelo antes de limpiar. El filtro no se puede lavar ni esterilizar, pero se puede reutilizar si no ha entrado en contacto con mucosidad.<br \/>\nLavar todos las piezas sueltas con detergente l\u00edquido de lava-vajilla tibio, seguido de un lavado minucioso con agua limpia. Sacuda el exceso de agua.<\/p>\n<p>Para desinfectar; elija uno de los siguientes tres m\u00e9todos:<br \/>\n1. Desinfecci\u00f3n por ebullici\u00f3n: Hierva todas las piezas durante 5 minutos. Permita que el agua se enfr\u00ede completamente antes de retirar las piezas del agua. Sacuda el exceso de agua. Permita que todas las piezas se enfr\u00eden y sequen antes a armar. Utilice toallas sin pelusa para secar el exterior de las piezas, y dejar que el aire seque el interior de \u00e9stas.<br \/>\n2. Desinfecci\u00f3n por microondas: Limpie todas las piezas con agua y jab\u00f3n como se mencion\u00f3 anteriormente, sacuda el exceso de agua. Ahora coloque todos las piezas en el microondas durante 45 segundos. Esto desinfectar\u00e1 todos las piezas. Por favor aseg\u00farese que todas las piezas est\u00e9n casi secas antes de ponerlas en el microondas.<br \/>\n3. Desinfecci\u00f3n qu\u00edmica: En algunos pa\u00edses, donde est\u00e9 disponible, utilice las mismas tabletas o soluciones qu\u00edmicas usadas para la desinfecci\u00f3n de mamaderas \/ biber\u00f3n, y seguir el mismo protocolo.<br \/>\nNota: el filtro es desechable y debe ser reemplazado si entra en contacto con la mucosa, o despu\u00e9s que el episodio de enfermedad aguda del ni\u00f1o haya pasado. No intente esterilizar y reutilizar el filtro. Tambi\u00e9n puede ser utilizado como una especie de pera aspiradora \u00fanica.<br \/>\nEl filtro no debe ser re-esterilizado.<\/p>\n<p>A pesar que Naspira\u00ae se puede lavar en el lavavajillas, \u00e9sta no limpiar\u00e1 adecuadamente el interior de las piezas. La presi\u00f3n del agua en los lavavajillas no lograr penetrar en las piezas estrechas de Naspira\u00ae, por lo tanto no ser\u00e1n limpiadas adecuadamente.<\/p>\n","protected":false},"excerpt":{"rendered":"<p>NeilMed Naspira- Aspirador de Succi\u00f3n Oral; sistema de aspiraci\u00f3n nasal con el dise\u00f1o m\u00e1s exclusivo del mundo para una eficaz succi\u00f3n de la nariz congestionada del beb\u00e9.<\/p>\n","protected":false},"featured_media":5939,"comment_status":"open","ping_status":"closed","template":"","meta":{"inline_featured_image":false,"jetpack_post_was_ever_published":false,"jetpack_publicize_message":"","jetpack_publicize_feature_enabled":true,"jetpack_social_post_already_shared":true,"jetpack_social_options":{"image_generator_settings":{"template":"highway","default_image_id":0,"font":"","enabled":false},"version":2}},"product_brand":[],"product_cat":[70],"product_tag":[],"class_list":{"0":"post-5700","1":"product","2":"type-product","3":"status-publish","4":"has-post-thumbnail","6":"product_cat-bebes-ninos","8":"first","9":"instock","10":"featured","11":"shipping-taxable","12":"purchasable","13":"product-type-simple"},"yoast_head":"<!-- This site is optimized with the Yoast SEO plugin v27.3 - https:\/\/yoast.com\/product\/yoast-seo-wordpress\/ -->\n<title>NeilMed Naspira - Aspirador Naso-Oral - NeilMed Web Store - Costa Rica<\/title>\n<meta name=\"robots\" content=\"index, follow, max-snippet:-1, max-image-preview:large, max-video-preview:-1\" \/>\n<link rel=\"canonical\" href=\"https:\/\/webstore.neilmed.com\/cr\/product\/neilmed-naspira-aspirador-naso-oral\/\" \/>\n<meta property=\"og:locale\" content=\"es_ES\" \/>\n<meta property=\"og:type\" content=\"article\" \/>\n<meta property=\"og:title\" content=\"NeilMed Naspira - Aspirador Naso-Oral - NeilMed Web Store - Costa Rica\" \/>\n<meta property=\"og:description\" content=\"NeilMed Naspira- Aspirador de Succi\u00f3n Oral; sistema de aspiraci\u00f3n nasal con el dise\u00f1o m\u00e1s exclusivo del mundo para una eficaz succi\u00f3n de la nariz congestionada del beb\u00e9.\" \/>\n<meta property=\"og:url\" content=\"https:\/\/webstore.neilmed.com\/cr\/product\/neilmed-naspira-aspirador-naso-oral\/\" \/>\n<meta property=\"og:site_name\" content=\"NeilMed Web Store - Costa Rica\" \/>\n<meta property=\"article:publisher\" content=\"https:\/\/www.facebook.com\/neilmedcr\" \/>\n<meta property=\"article:modified_time\" content=\"2022-08-25T23:44:23+00:00\" \/>\n<meta property=\"og:image\" content=\"https:\/\/webstore.neilmed.com\/cr\/wp-content\/uploads\/2018\/05\/NOA-0R-48-SPA-INT-Rev2-Right.jpg\" \/>\n\t<meta property=\"og:image:width\" content=\"1000\" \/>\n\t<meta property=\"og:image:height\" content=\"1000\" \/>\n\t<meta property=\"og:image:type\" content=\"image\/jpeg\" \/>\n<meta name=\"twitter:card\" content=\"summary_large_image\" \/>\n<meta name=\"twitter:site\" content=\"@neilmed\" \/>\n<meta name=\"twitter:label1\" content=\"Est. reading time\" \/>\n\t<meta name=\"twitter:data1\" content=\"5 minutos\" \/>\n<script type=\"application\/ld+json\" class=\"yoast-schema-graph\">{\"@context\":\"https:\\\/\\\/schema.org\",\"@graph\":[{\"@type\":\"WebPage\",\"@id\":\"https:\\\/\\\/webstore.neilmed.com\\\/cr\\\/product\\\/neilmed-naspira-aspirador-naso-oral\\\/\",\"url\":\"https:\\\/\\\/webstore.neilmed.com\\\/cr\\\/product\\\/neilmed-naspira-aspirador-naso-oral\\\/\",\"name\":\"NeilMed Naspira - Aspirador Naso-Oral - NeilMed Web Store - Costa Rica\",\"isPartOf\":{\"@id\":\"https:\\\/\\\/webstore.neilmed.com\\\/cr\\\/#website\"},\"primaryImageOfPage\":{\"@id\":\"https:\\\/\\\/webstore.neilmed.com\\\/cr\\\/product\\\/neilmed-naspira-aspirador-naso-oral\\\/#primaryimage\"},\"image\":{\"@id\":\"https:\\\/\\\/webstore.neilmed.com\\\/cr\\\/product\\\/neilmed-naspira-aspirador-naso-oral\\\/#primaryimage\"},\"thumbnailUrl\":\"https:\\\/\\\/i0.wp.com\\\/webstore.neilmed.com\\\/cr\\\/wp-content\\\/uploads\\\/2018\\\/05\\\/NOA-0R-48-SPA-INT-Rev2-Right.jpg?fit=1000%2C1000&ssl=1\",\"datePublished\":\"2018-06-01T00:19:47+00:00\",\"dateModified\":\"2022-08-25T23:44:23+00:00\",\"breadcrumb\":{\"@id\":\"https:\\\/\\\/webstore.neilmed.com\\\/cr\\\/product\\\/neilmed-naspira-aspirador-naso-oral\\\/#breadcrumb\"},\"inLanguage\":\"es-CR\",\"potentialAction\":[{\"@type\":\"ReadAction\",\"target\":[\"https:\\\/\\\/webstore.neilmed.com\\\/cr\\\/product\\\/neilmed-naspira-aspirador-naso-oral\\\/\"]}]},{\"@type\":\"ImageObject\",\"inLanguage\":\"es-CR\",\"@id\":\"https:\\\/\\\/webstore.neilmed.com\\\/cr\\\/product\\\/neilmed-naspira-aspirador-naso-oral\\\/#primaryimage\",\"url\":\"https:\\\/\\\/i0.wp.com\\\/webstore.neilmed.com\\\/cr\\\/wp-content\\\/uploads\\\/2018\\\/05\\\/NOA-0R-48-SPA-INT-Rev2-Right.jpg?fit=1000%2C1000&ssl=1\",\"contentUrl\":\"https:\\\/\\\/i0.wp.com\\\/webstore.neilmed.com\\\/cr\\\/wp-content\\\/uploads\\\/2018\\\/05\\\/NOA-0R-48-SPA-INT-Rev2-Right.jpg?fit=1000%2C1000&ssl=1\",\"width\":1000,\"height\":1000},{\"@type\":\"BreadcrumbList\",\"@id\":\"https:\\\/\\\/webstore.neilmed.com\\\/cr\\\/product\\\/neilmed-naspira-aspirador-naso-oral\\\/#breadcrumb\",\"itemListElement\":[{\"@type\":\"ListItem\",\"position\":1,\"name\":\"Home\",\"item\":\"https:\\\/\\\/webstore.neilmed.com\\\/cr\\\/\"},{\"@type\":\"ListItem\",\"position\":2,\"name\":\"Productos\",\"item\":\"https:\\\/\\\/webstore.neilmed.com\\\/cr\\\/shop\\\/\"},{\"@type\":\"ListItem\",\"position\":3,\"name\":\"NeilMed Naspira &#8211; Aspirador Naso-Oral\"}]},{\"@type\":\"WebSite\",\"@id\":\"https:\\\/\\\/webstore.neilmed.com\\\/cr\\\/#website\",\"url\":\"https:\\\/\\\/webstore.neilmed.com\\\/cr\\\/\",\"name\":\"NeilMed Web Store - Costa Rica\",\"description\":\"\",\"publisher\":{\"@id\":\"https:\\\/\\\/webstore.neilmed.com\\\/cr\\\/#organization\"},\"potentialAction\":[{\"@type\":\"SearchAction\",\"target\":{\"@type\":\"EntryPoint\",\"urlTemplate\":\"https:\\\/\\\/webstore.neilmed.com\\\/cr\\\/?s={search_term_string}\"},\"query-input\":{\"@type\":\"PropertyValueSpecification\",\"valueRequired\":true,\"valueName\":\"search_term_string\"}}],\"inLanguage\":\"es-CR\"},{\"@type\":\"Organization\",\"@id\":\"https:\\\/\\\/webstore.neilmed.com\\\/cr\\\/#organization\",\"name\":\"NeilMed Web Store - Costa Rica\",\"url\":\"https:\\\/\\\/webstore.neilmed.com\\\/cr\\\/\",\"logo\":{\"@type\":\"ImageObject\",\"inLanguage\":\"es-CR\",\"@id\":\"https:\\\/\\\/webstore.neilmed.com\\\/cr\\\/#\\\/schema\\\/logo\\\/image\\\/\",\"url\":\"https:\\\/\\\/webstore.neilmed.com\\\/cr\\\/wp-content\\\/uploads\\\/2022\\\/05\\\/neilmed-LG_SR_TM.svg\",\"contentUrl\":\"https:\\\/\\\/webstore.neilmed.com\\\/cr\\\/wp-content\\\/uploads\\\/2022\\\/05\\\/neilmed-LG_SR_TM.svg\",\"width\":\"1024\",\"height\":\"1024\",\"caption\":\"NeilMed Web Store - Costa Rica\"},\"image\":{\"@id\":\"https:\\\/\\\/webstore.neilmed.com\\\/cr\\\/#\\\/schema\\\/logo\\\/image\\\/\"},\"sameAs\":[\"https:\\\/\\\/www.facebook.com\\\/neilmedcr\",\"https:\\\/\\\/x.com\\\/neilmed\",\"https:\\\/\\\/www.instagram.com\\\/neilmed\",\"https:\\\/\\\/www.youtube.com\\\/neilmed1\"]}]}<\/script>\n<!-- \/ Yoast SEO plugin. -->","yoast_head_json":{"title":"NeilMed Naspira - Aspirador Naso-Oral - NeilMed Web Store - Costa Rica","robots":{"index":"index","follow":"follow","max-snippet":"max-snippet:-1","max-image-preview":"max-image-preview:large","max-video-preview":"max-video-preview:-1"},"canonical":"https:\/\/webstore.neilmed.com\/cr\/product\/neilmed-naspira-aspirador-naso-oral\/","og_locale":"es_ES","og_type":"article","og_title":"NeilMed Naspira - Aspirador Naso-Oral - NeilMed Web Store - Costa Rica","og_description":"NeilMed Naspira- Aspirador de Succi\u00f3n Oral; sistema de aspiraci\u00f3n nasal con el dise\u00f1o m\u00e1s exclusivo del mundo para una eficaz succi\u00f3n de la nariz congestionada del beb\u00e9.","og_url":"https:\/\/webstore.neilmed.com\/cr\/product\/neilmed-naspira-aspirador-naso-oral\/","og_site_name":"NeilMed Web Store - Costa Rica","article_publisher":"https:\/\/www.facebook.com\/neilmedcr","article_modified_time":"2022-08-25T23:44:23+00:00","og_image":[{"width":1000,"height":1000,"url":"https:\/\/webstore.neilmed.com\/cr\/wp-content\/uploads\/2018\/05\/NOA-0R-48-SPA-INT-Rev2-Right.jpg","type":"image\/jpeg"}],"twitter_card":"summary_large_image","twitter_site":"@neilmed","twitter_misc":{"Est. reading time":"5 minutos"},"schema":{"@context":"https:\/\/schema.org","@graph":[{"@type":"WebPage","@id":"https:\/\/webstore.neilmed.com\/cr\/product\/neilmed-naspira-aspirador-naso-oral\/","url":"https:\/\/webstore.neilmed.com\/cr\/product\/neilmed-naspira-aspirador-naso-oral\/","name":"NeilMed Naspira - Aspirador Naso-Oral - NeilMed Web Store - Costa Rica","isPartOf":{"@id":"https:\/\/webstore.neilmed.com\/cr\/#website"},"primaryImageOfPage":{"@id":"https:\/\/webstore.neilmed.com\/cr\/product\/neilmed-naspira-aspirador-naso-oral\/#primaryimage"},"image":{"@id":"https:\/\/webstore.neilmed.com\/cr\/product\/neilmed-naspira-aspirador-naso-oral\/#primaryimage"},"thumbnailUrl":"https:\/\/i0.wp.com\/webstore.neilmed.com\/cr\/wp-content\/uploads\/2018\/05\/NOA-0R-48-SPA-INT-Rev2-Right.jpg?fit=1000%2C1000&ssl=1","datePublished":"2018-06-01T00:19:47+00:00","dateModified":"2022-08-25T23:44:23+00:00","breadcrumb":{"@id":"https:\/\/webstore.neilmed.com\/cr\/product\/neilmed-naspira-aspirador-naso-oral\/#breadcrumb"},"inLanguage":"es-CR","potentialAction":[{"@type":"ReadAction","target":["https:\/\/webstore.neilmed.com\/cr\/product\/neilmed-naspira-aspirador-naso-oral\/"]}]},{"@type":"ImageObject","inLanguage":"es-CR","@id":"https:\/\/webstore.neilmed.com\/cr\/product\/neilmed-naspira-aspirador-naso-oral\/#primaryimage","url":"https:\/\/i0.wp.com\/webstore.neilmed.com\/cr\/wp-content\/uploads\/2018\/05\/NOA-0R-48-SPA-INT-Rev2-Right.jpg?fit=1000%2C1000&ssl=1","contentUrl":"https:\/\/i0.wp.com\/webstore.neilmed.com\/cr\/wp-content\/uploads\/2018\/05\/NOA-0R-48-SPA-INT-Rev2-Right.jpg?fit=1000%2C1000&ssl=1","width":1000,"height":1000},{"@type":"BreadcrumbList","@id":"https:\/\/webstore.neilmed.com\/cr\/product\/neilmed-naspira-aspirador-naso-oral\/#breadcrumb","itemListElement":[{"@type":"ListItem","position":1,"name":"Home","item":"https:\/\/webstore.neilmed.com\/cr\/"},{"@type":"ListItem","position":2,"name":"Productos","item":"https:\/\/webstore.neilmed.com\/cr\/shop\/"},{"@type":"ListItem","position":3,"name":"NeilMed Naspira &#8211; Aspirador Naso-Oral"}]},{"@type":"WebSite","@id":"https:\/\/webstore.neilmed.com\/cr\/#website","url":"https:\/\/webstore.neilmed.com\/cr\/","name":"NeilMed Web Store - Costa Rica","description":"","publisher":{"@id":"https:\/\/webstore.neilmed.com\/cr\/#organization"},"potentialAction":[{"@type":"SearchAction","target":{"@type":"EntryPoint","urlTemplate":"https:\/\/webstore.neilmed.com\/cr\/?s={search_term_string}"},"query-input":{"@type":"PropertyValueSpecification","valueRequired":true,"valueName":"search_term_string"}}],"inLanguage":"es-CR"},{"@type":"Organization","@id":"https:\/\/webstore.neilmed.com\/cr\/#organization","name":"NeilMed Web Store - Costa Rica","url":"https:\/\/webstore.neilmed.com\/cr\/","logo":{"@type":"ImageObject","inLanguage":"es-CR","@id":"https:\/\/webstore.neilmed.com\/cr\/#\/schema\/logo\/image\/","url":"https:\/\/webstore.neilmed.com\/cr\/wp-content\/uploads\/2022\/05\/neilmed-LG_SR_TM.svg","contentUrl":"https:\/\/webstore.neilmed.com\/cr\/wp-content\/uploads\/2022\/05\/neilmed-LG_SR_TM.svg","width":"1024","height":"1024","caption":"NeilMed Web Store - Costa Rica"},"image":{"@id":"https:\/\/webstore.neilmed.com\/cr\/#\/schema\/logo\/image\/"},"sameAs":["https:\/\/www.facebook.com\/neilmedcr","https:\/\/x.com\/neilmed","https:\/\/www.instagram.com\/neilmed","https:\/\/www.youtube.com\/neilmed1"]}]}},"jetpack_publicize_connections":[],"jetpack_sharing_enabled":true,"_links":{"self":[{"href":"https:\/\/webstore.neilmed.com\/cr\/wp-json\/wp\/v2\/product\/5700","targetHints":{"allow":["GET"]}}],"collection":[{"href":"https:\/\/webstore.neilmed.com\/cr\/wp-json\/wp\/v2\/product"}],"about":[{"href":"https:\/\/webstore.neilmed.com\/cr\/wp-json\/wp\/v2\/types\/product"}],"replies":[{"embeddable":true,"href":"https:\/\/webstore.neilmed.com\/cr\/wp-json\/wp\/v2\/comments?post=5700"}],"wp:featuredmedia":[{"embeddable":true,"href":"https:\/\/webstore.neilmed.com\/cr\/wp-json\/wp\/v2\/media\/5939"}],"wp:attachment":[{"href":"https:\/\/webstore.neilmed.com\/cr\/wp-json\/wp\/v2\/media?parent=5700"}],"wp:term":[{"taxonomy":"product_brand","embeddable":true,"href":"https:\/\/webstore.neilmed.com\/cr\/wp-json\/wp\/v2\/product_brand?post=5700"},{"taxonomy":"product_cat","embeddable":true,"href":"https:\/\/webstore.neilmed.com\/cr\/wp-json\/wp\/v2\/product_cat?post=5700"},{"taxonomy":"product_tag","embeddable":true,"href":"https:\/\/webstore.neilmed.com\/cr\/wp-json\/wp\/v2\/product_tag?post=5700"}],"curies":[{"name":"wp","href":"https:\/\/api.w.org\/{rel}","templated":true}]}}