{"id":5847,"date":"2021-09-14T12:50:06","date_gmt":"2021-09-14T18:50:06","guid":{"rendered":"https:\/\/webstore.neilmed.com\/cr\/?post_type=product&#038;p=5847"},"modified":"2022-10-17T10:54:11","modified_gmt":"2022-10-17T16:54:11","slug":"nasamist-hipertonico-extra-fuerte","status":"publish","type":"product","link":"https:\/\/webstore.neilmed.com\/cr\/product\/nasamist-hipertonico-extra-fuerte\/","title":{"rendered":"Nasamist Hipert\u00f3nico \u2013 Extra Fuerte"},"content":{"rendered":"<p>Spray nasal de soluci\u00f3n salina hipert\u00f3nica (2,7% NaCl), que ayuda aliviar las alergias, irritaci\u00f3n nasal, sequedad y la congesti\u00f3n del resfriado com\u00fan o gripe. Hidrata y lubrica los conductos nasales secos para adultos y ni\u00f1os.<\/p>\n","protected":false},"excerpt":{"rendered":"<p>Nasamist Hipert\u00f3nico \u2013 Extra Fuerte<\/p>\n","protected":false},"featured_media":6106,"comment_status":"open","ping_status":"closed","template":"","meta":{"inline_featured_image":false,"jetpack_post_was_ever_published":false,"jetpack_publicize_message":"","jetpack_publicize_feature_enabled":true,"jetpack_social_post_already_shared":true,"jetpack_social_options":{"image_generator_settings":{"template":"highway","default_image_id":0,"font":"","enabled":false},"version":2}},"product_brand":[],"product_cat":[79],"product_tag":[],"class_list":{"0":"post-5847","1":"product","2":"type-product","3":"status-publish","4":"has-post-thumbnail","6":"product_cat-spray-solucion-salina-esteril","8":"first","9":"instock","10":"shipping-taxable","11":"purchasable","12":"product-type-simple"},"yoast_head":"<!-- This site is optimized with the Yoast SEO plugin v27.4 - https:\/\/yoast.com\/product\/yoast-seo-wordpress\/ -->\n<title>Nasamist Hipert\u00f3nico \u2013 Extra Fuerte - NeilMed Web Store - Costa Rica<\/title>\n<meta name=\"robots\" content=\"index, follow, max-snippet:-1, max-image-preview:large, max-video-preview:-1\" \/>\n<link rel=\"canonical\" href=\"https:\/\/webstore.neilmed.com\/cr\/product\/nasamist-hipertonico-extra-fuerte\/\" \/>\n<meta property=\"og:locale\" content=\"es_ES\" \/>\n<meta property=\"og:type\" content=\"article\" \/>\n<meta property=\"og:title\" content=\"Nasamist Hipert\u00f3nico \u2013 Extra Fuerte - NeilMed Web Store - Costa Rica\" \/>\n<meta property=\"og:description\" content=\"Nasamist Hipert\u00f3nico \u2013 Extra Fuerte\" \/>\n<meta property=\"og:url\" content=\"https:\/\/webstore.neilmed.com\/cr\/product\/nasamist-hipertonico-extra-fuerte\/\" \/>\n<meta property=\"og:site_name\" content=\"NeilMed Web Store - Costa Rica\" \/>\n<meta property=\"article:publisher\" content=\"https:\/\/www.facebook.com\/neilmedcr\" \/>\n<meta property=\"article:modified_time\" content=\"2022-10-17T16:54:11+00:00\" \/>\n<meta property=\"og:image\" content=\"https:\/\/webstore.neilmed.com\/cr\/wp-content\/uploads\/2021\/09\/2702-SPA-INT-Rev8-R.jpg\" \/>\n\t<meta property=\"og:image:width\" content=\"1000\" \/>\n\t<meta property=\"og:image:height\" content=\"1000\" \/>\n\t<meta property=\"og:image:type\" content=\"image\/jpeg\" \/>\n<meta name=\"twitter:card\" content=\"summary_large_image\" \/>\n<meta name=\"twitter:site\" content=\"@neilmed\" \/>\n<meta name=\"twitter:label1\" content=\"Est. reading time\" \/>\n\t<meta name=\"twitter:data1\" content=\"1 minuto\" \/>\n<script type=\"application\/ld+json\" class=\"yoast-schema-graph\">{\"@context\":\"https:\\\/\\\/schema.org\",\"@graph\":[{\"@type\":\"WebPage\",\"@id\":\"https:\\\/\\\/webstore.neilmed.com\\\/cr\\\/product\\\/nasamist-hipertonico-extra-fuerte\\\/\",\"url\":\"https:\\\/\\\/webstore.neilmed.com\\\/cr\\\/product\\\/nasamist-hipertonico-extra-fuerte\\\/\",\"name\":\"Nasamist Hipert\u00f3nico \u2013 Extra Fuerte - NeilMed Web Store - Costa Rica\",\"isPartOf\":{\"@id\":\"https:\\\/\\\/webstore.neilmed.com\\\/cr\\\/#website\"},\"primaryImageOfPage\":{\"@id\":\"https:\\\/\\\/webstore.neilmed.com\\\/cr\\\/product\\\/nasamist-hipertonico-extra-fuerte\\\/#primaryimage\"},\"image\":{\"@id\":\"https:\\\/\\\/webstore.neilmed.com\\\/cr\\\/product\\\/nasamist-hipertonico-extra-fuerte\\\/#primaryimage\"},\"thumbnailUrl\":\"https:\\\/\\\/i0.wp.com\\\/webstore.neilmed.com\\\/cr\\\/wp-content\\\/uploads\\\/2021\\\/09\\\/2702-SPA-INT-Rev8-R.jpg?fit=1000%2C1000&ssl=1\",\"datePublished\":\"2021-09-14T18:50:06+00:00\",\"dateModified\":\"2022-10-17T16:54:11+00:00\",\"breadcrumb\":{\"@id\":\"https:\\\/\\\/webstore.neilmed.com\\\/cr\\\/product\\\/nasamist-hipertonico-extra-fuerte\\\/#breadcrumb\"},\"inLanguage\":\"es-CR\",\"potentialAction\":[{\"@type\":\"ReadAction\",\"target\":[\"https:\\\/\\\/webstore.neilmed.com\\\/cr\\\/product\\\/nasamist-hipertonico-extra-fuerte\\\/\"]}]},{\"@type\":\"ImageObject\",\"inLanguage\":\"es-CR\",\"@id\":\"https:\\\/\\\/webstore.neilmed.com\\\/cr\\\/product\\\/nasamist-hipertonico-extra-fuerte\\\/#primaryimage\",\"url\":\"https:\\\/\\\/i0.wp.com\\\/webstore.neilmed.com\\\/cr\\\/wp-content\\\/uploads\\\/2021\\\/09\\\/2702-SPA-INT-Rev8-R.jpg?fit=1000%2C1000&ssl=1\",\"contentUrl\":\"https:\\\/\\\/i0.wp.com\\\/webstore.neilmed.com\\\/cr\\\/wp-content\\\/uploads\\\/2021\\\/09\\\/2702-SPA-INT-Rev8-R.jpg?fit=1000%2C1000&ssl=1\",\"width\":1000,\"height\":1000},{\"@type\":\"BreadcrumbList\",\"@id\":\"https:\\\/\\\/webstore.neilmed.com\\\/cr\\\/product\\\/nasamist-hipertonico-extra-fuerte\\\/#breadcrumb\",\"itemListElement\":[{\"@type\":\"ListItem\",\"position\":1,\"name\":\"Home\",\"item\":\"https:\\\/\\\/webstore.neilmed.com\\\/cr\\\/\"},{\"@type\":\"ListItem\",\"position\":2,\"name\":\"Productos\",\"item\":\"https:\\\/\\\/webstore.neilmed.com\\\/cr\\\/shop\\\/\"},{\"@type\":\"ListItem\",\"position\":3,\"name\":\"Nasamist Hipert\u00f3nico \u2013 Extra Fuerte\"}]},{\"@type\":\"WebSite\",\"@id\":\"https:\\\/\\\/webstore.neilmed.com\\\/cr\\\/#website\",\"url\":\"https:\\\/\\\/webstore.neilmed.com\\\/cr\\\/\",\"name\":\"NeilMed Web Store - Costa Rica\",\"description\":\"\",\"publisher\":{\"@id\":\"https:\\\/\\\/webstore.neilmed.com\\\/cr\\\/#organization\"},\"potentialAction\":[{\"@type\":\"SearchAction\",\"target\":{\"@type\":\"EntryPoint\",\"urlTemplate\":\"https:\\\/\\\/webstore.neilmed.com\\\/cr\\\/?s={search_term_string}\"},\"query-input\":{\"@type\":\"PropertyValueSpecification\",\"valueRequired\":true,\"valueName\":\"search_term_string\"}}],\"inLanguage\":\"es-CR\"},{\"@type\":\"Organization\",\"@id\":\"https:\\\/\\\/webstore.neilmed.com\\\/cr\\\/#organization\",\"name\":\"NeilMed Web Store - Costa Rica\",\"url\":\"https:\\\/\\\/webstore.neilmed.com\\\/cr\\\/\",\"logo\":{\"@type\":\"ImageObject\",\"inLanguage\":\"es-CR\",\"@id\":\"https:\\\/\\\/webstore.neilmed.com\\\/cr\\\/#\\\/schema\\\/logo\\\/image\\\/\",\"url\":\"https:\\\/\\\/webstore.neilmed.com\\\/cr\\\/wp-content\\\/uploads\\\/2022\\\/05\\\/neilmed-LG_SR_TM.svg\",\"contentUrl\":\"https:\\\/\\\/webstore.neilmed.com\\\/cr\\\/wp-content\\\/uploads\\\/2022\\\/05\\\/neilmed-LG_SR_TM.svg\",\"width\":\"1024\",\"height\":\"1024\",\"caption\":\"NeilMed Web Store - Costa Rica\"},\"image\":{\"@id\":\"https:\\\/\\\/webstore.neilmed.com\\\/cr\\\/#\\\/schema\\\/logo\\\/image\\\/\"},\"sameAs\":[\"https:\\\/\\\/www.facebook.com\\\/neilmedcr\",\"https:\\\/\\\/x.com\\\/neilmed\",\"https:\\\/\\\/www.instagram.com\\\/neilmed\",\"https:\\\/\\\/www.youtube.com\\\/neilmed1\"]}]}<\/script>\n<!-- \/ Yoast SEO plugin. -->","yoast_head_json":{"title":"Nasamist Hipert\u00f3nico \u2013 Extra Fuerte - NeilMed Web Store - Costa Rica","robots":{"index":"index","follow":"follow","max-snippet":"max-snippet:-1","max-image-preview":"max-image-preview:large","max-video-preview":"max-video-preview:-1"},"canonical":"https:\/\/webstore.neilmed.com\/cr\/product\/nasamist-hipertonico-extra-fuerte\/","og_locale":"es_ES","og_type":"article","og_title":"Nasamist Hipert\u00f3nico \u2013 Extra Fuerte - NeilMed Web Store - Costa Rica","og_description":"Nasamist Hipert\u00f3nico \u2013 Extra Fuerte","og_url":"https:\/\/webstore.neilmed.com\/cr\/product\/nasamist-hipertonico-extra-fuerte\/","og_site_name":"NeilMed Web Store - Costa Rica","article_publisher":"https:\/\/www.facebook.com\/neilmedcr","article_modified_time":"2022-10-17T16:54:11+00:00","og_image":[{"width":1000,"height":1000,"url":"https:\/\/webstore.neilmed.com\/cr\/wp-content\/uploads\/2021\/09\/2702-SPA-INT-Rev8-R.jpg","type":"image\/jpeg"}],"twitter_card":"summary_large_image","twitter_site":"@neilmed","twitter_misc":{"Est. reading time":"1 minuto"},"schema":{"@context":"https:\/\/schema.org","@graph":[{"@type":"WebPage","@id":"https:\/\/webstore.neilmed.com\/cr\/product\/nasamist-hipertonico-extra-fuerte\/","url":"https:\/\/webstore.neilmed.com\/cr\/product\/nasamist-hipertonico-extra-fuerte\/","name":"Nasamist Hipert\u00f3nico \u2013 Extra Fuerte - NeilMed Web Store - Costa Rica","isPartOf":{"@id":"https:\/\/webstore.neilmed.com\/cr\/#website"},"primaryImageOfPage":{"@id":"https:\/\/webstore.neilmed.com\/cr\/product\/nasamist-hipertonico-extra-fuerte\/#primaryimage"},"image":{"@id":"https:\/\/webstore.neilmed.com\/cr\/product\/nasamist-hipertonico-extra-fuerte\/#primaryimage"},"thumbnailUrl":"https:\/\/i0.wp.com\/webstore.neilmed.com\/cr\/wp-content\/uploads\/2021\/09\/2702-SPA-INT-Rev8-R.jpg?fit=1000%2C1000&ssl=1","datePublished":"2021-09-14T18:50:06+00:00","dateModified":"2022-10-17T16:54:11+00:00","breadcrumb":{"@id":"https:\/\/webstore.neilmed.com\/cr\/product\/nasamist-hipertonico-extra-fuerte\/#breadcrumb"},"inLanguage":"es-CR","potentialAction":[{"@type":"ReadAction","target":["https:\/\/webstore.neilmed.com\/cr\/product\/nasamist-hipertonico-extra-fuerte\/"]}]},{"@type":"ImageObject","inLanguage":"es-CR","@id":"https:\/\/webstore.neilmed.com\/cr\/product\/nasamist-hipertonico-extra-fuerte\/#primaryimage","url":"https:\/\/i0.wp.com\/webstore.neilmed.com\/cr\/wp-content\/uploads\/2021\/09\/2702-SPA-INT-Rev8-R.jpg?fit=1000%2C1000&ssl=1","contentUrl":"https:\/\/i0.wp.com\/webstore.neilmed.com\/cr\/wp-content\/uploads\/2021\/09\/2702-SPA-INT-Rev8-R.jpg?fit=1000%2C1000&ssl=1","width":1000,"height":1000},{"@type":"BreadcrumbList","@id":"https:\/\/webstore.neilmed.com\/cr\/product\/nasamist-hipertonico-extra-fuerte\/#breadcrumb","itemListElement":[{"@type":"ListItem","position":1,"name":"Home","item":"https:\/\/webstore.neilmed.com\/cr\/"},{"@type":"ListItem","position":2,"name":"Productos","item":"https:\/\/webstore.neilmed.com\/cr\/shop\/"},{"@type":"ListItem","position":3,"name":"Nasamist Hipert\u00f3nico \u2013 Extra Fuerte"}]},{"@type":"WebSite","@id":"https:\/\/webstore.neilmed.com\/cr\/#website","url":"https:\/\/webstore.neilmed.com\/cr\/","name":"NeilMed Web Store - Costa Rica","description":"","publisher":{"@id":"https:\/\/webstore.neilmed.com\/cr\/#organization"},"potentialAction":[{"@type":"SearchAction","target":{"@type":"EntryPoint","urlTemplate":"https:\/\/webstore.neilmed.com\/cr\/?s={search_term_string}"},"query-input":{"@type":"PropertyValueSpecification","valueRequired":true,"valueName":"search_term_string"}}],"inLanguage":"es-CR"},{"@type":"Organization","@id":"https:\/\/webstore.neilmed.com\/cr\/#organization","name":"NeilMed Web Store - Costa Rica","url":"https:\/\/webstore.neilmed.com\/cr\/","logo":{"@type":"ImageObject","inLanguage":"es-CR","@id":"https:\/\/webstore.neilmed.com\/cr\/#\/schema\/logo\/image\/","url":"https:\/\/webstore.neilmed.com\/cr\/wp-content\/uploads\/2022\/05\/neilmed-LG_SR_TM.svg","contentUrl":"https:\/\/webstore.neilmed.com\/cr\/wp-content\/uploads\/2022\/05\/neilmed-LG_SR_TM.svg","width":"1024","height":"1024","caption":"NeilMed Web Store - Costa Rica"},"image":{"@id":"https:\/\/webstore.neilmed.com\/cr\/#\/schema\/logo\/image\/"},"sameAs":["https:\/\/www.facebook.com\/neilmedcr","https:\/\/x.com\/neilmed","https:\/\/www.instagram.com\/neilmed","https:\/\/www.youtube.com\/neilmed1"]}]}},"jetpack_publicize_connections":[],"jetpack_sharing_enabled":true,"_links":{"self":[{"href":"https:\/\/webstore.neilmed.com\/cr\/wp-json\/wp\/v2\/product\/5847","targetHints":{"allow":["GET"]}}],"collection":[{"href":"https:\/\/webstore.neilmed.com\/cr\/wp-json\/wp\/v2\/product"}],"about":[{"href":"https:\/\/webstore.neilmed.com\/cr\/wp-json\/wp\/v2\/types\/product"}],"replies":[{"embeddable":true,"href":"https:\/\/webstore.neilmed.com\/cr\/wp-json\/wp\/v2\/comments?post=5847"}],"wp:featuredmedia":[{"embeddable":true,"href":"https:\/\/webstore.neilmed.com\/cr\/wp-json\/wp\/v2\/media\/6106"}],"wp:attachment":[{"href":"https:\/\/webstore.neilmed.com\/cr\/wp-json\/wp\/v2\/media?parent=5847"}],"wp:term":[{"taxonomy":"product_brand","embeddable":true,"href":"https:\/\/webstore.neilmed.com\/cr\/wp-json\/wp\/v2\/product_brand?post=5847"},{"taxonomy":"product_cat","embeddable":true,"href":"https:\/\/webstore.neilmed.com\/cr\/wp-json\/wp\/v2\/product_cat?post=5847"},{"taxonomy":"product_tag","embeddable":true,"href":"https:\/\/webstore.neilmed.com\/cr\/wp-json\/wp\/v2\/product_tag?post=5847"}],"curies":[{"name":"wp","href":"https:\/\/api.w.org\/{rel}","templated":true}]}}