{"id":5595,"date":"2018-05-23T17:43:59","date_gmt":"2018-05-24T00:43:59","guid":{"rendered":"https:\/\/webstore.neilmed.com\/mx\/?page_id=5595"},"modified":"2022-09-28T19:32:11","modified_gmt":"2022-09-29T00:32:11","slug":"return-policy","status":"publish","type":"page","link":"https:\/\/webstore.neilmed.com\/mx\/return-policy\/","title":{"rendered":"Pol\u00edtica de Devoluciones"},"content":{"rendered":"\n\n\t<span><span><a href=\"https:\/\/webstore.neilmed.com\/mx\/\">Home<\/a><\/span><\/span>\n\t<p><strong>TGracias por comprar SINU RINSE<sup>\u2122<\/sup>.<\/strong><\/p>\n<p>Si alguno de los componentes del kit no se encuentra o est\u00e1 da\u00f1ado, por favor no realizar la devoluci\u00f3n. Enviar un correo electr\u00f3nico a questions@neilmed.com o llame a nuestro servicio del cliente al +56 2 26624858. Le enviaremos los reemplazos GRATIS si realiza la llamada dentro de los 10 d\u00edas despu\u00e9s de la compra o recibo.<\/p>\n<p>Si necesita un reembolso , por favor env\u00edenos el producto y su recibo original dentro de los 90 d\u00edas de la compra . Le devolveremos la cantidad original de facturaci\u00f3n ( menos gastos de env\u00edo y manipulaci\u00f3n costo).<\/p>\n\n","protected":false},"excerpt":{"rendered":"<p>TGracias por comprar SINU RINSE\u2122. Si alguno de los componentes del kit no se encuentra o est\u00e1 da\u00f1ado, por favor no realizar la devoluci\u00f3n. Enviar un correo electr\u00f3nico a questions@neilmed.com o llame a nuestro servicio del cliente al +56 2 26624858. Le enviaremos los reemplazos GRATIS si realiza la llamada dentro de los 10 d\u00edas&hellip;<\/p>\n","protected":false},"author":1,"featured_media":0,"parent":0,"menu_order":0,"comment_status":"closed","ping_status":"closed","template":"","meta":{"inline_featured_image":false,"footnotes":""},"class_list":["post-5595","page","type-page","status-publish","hentry"],"yoast_head":"<!-- This site is optimized with the Yoast SEO plugin v27.3 - https:\/\/yoast.com\/product\/yoast-seo-wordpress\/ -->\n<title>Pol\u00edtica de Devoluciones - NeilMed Mexico Web Store<\/title>\n<meta name=\"robots\" content=\"index, follow, max-snippet:-1, max-image-preview:large, max-video-preview:-1\" \/>\n<link rel=\"canonical\" href=\"https:\/\/webstore.neilmed.com\/mx\/return-policy\/\" \/>\n<meta property=\"og:locale\" content=\"es_MX\" \/>\n<meta property=\"og:type\" content=\"article\" \/>\n<meta property=\"og:title\" content=\"Pol\u00edtica de Devoluciones - NeilMed Mexico Web Store\" \/>\n<meta property=\"og:description\" content=\"TGracias por comprar SINU RINSE\u2122. Si alguno de los componentes del kit no se encuentra o est\u00e1 da\u00f1ado, por favor no realizar la devoluci\u00f3n. Enviar un correo electr\u00f3nico a questions@neilmed.com o llame a nuestro servicio del cliente al +56 2 26624858. Le enviaremos los reemplazos GRATIS si realiza la llamada dentro de los 10 d\u00edas&hellip;\" \/>\n<meta property=\"og:url\" content=\"https:\/\/webstore.neilmed.com\/mx\/return-policy\/\" \/>\n<meta property=\"og:site_name\" content=\"NeilMed Mexico Web Store\" \/>\n<meta property=\"article:publisher\" content=\"https:\/\/www.facebook.com\/neilmedcr\" \/>\n<meta property=\"article:modified_time\" content=\"2022-09-29T00:32:11+00:00\" \/>\n<meta name=\"twitter:card\" content=\"summary_large_image\" \/>\n<meta name=\"twitter:site\" content=\"@neilmed\" \/>\n<meta name=\"twitter:label1\" content=\"Tiempo de lectura\" \/>\n\t<meta name=\"twitter:data1\" content=\"1 minuto\" \/>\n<script type=\"application\/ld+json\" class=\"yoast-schema-graph\">{\"@context\":\"https:\\\/\\\/schema.org\",\"@graph\":[{\"@type\":\"WebPage\",\"@id\":\"https:\\\/\\\/webstore.neilmed.com\\\/mx\\\/return-policy\\\/\",\"url\":\"https:\\\/\\\/webstore.neilmed.com\\\/mx\\\/return-policy\\\/\",\"name\":\"Pol\u00edtica de Devoluciones - NeilMed Mexico Web Store\",\"isPartOf\":{\"@id\":\"https:\\\/\\\/webstore.neilmed.com\\\/mx\\\/#website\"},\"datePublished\":\"2018-05-24T00:43:59+00:00\",\"dateModified\":\"2022-09-29T00:32:11+00:00\",\"breadcrumb\":{\"@id\":\"https:\\\/\\\/webstore.neilmed.com\\\/mx\\\/return-policy\\\/#breadcrumb\"},\"inLanguage\":\"es\",\"potentialAction\":[{\"@type\":\"ReadAction\",\"target\":[\"https:\\\/\\\/webstore.neilmed.com\\\/mx\\\/return-policy\\\/\"]}]},{\"@type\":\"BreadcrumbList\",\"@id\":\"https:\\\/\\\/webstore.neilmed.com\\\/mx\\\/return-policy\\\/#breadcrumb\",\"itemListElement\":[{\"@type\":\"ListItem\",\"position\":1,\"name\":\"Home\",\"item\":\"https:\\\/\\\/webstore.neilmed.com\\\/mx\\\/\"},{\"@type\":\"ListItem\",\"position\":2,\"name\":\"Pol\u00edtica de Devoluciones\"}]},{\"@type\":\"WebSite\",\"@id\":\"https:\\\/\\\/webstore.neilmed.com\\\/mx\\\/#website\",\"url\":\"https:\\\/\\\/webstore.neilmed.com\\\/mx\\\/\",\"name\":\"NeilMed Mexico Web Store\",\"description\":\"\",\"publisher\":{\"@id\":\"https:\\\/\\\/webstore.neilmed.com\\\/mx\\\/#organization\"},\"potentialAction\":[{\"@type\":\"SearchAction\",\"target\":{\"@type\":\"EntryPoint\",\"urlTemplate\":\"https:\\\/\\\/webstore.neilmed.com\\\/mx\\\/?s={search_term_string}\"},\"query-input\":{\"@type\":\"PropertyValueSpecification\",\"valueRequired\":true,\"valueName\":\"search_term_string\"}}],\"inLanguage\":\"es\"},{\"@type\":\"Organization\",\"@id\":\"https:\\\/\\\/webstore.neilmed.com\\\/mx\\\/#organization\",\"name\":\"NeilMed Mexico Web Store\",\"url\":\"https:\\\/\\\/webstore.neilmed.com\\\/mx\\\/\",\"logo\":{\"@type\":\"ImageObject\",\"inLanguage\":\"es\",\"@id\":\"https:\\\/\\\/webstore.neilmed.com\\\/mx\\\/#\\\/schema\\\/logo\\\/image\\\/\",\"url\":\"https:\\\/\\\/webstore.neilmed.com\\\/mx\\\/wp-content\\\/uploads\\\/2022\\\/05\\\/neilmed-LG_SR_TM.svg\",\"contentUrl\":\"https:\\\/\\\/webstore.neilmed.com\\\/mx\\\/wp-content\\\/uploads\\\/2022\\\/05\\\/neilmed-LG_SR_TM.svg\",\"width\":\"1024\",\"height\":\"1024\",\"caption\":\"NeilMed Mexico Web Store\"},\"image\":{\"@id\":\"https:\\\/\\\/webstore.neilmed.com\\\/mx\\\/#\\\/schema\\\/logo\\\/image\\\/\"},\"sameAs\":[\"https:\\\/\\\/www.facebook.com\\\/neilmedcr\",\"https:\\\/\\\/x.com\\\/neilmed\",\"https:\\\/\\\/www.instagram.com\\\/neilmed\",\"https:\\\/\\\/www.youtube.com\\\/neilmed1\"]}]}<\/script>\n<!-- \/ Yoast SEO plugin. -->","yoast_head_json":{"title":"Pol\u00edtica de Devoluciones - NeilMed Mexico Web Store","robots":{"index":"index","follow":"follow","max-snippet":"max-snippet:-1","max-image-preview":"max-image-preview:large","max-video-preview":"max-video-preview:-1"},"canonical":"https:\/\/webstore.neilmed.com\/mx\/return-policy\/","og_locale":"es_MX","og_type":"article","og_title":"Pol\u00edtica de Devoluciones - NeilMed Mexico Web Store","og_description":"TGracias por comprar SINU RINSE\u2122. Si alguno de los componentes del kit no se encuentra o est\u00e1 da\u00f1ado, por favor no realizar la devoluci\u00f3n. Enviar un correo electr\u00f3nico a questions@neilmed.com o llame a nuestro servicio del cliente al +56 2 26624858. Le enviaremos los reemplazos GRATIS si realiza la llamada dentro de los 10 d\u00edas&hellip;","og_url":"https:\/\/webstore.neilmed.com\/mx\/return-policy\/","og_site_name":"NeilMed Mexico Web Store","article_publisher":"https:\/\/www.facebook.com\/neilmedcr","article_modified_time":"2022-09-29T00:32:11+00:00","twitter_card":"summary_large_image","twitter_site":"@neilmed","twitter_misc":{"Tiempo de lectura":"1 minuto"},"schema":{"@context":"https:\/\/schema.org","@graph":[{"@type":"WebPage","@id":"https:\/\/webstore.neilmed.com\/mx\/return-policy\/","url":"https:\/\/webstore.neilmed.com\/mx\/return-policy\/","name":"Pol\u00edtica de Devoluciones - NeilMed Mexico Web Store","isPartOf":{"@id":"https:\/\/webstore.neilmed.com\/mx\/#website"},"datePublished":"2018-05-24T00:43:59+00:00","dateModified":"2022-09-29T00:32:11+00:00","breadcrumb":{"@id":"https:\/\/webstore.neilmed.com\/mx\/return-policy\/#breadcrumb"},"inLanguage":"es","potentialAction":[{"@type":"ReadAction","target":["https:\/\/webstore.neilmed.com\/mx\/return-policy\/"]}]},{"@type":"BreadcrumbList","@id":"https:\/\/webstore.neilmed.com\/mx\/return-policy\/#breadcrumb","itemListElement":[{"@type":"ListItem","position":1,"name":"Home","item":"https:\/\/webstore.neilmed.com\/mx\/"},{"@type":"ListItem","position":2,"name":"Pol\u00edtica de Devoluciones"}]},{"@type":"WebSite","@id":"https:\/\/webstore.neilmed.com\/mx\/#website","url":"https:\/\/webstore.neilmed.com\/mx\/","name":"NeilMed Mexico Web Store","description":"","publisher":{"@id":"https:\/\/webstore.neilmed.com\/mx\/#organization"},"potentialAction":[{"@type":"SearchAction","target":{"@type":"EntryPoint","urlTemplate":"https:\/\/webstore.neilmed.com\/mx\/?s={search_term_string}"},"query-input":{"@type":"PropertyValueSpecification","valueRequired":true,"valueName":"search_term_string"}}],"inLanguage":"es"},{"@type":"Organization","@id":"https:\/\/webstore.neilmed.com\/mx\/#organization","name":"NeilMed Mexico Web Store","url":"https:\/\/webstore.neilmed.com\/mx\/","logo":{"@type":"ImageObject","inLanguage":"es","@id":"https:\/\/webstore.neilmed.com\/mx\/#\/schema\/logo\/image\/","url":"https:\/\/webstore.neilmed.com\/mx\/wp-content\/uploads\/2022\/05\/neilmed-LG_SR_TM.svg","contentUrl":"https:\/\/webstore.neilmed.com\/mx\/wp-content\/uploads\/2022\/05\/neilmed-LG_SR_TM.svg","width":"1024","height":"1024","caption":"NeilMed Mexico Web Store"},"image":{"@id":"https:\/\/webstore.neilmed.com\/mx\/#\/schema\/logo\/image\/"},"sameAs":["https:\/\/www.facebook.com\/neilmedcr","https:\/\/x.com\/neilmed","https:\/\/www.instagram.com\/neilmed","https:\/\/www.youtube.com\/neilmed1"]}]}},"jetpack_sharing_enabled":true,"_links":{"self":[{"href":"https:\/\/webstore.neilmed.com\/mx\/wp-json\/wp\/v2\/pages\/5595","targetHints":{"allow":["GET"]}}],"collection":[{"href":"https:\/\/webstore.neilmed.com\/mx\/wp-json\/wp\/v2\/pages"}],"about":[{"href":"https:\/\/webstore.neilmed.com\/mx\/wp-json\/wp\/v2\/types\/page"}],"author":[{"embeddable":true,"href":"https:\/\/webstore.neilmed.com\/mx\/wp-json\/wp\/v2\/users\/1"}],"replies":[{"embeddable":true,"href":"https:\/\/webstore.neilmed.com\/mx\/wp-json\/wp\/v2\/comments?post=5595"}],"version-history":[{"count":6,"href":"https:\/\/webstore.neilmed.com\/mx\/wp-json\/wp\/v2\/pages\/5595\/revisions"}],"predecessor-version":[{"id":6030,"href":"https:\/\/webstore.neilmed.com\/mx\/wp-json\/wp\/v2\/pages\/5595\/revisions\/6030"}],"wp:attachment":[{"href":"https:\/\/webstore.neilmed.com\/mx\/wp-json\/wp\/v2\/media?parent=5595"}],"curies":[{"name":"wp","href":"https:\/\/api.w.org\/{rel}","templated":true}]}}