{"id":5696,"date":"2018-05-31T17:12:13","date_gmt":"2018-05-31T22:12:13","guid":{"rendered":"https:\/\/webstore.neilmed.com\/mx\/?post_type=product&#038;p=5696"},"modified":"2026-01-06T15:46:36","modified_gmt":"2026-01-06T21:46:36","slug":"nasamist-isotonico-75-ml","status":"publish","type":"product","link":"https:\/\/webstore.neilmed.com\/mx\/product\/nasamist-isotonico-75-ml\/","title":{"rendered":"NasaMist Isot\u00f3nico 75-ml"},"content":{"rendered":"<p>NasaMist\u00ae Soluci\u00f3n Salina Isot\u00f3nica es un spray calmante natural est\u00e9ril. Rociando una suave niebla fina en la nariz es una excelente forma de mantener las fosas nasales hidratadas. NasaMist\u00ae Soluci\u00f3n Isot\u00f3nica viene en dos presentaciones; isot\u00f3nica e hipert\u00f3nica de alta concentraci\u00f3n. Los sprays nasales no deben ser confundidos con sistemas de riego de gran volumen como SINUS RINSE\u2122\u00a0 Nasal Wash.<\/p>\n<p>NasaMist\u00ae Spray Salino ayuda a aliviar:<br \/>\n* Alergias nasales y sequedad<br \/>\n* Sinusitis rinitis<br \/>\n* Asma al\u00e9rgica<br \/>\n* Post goteo nasal<br \/>\n* Presi\u00f3n sinusal y Congesti\u00f3n nasal<br \/>\n* S\u00edntomas del resfr\u00edo y gripe<br \/>\n* Irritaci\u00f3n nasal ocupacional y polvo de la casa, humo, caspa de los animales, c\u00e9sped, polen, contaminantes ambientales<\/p>\n<p><b>Contiene:<\/b><br \/>\n* 1 frasco 75-mL (2,53 fl oz)<br \/>\n* Folleto educativo e instrucciones de uso<\/p>\n<p><b>Instrucciones de Uso y Advertencias<br \/>\n<\/b>Por favor lea las Advertencias antes de usar.<br \/>\nUSAR S\u00d3LO COMO SE INDICA, SI LOS S\u00cdNTOMAS PERSISTEN VISITE UN M\u00c9DICO O PROFESIONAL DE LA SALUD SIEMPRE LEA LA ETIQUETA<\/p>\n<p>Paso 1: Insertar la boquilla en la fosa nasal y presione la v\u00e1lvula suavemente hasta que el volumen adecuado haya sido rociado, y las fosas nasales est\u00e9n hidratadas.<br \/>\nPaso 2: Repita el mismo procedimiento para la otra fosa nasal. En el caso de beb\u00e9s y ni\u00f1os, no insertar la boquilla m\u00e1s all\u00e1 del ribete. Utilice tan a menudo como sea necesario para hidratar.<\/p>\n<p><span style=\"color: #ff0000;\"><b>ADVERTENCIAS<\/b><\/span><\/p>\n<p>\u2022 El sistema est\u00e1 dise\u00f1ado para un solo usuario, reduciendo el riesgo de contaminaci\u00f3n<br \/>\n\u2022 No bloquear completamente u ocluir pasaje nasal durante su uso para evitar cualquier presi\u00f3n en la nariz y los o\u00eddos<br \/>\n\u2022 Mantener fuera del alcance de los ni\u00f1os<br \/>\n\u2022 Contenido bajo presi\u00f3n; por favor no perfore ni incinere<br \/>\n\u2022 Almacenar entre 41\u00b0F (5\u00b0C) y 131\u00b0F (55\u00b0C), fuera de la luz solar, y lejos de fuentes de calor. Evitar la congelaci\u00f3n<br \/>\n\u2022 Consulte a un m\u00e9dico antes de su uso en beb\u00e9s y ni\u00f1os peque\u00f1os<\/p>\n<p>*Comparado a soluci\u00f3n Isot\u00f3nica<\/p>\n","protected":false},"excerpt":{"rendered":"<p>NasaMist\u00ae Soluci\u00f3n salina isot\u00f3nica spray para proteger, limpiar, hidratar y suavizar sus delicadas fosas nasales.<\/p>\n","protected":false},"featured_media":6221,"template":"","meta":{"inline_featured_image":false},"product_brand":[],"product_cat":[71,79],"product_tag":[],"class_list":{"0":"post-5696","1":"product","2":"type-product","3":"status-publish","4":"has-post-thumbnail","6":"product_cat-cuidado-nasal","7":"product_cat-spray-solucion-salina-esteril","9":"first","10":"instock","11":"shipping-taxable","12":"purchasable","13":"product-type-simple"},"yoast_head":"<!-- This site is optimized with the Yoast SEO plugin v27.3 - https:\/\/yoast.com\/product\/yoast-seo-wordpress\/ -->\n<title>NasaMist Isot\u00f3nico 75-ml - NeilMed Mexico Web Store<\/title>\n<meta name=\"robots\" content=\"index, follow, max-snippet:-1, max-image-preview:large, max-video-preview:-1\" \/>\n<link rel=\"canonical\" href=\"https:\/\/webstore.neilmed.com\/mx\/product\/nasamist-isotonico-75-ml\/\" \/>\n<meta property=\"og:locale\" content=\"es_MX\" \/>\n<meta property=\"og:type\" content=\"article\" \/>\n<meta property=\"og:title\" content=\"NasaMist Isot\u00f3nico 75-ml - NeilMed Mexico Web Store\" \/>\n<meta property=\"og:description\" content=\"NasaMist\u00ae Soluci\u00f3n salina isot\u00f3nica spray para proteger, limpiar, hidratar y suavizar sus delicadas fosas nasales.\" \/>\n<meta property=\"og:url\" content=\"https:\/\/webstore.neilmed.com\/mx\/product\/nasamist-isotonico-75-ml\/\" \/>\n<meta property=\"og:site_name\" content=\"NeilMed Mexico Web Store\" \/>\n<meta property=\"article:publisher\" content=\"https:\/\/www.facebook.com\/neilmedcr\" \/>\n<meta property=\"article:modified_time\" content=\"2026-01-06T21:46:36+00:00\" \/>\n<meta property=\"og:image\" content=\"https:\/\/webstore.neilmed.com\/mx\/wp-content\/uploads\/2018\/05\/2701-SPD-INT-Rev1-RIGHT.png\" \/>\n\t<meta property=\"og:image:width\" content=\"870\" \/>\n\t<meta property=\"og:image:height\" content=\"870\" \/>\n\t<meta property=\"og:image:type\" content=\"image\/png\" \/>\n<meta name=\"twitter:card\" content=\"summary_large_image\" \/>\n<meta name=\"twitter:site\" content=\"@neilmed\" \/>\n<meta name=\"twitter:label1\" content=\"Tiempo de lectura\" \/>\n\t<meta name=\"twitter:data1\" content=\"2 minutos\" \/>\n<script type=\"application\/ld+json\" class=\"yoast-schema-graph\">{\"@context\":\"https:\\\/\\\/schema.org\",\"@graph\":[{\"@type\":\"WebPage\",\"@id\":\"https:\\\/\\\/webstore.neilmed.com\\\/mx\\\/product\\\/nasamist-isotonico-75-ml\\\/\",\"url\":\"https:\\\/\\\/webstore.neilmed.com\\\/mx\\\/product\\\/nasamist-isotonico-75-ml\\\/\",\"name\":\"NasaMist Isot\u00f3nico 75-ml - NeilMed Mexico Web Store\",\"isPartOf\":{\"@id\":\"https:\\\/\\\/webstore.neilmed.com\\\/mx\\\/#website\"},\"primaryImageOfPage\":{\"@id\":\"https:\\\/\\\/webstore.neilmed.com\\\/mx\\\/product\\\/nasamist-isotonico-75-ml\\\/#primaryimage\"},\"image\":{\"@id\":\"https:\\\/\\\/webstore.neilmed.com\\\/mx\\\/product\\\/nasamist-isotonico-75-ml\\\/#primaryimage\"},\"thumbnailUrl\":\"https:\\\/\\\/i0.wp.com\\\/webstore.neilmed.com\\\/mx\\\/wp-content\\\/uploads\\\/2018\\\/05\\\/2701-SPD-INT-Rev1-RIGHT.png?fit=870%2C870&ssl=1\",\"datePublished\":\"2018-05-31T22:12:13+00:00\",\"dateModified\":\"2026-01-06T21:46:36+00:00\",\"breadcrumb\":{\"@id\":\"https:\\\/\\\/webstore.neilmed.com\\\/mx\\\/product\\\/nasamist-isotonico-75-ml\\\/#breadcrumb\"},\"inLanguage\":\"es\",\"potentialAction\":[{\"@type\":\"ReadAction\",\"target\":[\"https:\\\/\\\/webstore.neilmed.com\\\/mx\\\/product\\\/nasamist-isotonico-75-ml\\\/\"]}]},{\"@type\":\"ImageObject\",\"inLanguage\":\"es\",\"@id\":\"https:\\\/\\\/webstore.neilmed.com\\\/mx\\\/product\\\/nasamist-isotonico-75-ml\\\/#primaryimage\",\"url\":\"https:\\\/\\\/i0.wp.com\\\/webstore.neilmed.com\\\/mx\\\/wp-content\\\/uploads\\\/2018\\\/05\\\/2701-SPD-INT-Rev1-RIGHT.png?fit=870%2C870&ssl=1\",\"contentUrl\":\"https:\\\/\\\/i0.wp.com\\\/webstore.neilmed.com\\\/mx\\\/wp-content\\\/uploads\\\/2018\\\/05\\\/2701-SPD-INT-Rev1-RIGHT.png?fit=870%2C870&ssl=1\",\"width\":870,\"height\":870,\"caption\":\"NasaMist Isotonic Product Box\"},{\"@type\":\"BreadcrumbList\",\"@id\":\"https:\\\/\\\/webstore.neilmed.com\\\/mx\\\/product\\\/nasamist-isotonico-75-ml\\\/#breadcrumb\",\"itemListElement\":[{\"@type\":\"ListItem\",\"position\":1,\"name\":\"Home\",\"item\":\"https:\\\/\\\/webstore.neilmed.com\\\/mx\\\/\"},{\"@type\":\"ListItem\",\"position\":2,\"name\":\"Productos\",\"item\":\"https:\\\/\\\/webstore.neilmed.com\\\/mx\\\/shop\\\/\"},{\"@type\":\"ListItem\",\"position\":3,\"name\":\"NasaMist Isot\u00f3nico 75-ml\"}]},{\"@type\":\"WebSite\",\"@id\":\"https:\\\/\\\/webstore.neilmed.com\\\/mx\\\/#website\",\"url\":\"https:\\\/\\\/webstore.neilmed.com\\\/mx\\\/\",\"name\":\"NeilMed Mexico Web Store\",\"description\":\"\",\"publisher\":{\"@id\":\"https:\\\/\\\/webstore.neilmed.com\\\/mx\\\/#organization\"},\"potentialAction\":[{\"@type\":\"SearchAction\",\"target\":{\"@type\":\"EntryPoint\",\"urlTemplate\":\"https:\\\/\\\/webstore.neilmed.com\\\/mx\\\/?s={search_term_string}\"},\"query-input\":{\"@type\":\"PropertyValueSpecification\",\"valueRequired\":true,\"valueName\":\"search_term_string\"}}],\"inLanguage\":\"es\"},{\"@type\":\"Organization\",\"@id\":\"https:\\\/\\\/webstore.neilmed.com\\\/mx\\\/#organization\",\"name\":\"NeilMed Mexico Web Store\",\"url\":\"https:\\\/\\\/webstore.neilmed.com\\\/mx\\\/\",\"logo\":{\"@type\":\"ImageObject\",\"inLanguage\":\"es\",\"@id\":\"https:\\\/\\\/webstore.neilmed.com\\\/mx\\\/#\\\/schema\\\/logo\\\/image\\\/\",\"url\":\"https:\\\/\\\/webstore.neilmed.com\\\/mx\\\/wp-content\\\/uploads\\\/2022\\\/05\\\/neilmed-LG_SR_TM.svg\",\"contentUrl\":\"https:\\\/\\\/webstore.neilmed.com\\\/mx\\\/wp-content\\\/uploads\\\/2022\\\/05\\\/neilmed-LG_SR_TM.svg\",\"width\":\"1024\",\"height\":\"1024\",\"caption\":\"NeilMed Mexico Web Store\"},\"image\":{\"@id\":\"https:\\\/\\\/webstore.neilmed.com\\\/mx\\\/#\\\/schema\\\/logo\\\/image\\\/\"},\"sameAs\":[\"https:\\\/\\\/www.facebook.com\\\/neilmedcr\",\"https:\\\/\\\/x.com\\\/neilmed\",\"https:\\\/\\\/www.instagram.com\\\/neilmed\",\"https:\\\/\\\/www.youtube.com\\\/neilmed1\"]}]}<\/script>\n<!-- \/ Yoast SEO plugin. -->","yoast_head_json":{"title":"NasaMist Isot\u00f3nico 75-ml - NeilMed Mexico Web Store","robots":{"index":"index","follow":"follow","max-snippet":"max-snippet:-1","max-image-preview":"max-image-preview:large","max-video-preview":"max-video-preview:-1"},"canonical":"https:\/\/webstore.neilmed.com\/mx\/product\/nasamist-isotonico-75-ml\/","og_locale":"es_MX","og_type":"article","og_title":"NasaMist Isot\u00f3nico 75-ml - NeilMed Mexico Web Store","og_description":"NasaMist\u00ae Soluci\u00f3n salina isot\u00f3nica spray para proteger, limpiar, hidratar y suavizar sus delicadas fosas nasales.","og_url":"https:\/\/webstore.neilmed.com\/mx\/product\/nasamist-isotonico-75-ml\/","og_site_name":"NeilMed Mexico Web Store","article_publisher":"https:\/\/www.facebook.com\/neilmedcr","article_modified_time":"2026-01-06T21:46:36+00:00","og_image":[{"width":870,"height":870,"url":"https:\/\/webstore.neilmed.com\/mx\/wp-content\/uploads\/2018\/05\/2701-SPD-INT-Rev1-RIGHT.png","type":"image\/png"}],"twitter_card":"summary_large_image","twitter_site":"@neilmed","twitter_misc":{"Tiempo de lectura":"2 minutos"},"schema":{"@context":"https:\/\/schema.org","@graph":[{"@type":"WebPage","@id":"https:\/\/webstore.neilmed.com\/mx\/product\/nasamist-isotonico-75-ml\/","url":"https:\/\/webstore.neilmed.com\/mx\/product\/nasamist-isotonico-75-ml\/","name":"NasaMist Isot\u00f3nico 75-ml - NeilMed Mexico Web Store","isPartOf":{"@id":"https:\/\/webstore.neilmed.com\/mx\/#website"},"primaryImageOfPage":{"@id":"https:\/\/webstore.neilmed.com\/mx\/product\/nasamist-isotonico-75-ml\/#primaryimage"},"image":{"@id":"https:\/\/webstore.neilmed.com\/mx\/product\/nasamist-isotonico-75-ml\/#primaryimage"},"thumbnailUrl":"https:\/\/i0.wp.com\/webstore.neilmed.com\/mx\/wp-content\/uploads\/2018\/05\/2701-SPD-INT-Rev1-RIGHT.png?fit=870%2C870&ssl=1","datePublished":"2018-05-31T22:12:13+00:00","dateModified":"2026-01-06T21:46:36+00:00","breadcrumb":{"@id":"https:\/\/webstore.neilmed.com\/mx\/product\/nasamist-isotonico-75-ml\/#breadcrumb"},"inLanguage":"es","potentialAction":[{"@type":"ReadAction","target":["https:\/\/webstore.neilmed.com\/mx\/product\/nasamist-isotonico-75-ml\/"]}]},{"@type":"ImageObject","inLanguage":"es","@id":"https:\/\/webstore.neilmed.com\/mx\/product\/nasamist-isotonico-75-ml\/#primaryimage","url":"https:\/\/i0.wp.com\/webstore.neilmed.com\/mx\/wp-content\/uploads\/2018\/05\/2701-SPD-INT-Rev1-RIGHT.png?fit=870%2C870&ssl=1","contentUrl":"https:\/\/i0.wp.com\/webstore.neilmed.com\/mx\/wp-content\/uploads\/2018\/05\/2701-SPD-INT-Rev1-RIGHT.png?fit=870%2C870&ssl=1","width":870,"height":870,"caption":"NasaMist Isotonic Product Box"},{"@type":"BreadcrumbList","@id":"https:\/\/webstore.neilmed.com\/mx\/product\/nasamist-isotonico-75-ml\/#breadcrumb","itemListElement":[{"@type":"ListItem","position":1,"name":"Home","item":"https:\/\/webstore.neilmed.com\/mx\/"},{"@type":"ListItem","position":2,"name":"Productos","item":"https:\/\/webstore.neilmed.com\/mx\/shop\/"},{"@type":"ListItem","position":3,"name":"NasaMist Isot\u00f3nico 75-ml"}]},{"@type":"WebSite","@id":"https:\/\/webstore.neilmed.com\/mx\/#website","url":"https:\/\/webstore.neilmed.com\/mx\/","name":"NeilMed Mexico Web Store","description":"","publisher":{"@id":"https:\/\/webstore.neilmed.com\/mx\/#organization"},"potentialAction":[{"@type":"SearchAction","target":{"@type":"EntryPoint","urlTemplate":"https:\/\/webstore.neilmed.com\/mx\/?s={search_term_string}"},"query-input":{"@type":"PropertyValueSpecification","valueRequired":true,"valueName":"search_term_string"}}],"inLanguage":"es"},{"@type":"Organization","@id":"https:\/\/webstore.neilmed.com\/mx\/#organization","name":"NeilMed Mexico Web Store","url":"https:\/\/webstore.neilmed.com\/mx\/","logo":{"@type":"ImageObject","inLanguage":"es","@id":"https:\/\/webstore.neilmed.com\/mx\/#\/schema\/logo\/image\/","url":"https:\/\/webstore.neilmed.com\/mx\/wp-content\/uploads\/2022\/05\/neilmed-LG_SR_TM.svg","contentUrl":"https:\/\/webstore.neilmed.com\/mx\/wp-content\/uploads\/2022\/05\/neilmed-LG_SR_TM.svg","width":"1024","height":"1024","caption":"NeilMed Mexico Web Store"},"image":{"@id":"https:\/\/webstore.neilmed.com\/mx\/#\/schema\/logo\/image\/"},"sameAs":["https:\/\/www.facebook.com\/neilmedcr","https:\/\/x.com\/neilmed","https:\/\/www.instagram.com\/neilmed","https:\/\/www.youtube.com\/neilmed1"]}]}},"jetpack_sharing_enabled":true,"_links":{"self":[{"href":"https:\/\/webstore.neilmed.com\/mx\/wp-json\/wp\/v2\/product\/5696","targetHints":{"allow":["GET"]}}],"collection":[{"href":"https:\/\/webstore.neilmed.com\/mx\/wp-json\/wp\/v2\/product"}],"about":[{"href":"https:\/\/webstore.neilmed.com\/mx\/wp-json\/wp\/v2\/types\/product"}],"wp:featuredmedia":[{"embeddable":true,"href":"https:\/\/webstore.neilmed.com\/mx\/wp-json\/wp\/v2\/media\/6221"}],"wp:attachment":[{"href":"https:\/\/webstore.neilmed.com\/mx\/wp-json\/wp\/v2\/media?parent=5696"}],"wp:term":[{"taxonomy":"product_brand","embeddable":true,"href":"https:\/\/webstore.neilmed.com\/mx\/wp-json\/wp\/v2\/product_brand?post=5696"},{"taxonomy":"product_cat","embeddable":true,"href":"https:\/\/webstore.neilmed.com\/mx\/wp-json\/wp\/v2\/product_cat?post=5696"},{"taxonomy":"product_tag","embeddable":true,"href":"https:\/\/webstore.neilmed.com\/mx\/wp-json\/wp\/v2\/product_tag?post=5696"}],"curies":[{"name":"wp","href":"https:\/\/api.w.org\/{rel}","templated":true}]}}